{"id":3478,"date":"2024-11-07T08:23:05","date_gmt":"2024-11-07T08:23:05","guid":{"rendered":"https:\/\/topkapipalace.gen.tr\/skip-the-line-tickets-to-topkapi-palace-harem\/"},"modified":"2025-07-24T12:35:08","modified_gmt":"2025-07-24T12:35:08","slug":"biglietti-salta-la-fila-per-palazzo-topkapi","status":"publish","type":"page","link":"https:\/\/topkapipalace.gen.tr\/it\/biglietti-salta-la-fila-per-palazzo-topkapi\/","title":{"rendered":"Biglietti salta la fila per Palazzo Topkapi e per l&#8217;harem con audioguida"},"content":{"rendered":"<p><span><img decoding=\"async\" alt=\"Biglietti salta fila per il Palazzo Topkapi e l'Harem con audioguida\" data-id=\"2457\" width=\"1200\" height=\"750\" title=\"Biglietti salta fila per il Museo del Palazzo Topkapi e l'Harem con audioguida\" src=\"https:\/\/topkapipalace.gen.tr\/wp-content\/uploads\/2024\/06\/Topkapi-Palace-Museum-Harem-Skip-the-Line-Tickets-with-Audio-Guide-1024x640.avif\" data-src=\"https:\/\/topkapipalace.gen.tr\/wp-content\/uploads\/2024\/06\/Topkapi-Palace-Museum-Harem-Skip-the-Line-Tickets-with-Audio-Guide-300x188.avif\" data-sizes=\"{&quot;thumbnail&quot;:{&quot;url&quot;:&quot;https:\/\/topkapipalace.gen.tr\/wp-content\/uploads\/2024\/06\/Topkapi-Palace-Museum-Harem-Skip-the-Line-Tickets-with-Audio-Guide-150x150.avif&quot;,&quot;height&quot;:150,&quot;width&quot;:150,&quot;orientation&quot;:&quot;landscape&quot;},&quot;medium&quot;:{&quot;url&quot;:&quot;https:\/\/topkapipalace.gen.tr\/wp-content\/uploads\/2024\/06\/Topkapi-Palace-Museum-Harem-Skip-the-Line-Tickets-with-Audio-Guide-300x188.avif&quot;,&quot;height&quot;:188,&quot;width&quot;:300,&quot;orientation&quot;:&quot;landscape&quot;},&quot;large&quot;:{&quot;url&quot;:&quot;https:\/\/topkapipalace.gen.tr\/wp-content\/uploads\/2024\/06\/Topkapi-Palace-Museum-Harem-Skip-the-Line-Tickets-with-Audio-Guide-1024x640.avif&quot;,&quot;height&quot;:640,&quot;width&quot;:1024,&quot;orientation&quot;:&quot;landscape&quot;},&quot;full&quot;:{&quot;url&quot;:&quot;https:\/\/topkapipalace.gen.tr\/wp-content\/uploads\/2024\/06\/Topkapi-Palace-Museum-Harem-Skip-the-Line-Tickets-with-Audio-Guide.avif&quot;,&quot;height&quot;:750,&quot;width&quot;:1200,&quot;orientation&quot;:&quot;landscape&quot;}}\" style=\"\" loading=\"lazy\"><\/span><span><img decoding=\"async\" alt=\"\" data-id=\"3000\" width=\"1434\" height=\"910\" title=\"Biglietti salta fila per il Palazzo Topkapi e l&#039;Harem con audioguida4\" src=\"https:\/\/topkapipalace.gen.tr\/wp-content\/uploads\/2024\/11\/Skip-the-Line-Tickets-to-Topkapi-Palace-Harem-with-Audio-Guide4-1024x650.png\" data-src=\"https:\/\/topkapipalace.gen.tr\/wp-content\/uploads\/2024\/11\/Skip-the-Line-Tickets-to-Topkapi-Palace-Harem-with-Audio-Guide4-300x190.png\" data-sizes=\"{&quot;thumbnail&quot;:{&quot;url&quot;:&quot;https:\/\/topkapipalace.gen.tr\/wp-content\/uploads\/2024\/11\/Skip-the-Line-Tickets-to-Topkapi-Palace-Harem-with-Audio-Guide4-150x150.png&quot;,&quot;height&quot;:150,&quot;width&quot;:150,&quot;orientation&quot;:&quot;landscape&quot;},&quot;medium&quot;:{&quot;url&quot;:&quot;https:\/\/topkapipalace.gen.tr\/wp-content\/uploads\/2024\/11\/Skip-the-Line-Tickets-to-Topkapi-Palace-Harem-with-Audio-Guide4-300x190.png&quot;,&quot;height&quot;:190,&quot;width&quot;:300,&quot;orientation&quot;:&quot;landscape&quot;},&quot;large&quot;:{&quot;url&quot;:&quot;https:\/\/topkapipalace.gen.tr\/wp-content\/uploads\/2024\/11\/Skip-the-Line-Tickets-to-Topkapi-Palace-Harem-with-Audio-Guide4-1024x650.png&quot;,&quot;height&quot;:650,&quot;width&quot;:1024,&quot;orientation&quot;:&quot;landscape&quot;},&quot;full&quot;:{&quot;url&quot;:&quot;https:\/\/topkapipalace.gen.tr\/wp-content\/uploads\/2024\/11\/Skip-the-Line-Tickets-to-Topkapi-Palace-Harem-with-Audio-Guide4.png&quot;,&quot;height&quot;:910,&quot;width&quot;:1434,&quot;orientation&quot;:&quot;landscape&quot;}}\" style=\"\" loading=\"lazy\"><\/span><span><img decoding=\"async\" alt=\"\" data-id=\"3003\" width=\"1440\" height=\"918\" title=\"Biglietti salta fila per il Palazzo Topkapi e l&#039;Harem con audioguida 2\" src=\"https:\/\/topkapipalace.gen.tr\/wp-content\/uploads\/2024\/11\/Skip-the-Line-Tickets-to-Topkapi-Palace-Harem-with-Audio-Guide-2-1024x653.png\" data-src=\"https:\/\/topkapipalace.gen.tr\/wp-content\/uploads\/2024\/11\/Skip-the-Line-Tickets-to-Topkapi-Palace-Harem-with-Audio-Guide-2-300x191.png\" data-sizes=\"{&quot;thumbnail&quot;:{&quot;url&quot;:&quot;https:\/\/topkapipalace.gen.tr\/wp-content\/uploads\/2024\/11\/Skip-the-Line-Tickets-to-Topkapi-Palace-Harem-with-Audio-Guide-2-150x150.png&quot;,&quot;height&quot;:150,&quot;width&quot;:150,&quot;orientation&quot;:&quot;landscape&quot;},&quot;medium&quot;:{&quot;url&quot;:&quot;https:\/\/topkapipalace.gen.tr\/wp-content\/uploads\/2024\/11\/Skip-the-Line-Tickets-to-Topkapi-Palace-Harem-with-Audio-Guide-2-300x191.png&quot;,&quot;height&quot;:191,&quot;width&quot;:300,&quot;orientation&quot;:&quot;landscape&quot;},&quot;large&quot;:{&quot;url&quot;:&quot;https:\/\/topkapipalace.gen.tr\/wp-content\/uploads\/2024\/11\/Skip-the-Line-Tickets-to-Topkapi-Palace-Harem-with-Audio-Guide-2-1024x653.png&quot;,&quot;height&quot;:653,&quot;width&quot;:1024,&quot;orientation&quot;:&quot;landscape&quot;},&quot;full&quot;:{&quot;url&quot;:&quot;https:\/\/topkapipalace.gen.tr\/wp-content\/uploads\/2024\/11\/Skip-the-Line-Tickets-to-Topkapi-Palace-Harem-with-Audio-Guide-2.png&quot;,&quot;height&quot;:918,&quot;width&quot;:1440,&quot;orientation&quot;:&quot;landscape&quot;}}\" style=\"\" loading=\"lazy\"><\/span><span><img decoding=\"async\" alt=\"\" data-id=\"3006\" width=\"1464\" height=\"892\" title=\"Biglietti salta fila per il Palazzo Topkapi e l&#039;Harem con audioguida 3\" src=\"https:\/\/topkapipalace.gen.tr\/wp-content\/uploads\/2024\/11\/Skip-the-Line-Tickets-to-Topkapi-Palace-Harem-with-Audio-Guide-3-1024x624.png\" data-src=\"https:\/\/topkapipalace.gen.tr\/wp-content\/uploads\/2024\/11\/Skip-the-Line-Tickets-to-Topkapi-Palace-Harem-with-Audio-Guide-3-300x183.png\" data-sizes=\"{&quot;thumbnail&quot;:{&quot;url&quot;:&quot;https:\/\/topkapipalace.gen.tr\/wp-content\/uploads\/2024\/11\/Skip-the-Line-Tickets-to-Topkapi-Palace-Harem-with-Audio-Guide-3-150x150.png&quot;,&quot;height&quot;:150,&quot;width&quot;:150,&quot;orientation&quot;:&quot;landscape&quot;},&quot;medium&quot;:{&quot;url&quot;:&quot;https:\/\/topkapipalace.gen.tr\/wp-content\/uploads\/2024\/11\/Skip-the-Line-Tickets-to-Topkapi-Palace-Harem-with-Audio-Guide-3-300x183.png&quot;,&quot;height&quot;:183,&quot;width&quot;:300,&quot;orientation&quot;:&quot;landscape&quot;},&quot;large&quot;:{&quot;url&quot;:&quot;https:\/\/topkapipalace.gen.tr\/wp-content\/uploads\/2024\/11\/Skip-the-Line-Tickets-to-Topkapi-Palace-Harem-with-Audio-Guide-3-1024x624.png&quot;,&quot;height&quot;:624,&quot;width&quot;:1024,&quot;orientation&quot;:&quot;landscape&quot;},&quot;full&quot;:{&quot;url&quot;:&quot;https:\/\/topkapipalace.gen.tr\/wp-content\/uploads\/2024\/11\/Skip-the-Line-Tickets-to-Topkapi-Palace-Harem-with-Audio-Guide-3.png&quot;,&quot;height&quot;:892,&quot;width&quot;:1464,&quot;orientation&quot;:&quot;landscape&quot;}}\" style=\"\" loading=\"lazy\"><\/span><\/p>\n<h1 data-qa-marker=\"product-name\">Biglietti salta fila per il Palazzo Topkapi e l&#8217;Harem con audioguida<\/h1>\n<h2><a href=\"https:\/\/www.headout.com\/r\/most-amazing-placesrecommends-rjAcY\/\" target=\"_blank\" rel=\"nofollow noopener\" style=\"outline: none;\">Per prenotare<\/a><\/h2>\n<h1><a href=\"https:\/\/www.headout.com\/r\/most-amazing-placesrecommends-rjAcY\/\" target=\"_blank\" rel=\"nofollow noopener\" style=\"outline: none;\" spellcheck=\"false\"><span style=\"font-weight: normal;\">da 64,90 \u20ac<\/span><\/a><\/h1>\n<p>Scopri la magnificenza dell\u2019Impero Ottomano con i <strong data-end=\"97\" data-start=\"50\">biglietti salta la fila per Palazzo Topkapi<\/strong> e visita il suo lussuoso Harem senza attese. Questo comodo biglietto include un&#8217;audioguida <strong>in<\/strong> dieci lingue, che ti permetter\u00e0 di immergerti nella ricca storia del palazzo senza dover aspettare.<\/p>\n<ul>\n<li style=\"\"><span>Biglietto consigliato<\/span><\/li>\n<li style=\"\"><span>Audioguida<\/span><\/li>\n<li style=\"\"><!--! Font Awesome Free 6.7.1 by @fontawesome - https:\/\/fontawesome.com License - https:\/\/fontawesome.com\/license\/free (Icons: CC BY 4.0, Fonts: SIL OFL 1.1, Code: MIT License) Copyright 2024 Fonticons, Inc. --><span>Biglietto mobile<\/span><\/li>\n<li style=\"\"><span>Accesso salta la fila<\/span><\/li>\n<li style=\"\"><span>Cancellazione gratuita<\/span><\/li>\n<\/ul>\n<h2>Cosa \u00e8 incluso<\/h2>\n<ul>\n<li style=\"\">                    <span>Biglietti salta la fila per Palazzo Topkapi con accesso incluso al Museo dell\u2019Harem<\/span><\/li>\n<li><span>Audioguida per il tuo smartphone (inglese, tedesco, francese, italiano, spagnolo)<\/span><\/li>\n<li><span>Assistenza di un rappresentante per guidarvi all&#8217;ingresso<\/span><\/li>\n<li><span>Visita guidata di 2 ore del Palazzo Topkapi e della Cisterna Basilica, inclusi i biglietti d&#8217;ingresso (facoltativi)<\/span><\/li>\n<li><span>Guida di lingua inglese (facoltativa)<\/span><\/li>\n<\/ul>\n<h2>Cosa non \u00e8 incluso<\/h2>\n<ul>\n<li style=\"\"><span>Guida dal vivo<\/span><\/li>\n<li style=\"\"><span>Salto della fila per i controlli di sicurezza (fino a 30 minuti durante l&#8217;alta stagione)<\/span><\/li>\n<li><span>Cuffie<\/span><\/li>\n<\/ul>\n<h2>Informazioni importanti<\/h2>\n<ul>\n<li style=\"\"><span>Puoi visitare il Palazzo Topkapi nelle seguenti fasce orarie nella data selezionata: 09:30,10:30, 11:30,12:30,13:30,14:30,15:30<\/span><\/li>\n<li style=\"\"><span>Incontratevi al punto d&#8217;incontro designato 15 minuti prima del vostro orario<\/span><\/li>\n<li style=\"\"><span>Importante: un rappresentante vi accompagner\u00e0 al palazzo. Non potete entrare da soli.<\/span><\/li>\n<li><span>Questa non \u00e8 una visita guidata. Incontrerete solo l&#8217;organizzatore, che vi fornir\u00e0 i biglietti.<\/span><\/li>\n<li><span>L&#8217;app audioguida deve essere scaricata prima dell&#8217;arrivo a causa dell&#8217;accesso limitato a Internet nel sito<\/span><\/li>\n<li><span>Porta le cuffie per l&#8217;esperienza dell&#8217;audioguida<\/span><\/li>\n<li><span>Il servizio salta fila non si applica alla fila per i controlli di sicurezza<\/span><\/li>\n<li><span>Entrate nel palazzo ed esploratelo al vostro ritmo fino all&#8217;orario di chiusura, alle 17:00.<\/span><\/li>\n<\/ul>\n<h2>Descrizione:<\/h2>\n<p>Immergiti nello splendore del Palazzo Topkapi, cuore dei sultani ottomani per secoli, ed esplora i suoi tesori<strong> al tuo ritmo <\/strong>con i <strong data-end=\"177\" data-start=\"130\">biglietti salta la fila per Palazzo Topkapi<\/strong>. Ammira le opulente sale dell&#8217;Harem, scopri la storia ottomana con un&#8217;audioguida multilingue e lasciati incantare dall&#8217;intricata architettura che cattura lo spirito lussuoso dell&#8217;epoca.<\/p>\n<h2>Punti salienti:<\/h2>\n<ul>\n<li>Salta le lunghe code ed entra nel sito storico pi\u00f9 celebre della Turchia<\/li>\n<li>Scopri le ricchezze pouf, tra cui gioielli e manufatti inestimabili<\/li>\n<li>Passeggiate nei lussureggianti giardini del palazzo e nei padiglioni decorati<\/li>\n<li>Ottieni informazioni con una guida audio disponibile in 10 lingue<\/li>\n<\/ul>\n<h2>Museo del Palazzo Topkapi&nbsp;<\/h2>\n<p dir=\"ltr\">Binbirdirek, Sultan Ahmet Park\u0131 No:2, 34122 Fatih\/Istanbul<\/p>\n<h2>Politica di cancellazione<\/h2>\n<p dir=\"ltr\">Cancellazione gratuita 24 ore prima dell&#8217;inizio dell&#8217;attivit\u00e0.<\/p>\n<h2>Punto d&#8217;incontro e istruzioni<\/h2>\n<p>Il punto di ritrovo \u00e8 presso il chiosco di Turquoise Tours &amp; Tickets all&#8217;interno del Topkapi Caf\u00e9. Il Topkapi Caf\u00e9 si trova all&#8217;esterno del Palazzo Topkapi, accanto all&#8217;area visitatori di Santa Sofia e alla Polizia Turistica. Una guida vi accoglier\u00e0 e vi accompagner\u00e0 all&#8217;interno del palazzo.<\/p>\n<p><a href=\"https:\/\/www.google.com\/maps\/search\/?api=1&amp;query=No%3A4%20So%C4%9Fuk%20%C3%87e%C5%9Fme%20Sokak%2034122%20Istanbul\" target=\"_blank\" rel=\"nofollow noopener\" style=\"outline: none;\" data-lt-tmp-id=\"lt-581789\" spellcheck=\"false\">Apri in Mappe<\/a><\/p>\n<h2>Recensioni e valutazioni<\/h2>\n<p><strong>4.2\/ 5&nbsp; <\/strong><strong>(6719 recensioni)<\/strong><\/p>\n<p><em>&#8220;La nostra guida Daphne \u00e8 stata fantastica! Conosceva la storia del Palazzo, aveva anche un Gsoh, e abbiamo adorato il tour di un&#8217;ora con lei \ud83d\ude0a&#8221; &#8211; Janeen, aprile 2025<\/em><\/p>\n<p><em>&#8220;Il giorno dedicato alla visita al palazzo pioveva a dirotto e faceva freddo, quindi il biglietto salta fila, che funziona benissimo, ci ha permesso di non prendere acqua almeno in coda. Il palazzo era bello e interessante, ma tutto aperto ea causa del maltempo \u00e8 stato visitato meno del previsto.&#8221; &#8211;<\/em> Elena, aprile 2025 <a href=\"https:\/\/www.headout.com\/r\/most-amazing-placesrecommends-rjAcY\/\" target=\"_blank\" rel=\"nofollow noopener\" style=\"outline: none;\">&gt;&gt; Altre recensioni<\/a><\/p>\n<h2>Alcune attivit\u00e0 che potrebbero piacerti<\/h2>\n<p><span># <\/span><strong><span>2<\/span><\/strong><span># <\/span><strong><span>2<\/span><\/strong><span><img decoding=\"async\" alt=\"\" data-id=\"2455\" width=\"159\" data-init-width=\"1200\" height=\"87\" data-init-height=\"678\" src=\"https:\/\/topkapipalace.gen.tr\/wp-content\/uploads\/2024\/06\/Hagia-Sophia-Blue-Mosque-Topkapi-Palace-Basilica-Cistern-Tickets.webp\" data-width=\"159\" data-height=\"87\" style=\"aspect-ratio: auto 1200 \/ 678;\" loading=\"lazy\" title=\"Biglietti per Santa Sofia, Moschea Blu, Palazzo Topkapi, Basilica Cisterna\" data-><\/span><\/p>\n<table>\n<tbody>\n<tr>\n<td><a href=\"https:\/\/megapass.com\/tours-tickets\/istanbul-vip-combo-ticket-i705?discountCode=ma-places\" target=\"_blank\" rel=\"nofollow noopener\" style=\"outline: none;\" data-lt-tmp-id=\"lt-569507\" spellcheck=\"false\">Basilica di Santa Sofia, Palazzo Topkapi e Basilica Cisterna<\/a><\/td>\n<\/tr>\n<\/tbody>\n<\/table>\n<p dir=\"ltr\">Scopri l&#8217;essenza di Istanbul: il Palazzo Topkapi, la Basilica di Santa Sofia e la misteriosa Basilica Cisterna con biglietti validi tutto il giorno, incluso l&#8217;accesso salta fila!<\/p>\n<h3 style=\"\">Prezzo totale<\/h3>\n<h3 style=\"\">Non ti verr\u00e0 ancora addebitato alcun importo<\/h3>\n<p><span># <\/span><strong><span>2<\/span><\/strong><span><img decoding=\"async\" alt=\"Biglietti per il Palazzo Dolmabah\u00e7e, Santa Sofia e la Basilica della Cisterna\" data-id=\"2746\" width=\"159\" data-init-width=\"300\" height=\"113\" data-init-height=\"214\" src=\"https:\/\/topkapipalace.gen.tr\/wp-content\/uploads\/2024\/09\/Dolmabahce-Palace-Hagia-Sophia-Basilica-Cistern-Tickets-300x214.png\" data-width=\"159\" data-height=\"113\" style=\"aspect-ratio: auto 300 \/ 214;\" loading=\"lazy\" data- title=\"\"><\/span><\/p>\n<table>\n<tbody>\n<tr>\n<td><a href=\"https:\/\/megapass.com\/tours-tickets\/basilica-cistern-topkapi-palace-tickets-i2093?discountCode=ma-places\" target=\"_blank\" rel=\"nofollow noopener\" style=\"outline: none;\" data-lt-tmp-id=\"lt-585160\" spellcheck=\"false\">Biglietti per la Cisterna Basilica e il Palazzo Topkapi<\/a><\/td>\n<\/tr>\n<\/tbody>\n<\/table>\n<p dir=\"ltr\">Massimizza i tuoi risparmi con questa combinazione 2 in 1! Esplora l&#8217;iconico Palazzo Topkapi e la Cisterna Basilica di Istanbul al tuo ritmo. Con i biglietti salta fila in tasca e un&#8217;audioguida al tuo fianco, potrai immergerti nella sua ricca storia.<\/p>\n<h3 style=\"\">Prezzo totale<\/h3>\n<h3 style=\"\">Non ti verr\u00e0 ancora addebitato alcun importo<\/h3>\n<\/p>\n<h2><a href=\"https:\/\/www.headout.com\/r\/most-amazing-placesrecommends-rjAcY\/\" target=\"_blank\" rel=\"nofollow noopener\" style=\"outline: none;\">Per prenotare<\/a><\/h2>\n<h1><a href=\"https:\/\/www.headout.com\/r\/most-amazing-placesrecommends-rjAcY\/\" target=\"_blank\" rel=\"nofollow noopener\" style=\"outline: none;\">da 64,90 \u20ac<\/a><\/h1>\n<p style=\"\">Non ti verr\u00e0 ancora addebitato alcun importo<\/p>\n","protected":false},"excerpt":{"rendered":"<p>Biglietti salta fila per il Palazzo Topkapi e l&#8217;Harem con audioguida Per prenotare da 64,90 \u20ac Scopri la magnificenza dell\u2019Impero Ottomano con i biglietti salta la fila per Palazzo Topkapi e visita il suo lussuoso Harem senza attese. Questo comodo biglietto include un&#8217;audioguida in dieci lingue, che ti permetter\u00e0 di immergerti nella ricca storia del [&hellip;]<\/p>\n","protected":false},"author":5,"featured_media":3479,"parent":0,"menu_order":0,"comment_status":"closed","ping_status":"closed","template":"","meta":{"footnotes":""},"class_list":["post-3478","page","type-page","status-publish","has-post-thumbnail","hentry","post-wrapper","thrv_wrapper"],"wp-worthy-pixel":{"ignored":false,"public":null,"server":null,"url":null},"wp-worthy-type":"normal","_links":{"self":[{"href":"https:\/\/topkapipalace.gen.tr\/it\/wp-json\/wp\/v2\/pages\/3478","targetHints":{"allow":["GET"]}}],"collection":[{"href":"https:\/\/topkapipalace.gen.tr\/it\/wp-json\/wp\/v2\/pages"}],"about":[{"href":"https:\/\/topkapipalace.gen.tr\/it\/wp-json\/wp\/v2\/types\/page"}],"author":[{"embeddable":true,"href":"https:\/\/topkapipalace.gen.tr\/it\/wp-json\/wp\/v2\/users\/5"}],"replies":[{"embeddable":true,"href":"https:\/\/topkapipalace.gen.tr\/it\/wp-json\/wp\/v2\/comments?post=3478"}],"version-history":[{"count":8,"href":"https:\/\/topkapipalace.gen.tr\/it\/wp-json\/wp\/v2\/pages\/3478\/revisions"}],"predecessor-version":[{"id":3973,"href":"https:\/\/topkapipalace.gen.tr\/it\/wp-json\/wp\/v2\/pages\/3478\/revisions\/3973"}],"wp:featuredmedia":[{"embeddable":true,"href":"https:\/\/topkapipalace.gen.tr\/it\/wp-json\/wp\/v2\/media\/3479"}],"wp:attachment":[{"href":"https:\/\/topkapipalace.gen.tr\/it\/wp-json\/wp\/v2\/media?parent=3478"}],"curies":[{"name":"wp","href":"https:\/\/api.w.org\/{rel}","templated":true}]}}