{"id":3472,"date":"2022-12-21T11:15:31","date_gmt":"2022-12-21T11:15:31","guid":{"rendered":"https:\/\/topkapipalace.gen.tr\/legal-notice\/"},"modified":"2025-07-24T12:30:51","modified_gmt":"2025-07-24T12:30:51","slug":"avviso-legale","status":"publish","type":"page","link":"https:\/\/topkapipalace.gen.tr\/it\/avviso-legale\/","title":{"rendered":"Avviso Legale"},"content":{"rendered":"<h1 style=\"\"><strong>Avviso legale<\/strong><\/h1>\n<p style=\"\">Piattaforma della Commissione Europea per la risoluzione alternativa delle controversie: <a href=\"https:\/\/ec.europa.eu\/consumers\/odr\" style=\"outline: none;\" data-lt-tmp-id=\"lt-976914\" spellcheck=\"false\" target=\"_blank\" rel=\"nofollow noopener\">https:\/\/ec.europa.eu\/consumers\/odr<\/a> Non siamo obbligati n\u00e9 disposti a partecipare a una risoluzione delle controversie tramite un servizio di arbitrato indipendente per i consumatori.<\/p>\n<p style=\"\"><strong><strong>MOST AMAZING PLACES TANITIM VE T\u0130C. A.\u015e.<\/strong><\/strong> G\u00fcm\u00fc\u015fsuyu Mah.&nbsp;<\/p>\n<p>\u0130n\u00f6n\u00fc Cd. Melek Apt, NO: 11, K1 D2<\/p>\n<p>34437 Beyo\u011flu\/Istanbul<\/p>\n<p style=\"\"><strong><strong>Sito web:&nbsp;<\/strong><a href=\"https:\/\/most-amazing-places.com\/\" target=\"_blank\" style=\"outline: none;\" rel=\"nofollow noopener\">https:\/\/most-amazing-places.com\/<\/a><\/strong><\/p>\n","protected":false},"excerpt":{"rendered":"<p>Avviso legale Piattaforma della Commissione Europea per la risoluzione alternativa delle controversie: https:\/\/ec.europa.eu\/consumers\/odr Non siamo obbligati n\u00e9 disposti a partecipare a una risoluzione delle controversie tramite un servizio di arbitrato indipendente per i consumatori. MOST AMAZING PLACES TANITIM VE T\u0130C. A.\u015e. G\u00fcm\u00fc\u015fsuyu Mah.&nbsp; \u0130n\u00f6n\u00fc Cd. Melek Apt, NO: 11, K1 D2 34437 Beyo\u011flu\/Istanbul Sito web:&nbsp;https:\/\/most-amazing-places.com\/<\/p>\n","protected":false},"author":3,"featured_media":0,"parent":0,"menu_order":0,"comment_status":"closed","ping_status":"closed","template":"","meta":{"footnotes":""},"class_list":["post-3472","page","type-page","status-publish","hentry","post-wrapper","thrv_wrapper"],"wp-worthy-pixel":{"ignored":false,"public":null,"server":null,"url":null},"wp-worthy-type":"normal","_links":{"self":[{"href":"https:\/\/topkapipalace.gen.tr\/it\/wp-json\/wp\/v2\/pages\/3472","targetHints":{"allow":["GET"]}}],"collection":[{"href":"https:\/\/topkapipalace.gen.tr\/it\/wp-json\/wp\/v2\/pages"}],"about":[{"href":"https:\/\/topkapipalace.gen.tr\/it\/wp-json\/wp\/v2\/types\/page"}],"author":[{"embeddable":true,"href":"https:\/\/topkapipalace.gen.tr\/it\/wp-json\/wp\/v2\/users\/3"}],"replies":[{"embeddable":true,"href":"https:\/\/topkapipalace.gen.tr\/it\/wp-json\/wp\/v2\/comments?post=3472"}],"version-history":[{"count":5,"href":"https:\/\/topkapipalace.gen.tr\/it\/wp-json\/wp\/v2\/pages\/3472\/revisions"}],"predecessor-version":[{"id":3963,"href":"https:\/\/topkapipalace.gen.tr\/it\/wp-json\/wp\/v2\/pages\/3472\/revisions\/3963"}],"wp:attachment":[{"href":"https:\/\/topkapipalace.gen.tr\/it\/wp-json\/wp\/v2\/media?parent=3472"}],"curies":[{"name":"wp","href":"https:\/\/api.w.org\/{rel}","templated":true}]}}