{"id":3464,"date":"2022-12-21T11:14:16","date_gmt":"2022-12-21T11:14:16","guid":{"rendered":"https:\/\/topkapipalace.gen.tr\/imprint\/"},"modified":"2025-07-24T12:31:49","modified_gmt":"2025-07-24T12:31:49","slug":"impronta","status":"publish","type":"page","link":"https:\/\/topkapipalace.gen.tr\/it\/impronta\/","title":{"rendered":"Impronta"},"content":{"rendered":"<h1 style=\"\"><strong>Impronta<\/strong><\/h1>\n<p><strong>MOST AMAZING PLACES TANITIM VE T\u0130C. A.\u015e.<\/strong><\/p>\n<p>G\u00fcm\u00fc\u015fsuyu Mah.&nbsp;<\/p>\n<p>\u0130n\u00f6n\u00fc Cd. Melek Apt, NO: 11, K1 D2<\/p>\n<p>34437 Beyo\u011flu\/Istanbul<\/p>\n<p><strong>P. IVA:<\/strong> Beyoglu VD 6232114088<\/p>\n<p><strong>Direttore:&nbsp;<\/strong>D. Eronal<\/p>\n<p><strong>Sito web:&nbsp;<\/strong><a href=\"https:\/\/most-amazing-places.com\/\" target=\"_blank\" style=\"outline: none;\" rel=\"nofollow noopener\">https:\/\/most-amazing-places.com\/<\/a><\/p>\n","protected":false},"excerpt":{"rendered":"<p>Impronta MOST AMAZING PLACES TANITIM VE T\u0130C. A.\u015e. G\u00fcm\u00fc\u015fsuyu Mah.&nbsp; \u0130n\u00f6n\u00fc Cd. Melek Apt, NO: 11, K1 D2 34437 Beyo\u011flu\/Istanbul P. IVA: Beyoglu VD 6232114088 Direttore:&nbsp;D. Eronal Sito web:&nbsp;https:\/\/most-amazing-places.com\/<\/p>\n","protected":false},"author":3,"featured_media":0,"parent":0,"menu_order":0,"comment_status":"closed","ping_status":"closed","template":"","meta":{"footnotes":""},"class_list":["post-3464","page","type-page","status-publish","hentry","post-wrapper","thrv_wrapper"],"wp-worthy-pixel":{"ignored":false,"public":null,"server":null,"url":null},"wp-worthy-type":"normal","_links":{"self":[{"href":"https:\/\/topkapipalace.gen.tr\/it\/wp-json\/wp\/v2\/pages\/3464","targetHints":{"allow":["GET"]}}],"collection":[{"href":"https:\/\/topkapipalace.gen.tr\/it\/wp-json\/wp\/v2\/pages"}],"about":[{"href":"https:\/\/topkapipalace.gen.tr\/it\/wp-json\/wp\/v2\/types\/page"}],"author":[{"embeddable":true,"href":"https:\/\/topkapipalace.gen.tr\/it\/wp-json\/wp\/v2\/users\/3"}],"replies":[{"embeddable":true,"href":"https:\/\/topkapipalace.gen.tr\/it\/wp-json\/wp\/v2\/comments?post=3464"}],"version-history":[{"count":5,"href":"https:\/\/topkapipalace.gen.tr\/it\/wp-json\/wp\/v2\/pages\/3464\/revisions"}],"predecessor-version":[{"id":3962,"href":"https:\/\/topkapipalace.gen.tr\/it\/wp-json\/wp\/v2\/pages\/3464\/revisions\/3962"}],"wp:attachment":[{"href":"https:\/\/topkapipalace.gen.tr\/it\/wp-json\/wp\/v2\/media?parent=3464"}],"curies":[{"name":"wp","href":"https:\/\/api.w.org\/{rel}","templated":true}]}}