{"id":3634,"date":"2024-10-31T14:01:03","date_gmt":"2024-10-31T14:01:03","guid":{"rendered":"https:\/\/topkapipalace.gen.tr\/guided-tours\/topkapi-palace-combo-tickets\/"},"modified":"2026-03-25T11:56:21","modified_gmt":"2026-03-25T11:56:21","slug":"billets-combines-pour-le-palais-de-topkapi","status":"publish","type":"page","link":"https:\/\/topkapipalace.gen.tr\/fr\/billets-d-entree-et-visites-guidees\/billets-combines-pour-le-palais-de-topkapi\/","title":{"rendered":"Billets combin\u00e9s pour le palais de Topkapi \u00e0 Istanbul"},"content":{"rendered":"<h1 style=\"text-align: left;\">Billets combin\u00e9s pour le palais de Topkapi<\/h1>\n<p dir=\"ltr\" style=\"text-align: left;\"><strong>Explorez des sites embl\u00e9matiques. Profitez de grosses \u00e9conomies. Un seul billet.<\/strong>&nbsp;<\/p>\n<p dir=\"ltr\">Le palais de Topkapi, <strong>class\u00e9 au patrimoine mondial de l&rsquo;UNESCO<\/strong> , a \u00e9t\u00e9 le c\u0153ur de l&rsquo; <strong>Empire ottoman<\/strong> pendant pr\u00e8s de <strong>400<\/strong> ans. Ce palais majestueux offre un aper\u00e7u unique de la vie des <strong>sultans<\/strong> , exposant une riche collection d&rsquo;objets et une ambiance historique incomparable.<\/p>\n<p dir=\"ltr\">Nos billets combin\u00e9s recommand\u00e9s incluent <strong>le palais de Topkapi et les sites touristiques \u00e0 proximit\u00e9<\/strong> , comme la <strong>Citerne Basilique, <\/strong><strong>Sainte-Sophie<\/strong> , <strong>le palais de Dolmabah\u00e7e<\/strong> et une <strong>croisi\u00e8re sur le Bosphore<\/strong> . Vous y trouverez \u00e9galement des conseils, des FAQ et des options de billets, notamment des best-sellers et des formules combin\u00e9es \u00e9conomiques.<\/p>\n<p dir=\"ltr\"><a href=\"https:\/\/topkapipalace.gen.tr\/fr\/pass-d-istanbul-incluant-topkapi\/\" style=\"outline: none;\" data-lt-tmp-id=\"lt-209373\" spellcheck=\"false\">&gt;&gt; Pour ceux qui souhaitent explorer encore plus Istanbul, consultez nos options Istanbul City Pass et d\u00e9bloquez l&rsquo;acc\u00e8s \u00e0 des attractions incontournables suppl\u00e9mentaires \u00e0 travers la ville.<\/a><\/p>\n<h2 id=\"t-1730381329341\"><strong>1. Combo le plus vendu&nbsp;: Palais de Topkapi + Sainte-Sophie + Citerne Basilique<\/strong><\/h2>\n<p><span style=\"\"><img decoding=\"async\" alt=\"\" data-id=\"2911\" width=\"600\" data-init-width=\"1200\" height=\"400\" data-init-height=\"750\" src=\"https:\/\/topkapipalace.gen.tr\/wp-content\/uploads\/2024\/10\/5b9c7c644f94c4d77501e48312303286-28763-Istanbul-Istanbul-Super-Combo-Topkapi-Palace-Hagia-Sophia-Basilica-Cistern-Entry-Tickets-with-Audio-Guide-17.jpg.avif\" data-width=\"600\" ml-d=\"0\" loading=\"lazy\" data-height=\"400\" title=\"5b9c7c644f94c4d77501e48312303286-28763---Istanbul---Istanbul-Super-Combo--Palais-de-Topkapi-Sainte-Sophie---Billets-d&#039;entr\u00e9e-\u00e0-la-citerne-de-la-basilique-avec-audioguide---17.jpg\" style=\"aspect-ratio: auto 1200 \/ 750;\" data-><\/span><\/p>\n<h3 dir=\"ltr\" id=\"t-1730381329342\" data-alt-text=\"Topkapi Palace + Hagia Sophia + Basilica Cistern: Tickets &amp; Audio Guide\">Istanbul Super Combo : Palais de Topkapi + Sainte-Sophie + Citerne Basilique <span style=\"font-weight: normal; font-size: 20px !important;\"><em>Billets coupe-file avec audioguide<\/em><\/span><\/h3>\n<p dir=\"ltr\">D\u00e9couvrez les principales attractions d&rsquo;Istanbul \u00e0 moindre co\u00fbt gr\u00e2ce \u00e0 ce billet combin\u00e9, <strong>id\u00e9al pour les voyageurs souhaitant d\u00e9couvrir les plus beaux sites sans attente<\/strong> . Avec un acc\u00e8s <strong>coupe-file<\/strong> \u00e0 <strong>Sainte-Sophie<\/strong> , <strong>au palais de Topkapi<\/strong> et <strong>\u00e0 la Citerne Basilique<\/strong> , ce billet est <strong>id\u00e9al pour ceux qui manquent de temps mais souhaitent explorer les incontournables de la ville<\/strong> .<\/p>\n<h2 id=\"t-1730381329343\"><strong>2. Billet combin\u00e9 \u00e9conomique : visite guid\u00e9e du palais de Topkapi et de la Basilique de la Citerne<\/strong><\/h2>\n<p><span style=\"\"><img decoding=\"async\" alt=\"\" data-id=\"2909\" width=\"600\" data-init-width=\"1200\" height=\"400\" data-init-height=\"750\" src=\"https:\/\/topkapipalace.gen.tr\/wp-content\/uploads\/2024\/10\/04696990344804d1f9f1e542a1675aa2-combo-111.jpg.avif\" data-width=\"600\" ml-d=\"0\" loading=\"lazy\" data-height=\"400\" title=\"04696990344804d1f9f1e542a1675aa2-combo-111.jpg\" style=\"aspect-ratio: auto 1200 \/ 750;\" data-><\/span><\/p>\n<h3 dir=\"ltr\" id=\"t-1730381329344\" data-alt-text=\"Topkapi Palace + Basilica Cistern: Tickets &amp; Guided Tours\">Combo : visite guid\u00e9e du palais de Topkapi + Citerne Basilique <em><span><span>avec billets coupe-file<\/span><\/span><\/em><span style=\"font-size: 20px; font-weight: 400;\"><\/span><\/h3>\n<p dir=\"ltr\">Avec ce <strong>billet combin\u00e9 \u00e9conomique<\/strong> , vous b\u00e9n\u00e9ficierez de visites guid\u00e9es et d&rsquo;un acc\u00e8s coupe-file \u00e0 la fascinante <strong>Citerne Basilique<\/strong> d&rsquo;Istanbul et au magnifique <strong>palais de Topkapi<\/strong> . Ce forfait est <strong>id\u00e9al pour les voyageurs d\u00e9sireux de d\u00e9couvrir la riche histoire d&rsquo;Istanbul sans les tracas<\/strong> .<\/p>\n<h2 id=\"t-1730381329345\"><strong>3. Autres choix de billets populaires<\/strong><\/h2>\n<p><span style=\"\"><img decoding=\"async\" alt=\"\" data-id=\"1397\" width=\"585\" data-init-width=\"1300\" height=\"800\" data-init-height=\"800\" src=\"https:\/\/topkapipalace.gen.tr\/wp-content\/uploads\/2023\/05\/Combo-Tour-Hagia-Sophia-Topkapi-Palace-Basilica-Cistern.jpg\" data-width=\"585\" ml-d=\"0\" loading=\"lazy\" title=\"Visite combin\u00e9e&nbsp;: Sainte-Sophie, palais de Topkapi et citerne basilique\" style=\"aspect-ratio: auto 1300 \/ 800;\" data-init- data-><\/span><\/p>\n<h3 dir=\"ltr\" id=\"t-1730381329346\" data-alt-text=\"Hagia Sophia, Topkapi Palace &amp; Basilica Cistern: Tickets &amp; Audio Guides\">D\u00e9couvrez les ic\u00f4nes &#8211; Sainte-Sophie, le palais de Topkapi et la Citerne Basilique<\/h3>\n<p dir=\"ltr\">D\u00e9couvrez les merveilles intemporelles d&rsquo;Istanbul&nbsp;: admirez la majestueuse Sainte-Sophie, descendez dans l&rsquo;\u00e9nigmatique Citerne Basilique et promenez-vous dans le somptueux palais de Topkapi. <strong><a href=\"https:\/\/megapass.com\/tours-tickets\/discover-the-icons-hagia-sophia-topkapi-palace-and-basilica-cistern-i705?discountCode=ma-places\" style=\"outline: none;\" data-lt-tmp-id=\"lt-615971\" spellcheck=\"false\" rel=\"nofollow noopener\" target=\"_blank\">Achetez ce forfait \u00e0 129 \u20ac ici<\/a><\/strong> .<\/p>\n<h3 dir=\"ltr\" id=\"t-1730381329347\">Sainte-Sophie et palais de Topkapi&nbsp;: billets coupe-file<\/h3>\n<p dir=\"ltr\">Pr\u00e9parez-vous \u00e0 plonger dans la riche histoire d&rsquo;Istanbul avec un billet combin\u00e9 donnant acc\u00e8s \u00e0 l&#8217;embl\u00e9matique Sainte-Sophie et au magnifique palais de Topkapi. <a href=\"https:\/\/www.tiqets.com\/fr\/activites-attractions-istanbul-c79079\/billets-pour-sainte-sophie-et-le-palais-de-topkapi-sauter-la-file-d-attente-p1099801\/?partner=most_amazing_places&amp;tq_campaign=TopkapiFRPalaceGenTrComboA\" style=\"outline: none;\" data-lt-tmp-id=\"lt-482884\" spellcheck=\"false\" rel=\"nofollow noopener\" target=\"_blank\"><strong>Achetez ce billet combin\u00e9 \u00e0 96 \u20ac ici<\/strong> .<\/a><\/p>\n<h2 dir=\"ltr\" style=\"\" id=\"t-1730381329348\">Conseils d&rsquo;initi\u00e9s pour une visite parfaite du palais de Topkapi<\/h2>\n<ul>\n<li><span><strong>Arrivez t\u00f4t&nbsp;:<\/strong> \u00c9vitez la foule en arrivant juste \u00e0 l&rsquo;ouverture, surtout en haute saison touristique. Vous profiterez ainsi de moments plus calmes dans les sections populaires comme le Harem et le Tr\u00e9sor.<\/span><\/li>\n<li><span>\n<p dir=\"ltr\"><strong>Achetez vos billets en ligne&nbsp;:<\/strong> Gagnez du temps et \u00e9vitez les longues files d&rsquo;attente en achetant vos billets \u00e0 l&rsquo;avance. Les billets combin\u00e9s pour le harem et Sainte-Ir\u00e8ne sont \u00e0 la fois pratiques et \u00e9conomiques. <a href=\"#tve-jump-192e35861b3\" jump-animation=\"smooth\" style=\"outline: none;\">&gt;&gt; D\u00e9couvrez tous les billets combin\u00e9s pour le palais de Topkapi ici&nbsp;!<\/a><\/p>\n<p><\/span><\/li>\n<li><span>\n<p dir=\"ltr\"><strong>Commencez par le Harem&nbsp;:<\/strong> Le Harem est l&rsquo;une des sections les plus populaires et les plus d\u00e9taill\u00e9es. Commencer par l\u00e0 vous permettra de l&rsquo;appr\u00e9cier sans la foule de midi, et d&rsquo;appr\u00e9cier ses motifs complexes et son atmosph\u00e8re historique.<\/p>\n<p><\/span><\/li>\n<li><span>\n<p dir=\"ltr\"><strong>Pr\u00e9voyez une demi-journ\u00e9e de visite&nbsp;:<\/strong> Le palais de Topkapi poss\u00e8de un vaste parc et de nombreuses expositions. Pr\u00e9voyez au moins une demi-journ\u00e9e pour l&rsquo;explorer pleinement, surtout si vous pr\u00e9voyez de profiter de la vue depuis la Quatri\u00e8me Cour ou de visiter toutes les cours et mus\u00e9es.<\/p>\n<p><\/span><\/li>\n<li><span>\n<p dir=\"ltr\"><strong>Habillez-vous confortablement&nbsp;:<\/strong> Portez des chaussures confortables, car vous marcherez sur des pav\u00e9s et traverserez de vastes cours. Une tenue d\u00e9cente est \u00e9galement recommand\u00e9e, notamment dans les zones abritant des reliques religieuses.<\/p>\n<p><\/span><\/li>\n<li><span>\n<p dir=\"ltr\"><strong>Envisagez une visite guid\u00e9e&nbsp;:<\/strong> une visite guid\u00e9e vous fera revivre la riche histoire du palais, avec des d\u00e9tails sur les sultans ottomans, l&rsquo;architecture et la vie quotidienne. Les guides priv\u00e9s ou audioguides sont \u00e9galement de bonnes options si vous pr\u00e9f\u00e9rez un rythme plus flexible. <a href=\"https:\/\/www.headout.com\/topkapi-palace-tickets\/topkapi-palace-tickets-skip-the-line-e-13473\/?affiliate_code=KXkQ69&amp;utm_campaign=topkapigentrbestseller&amp;utm_content=link&amp;utm_medium=affiliate&amp;utm_source=most_amazing_places\" target=\"_blank\" rel=\"nofollow noopener\" style=\"outline: none;\">&gt;&gt; R\u00e9servez votre visite guid\u00e9e du palais de Topkapi et votre billet coupe-file en ligne&nbsp;!<\/a><\/p>\n<p><\/span><\/li>\n<li><span>\n<p dir=\"ltr\"><strong>Visitez les attractions \u00e0 proximit\u00e9 :<\/strong> \u00c9tant donn\u00e9 que le palais de Topkapi est proche de monuments tels que Sainte-Sophie et la Mosqu\u00e9e bleue, pensez \u00e0 combiner votre visite pour gagner du temps et am\u00e9liorer votre exp\u00e9rience du c\u0153ur historique d&rsquo;Istanbul. <a href=\"#tve-jump-192e359a188\" jump-animation=\"smooth\" style=\"outline: none;\">&gt;&gt; Achetez votre billet combin\u00e9 pour le palais de Topkapi instantan\u00e9ment !<\/a><\/p>\n<p><\/span><\/li>\n<\/ul>\n<h2 id=\"t-1730381329349\"><strong>Choses \u00e0 savoir avant d&rsquo;aller au palais de Topkapi<\/strong><\/h2>\n<p dir=\"ltr\"><strong>Acc\u00e8s&nbsp;:<\/strong> Le palais de Topkapi est facilement accessible en tramway, la station Sultanahmet \u00e9tant \u00e0 proximit\u00e9. Il est \u00e9galement \u00e0 quelques pas de sites touristiques populaires comme Sainte-Sophie et la Mosqu\u00e9e bleue.<\/p>\n<p dir=\"ltr\"><strong>Horaires d&rsquo;ouverture&nbsp;:<\/strong> G\u00e9n\u00e9ralement ouvert tous les jours sauf le mardi. Les horaires varient selon la saison, mais sont g\u00e9n\u00e9ralement de 9&nbsp;h \u00e0 17&nbsp;h (derni\u00e8re entr\u00e9e \u00e0 16&nbsp;h).&nbsp;<\/p>\n<p dir=\"ltr\"><strong>\u00c9tiquette et code vestimentaire&nbsp;:<\/strong> Habillez-vous avec respect. Une tenue d\u00e9cente est appr\u00e9ci\u00e9e, notamment lors de la visite du harem ou des reliques religieuses.<\/p>\n<p dir=\"ltr\"><strong>Photographie :<\/strong> autoris\u00e9e dans la plupart des espaces ext\u00e9rieurs, mais restreinte dans certaines sections comme la Chambre des Saintes Reliques.<\/p>\n<p dir=\"ltr\"><strong>Meilleur moment pour visiter :<\/strong> Visiter en semaine ou t\u00f4t le matin peut aider \u00e0 \u00e9viter les foules, en particulier pendant la haute saison touristique d&rsquo;avril \u00e0 octobre.<\/p>\n<h2 id=\"t-1730381329350\"><strong>Questions fr\u00e9quemment pos\u00e9es sur les billets pour le palais de Topkapi<\/strong><\/h2>\n<p><a href=\"https:\/\/topkapipalace.gen.tr\/fr\/audio-guide\/\" dynamic-postlink=\"tcb_post_the_permalink\" data-shortcode-id=\"3546\"><\/a><\/p>\n<p style=\"padding-bottom: 0px !important; margin-bottom: 0px !important;\"><strong>EN SAVOIR PLUS<\/strong><\/p>\n<h2 style=\"\" id=\"t-1753710013884\"><span data-attr-css=\"\" data-attr-link=\"1\" data-attr-rel=\"0\" data-attr-static-link=\"{&quot;className&quot;:&quot;&quot;,&quot;href&quot;:&quot;https:\/\/topkapipalace.gen.tr\/fr\/audio-guide\/&quot;,&quot;title&quot;:&quot;Audio Guide pour le Palais de Topkapi&quot;,&quot;class&quot;:&quot;&quot;}\" data-attr-target=\"0\" data-extra_key=\"\" data-option-inline=\"1\" data-shortcode=\"tcb_post_title\" data-shortcode-name=\"Post title\" style=\"\"><a href=\"https:\/\/topkapipalace.gen.tr\/fr\/audio-guide\/\" title=\"Audio Guide pour le Palais de Topkapi\" data-css=\"\">Audio Guide pour le Palais de Topkapi<\/a><\/span><\/h2>\n<p><a href=\"https:\/\/topkapipalace.gen.tr\/fr\/questions\/\" dynamic-postlink=\"tcb_post_the_permalink\" data-shortcode-id=\"3546\"><\/a><\/p>\n<p style=\"padding-bottom: 0px !important; margin-bottom: 0px !important;\"><strong>EN SAVOIR PLUS<\/strong><\/p>\n<h2 style=\"\" id=\"t-1753710013884\"><span data-attr-css=\"\" data-attr-link=\"1\" data-attr-rel=\"0\" data-attr-static-link=\"{&quot;className&quot;:&quot;&quot;,&quot;href&quot;:&quot;https:\/\/topkapipalace.gen.tr\/fr\/audio-guide\/&quot;,&quot;title&quot;:&quot;Audio Guide pour le Palais de Topkapi&quot;,&quot;class&quot;:&quot;&quot;}\" data-attr-target=\"0\" data-extra_key=\"\" data-option-inline=\"1\" data-shortcode=\"tcb_post_title\" data-shortcode-name=\"Post title\" style=\"\"><a href=\"https:\/\/topkapipalace.gen.tr\/fr\/questions\/\" title=\"Foire Aux\u00a0Questions\u00a0(FAQ) \u00c0 propos du Palais de Topkapi\" data-css=\"\">Foire Aux\u00a0Questions\u00a0(FAQ) \u00c0 propos du Palais de Topkapi<\/a><\/span><\/h2>\n<p><a href=\"https:\/\/topkapipalace.gen.tr\/fr\/harem\/\" dynamic-postlink=\"tcb_post_the_permalink\" data-shortcode-id=\"3546\"><\/a><\/p>\n<p style=\"padding-bottom: 0px !important; margin-bottom: 0px !important;\"><strong>EN SAVOIR PLUS<\/strong><\/p>\n<h2 style=\"\" id=\"t-1753710013884\"><span data-attr-css=\"\" data-attr-link=\"1\" data-attr-rel=\"0\" data-attr-static-link=\"{&quot;className&quot;:&quot;&quot;,&quot;href&quot;:&quot;https:\/\/topkapipalace.gen.tr\/fr\/audio-guide\/&quot;,&quot;title&quot;:&quot;Audio Guide pour le Palais de Topkapi&quot;,&quot;class&quot;:&quot;&quot;}\" data-attr-target=\"0\" data-extra_key=\"\" data-option-inline=\"1\" data-shortcode=\"tcb_post_title\" data-shortcode-name=\"Post title\" style=\"\"><a href=\"https:\/\/topkapipalace.gen.tr\/fr\/harem\/\" title=\"Harem du Palais de Topkapi : Infos, Points Forts et Billets\" data-css=\"\">Harem du Palais de Topkapi : Infos, Points Forts et Billets<\/a><\/span><\/h2>\n<p><a href=\"https:\/\/topkapipalace.gen.tr\/fr\/\" dynamic-postlink=\"tcb_post_the_permalink\" data-shortcode-id=\"3546\"><\/a><\/p>\n<p style=\"padding-bottom: 0px !important; margin-bottom: 0px !important;\"><strong>EN SAVOIR PLUS<\/strong><\/p>\n<h2 style=\"\" id=\"t-1753710013884\"><span data-attr-css=\"\" data-attr-link=\"1\" data-attr-rel=\"0\" data-attr-static-link=\"{&quot;className&quot;:&quot;&quot;,&quot;href&quot;:&quot;https:\/\/topkapipalace.gen.tr\/fr\/audio-guide\/&quot;,&quot;title&quot;:&quot;Audio Guide pour le Palais de Topkapi&quot;,&quot;class&quot;:&quot;&quot;}\" data-attr-target=\"0\" data-extra_key=\"\" data-option-inline=\"1\" data-shortcode=\"tcb_post_title\" data-shortcode-name=\"Post title\" style=\"\"><a href=\"https:\/\/topkapipalace.gen.tr\/fr\/\" title=\"Prix des billets et visites du palais de Topkapi \u00e0 Istanbul 2026\" data-css=\"\">Prix des billets et visites du palais de Topkapi \u00e0 Istanbul 2026<\/a><\/span><\/h2>\n","protected":false},"excerpt":{"rendered":"<p>Billets combin\u00e9s pour le palais de Topkapi Explorez des sites embl\u00e9matiques. Profitez de grosses \u00e9conomies. Un seul billet.&nbsp; Le palais de Topkapi, class\u00e9 au patrimoine mondial de l&rsquo;UNESCO , a \u00e9t\u00e9 le c\u0153ur de l&rsquo; Empire ottoman pendant pr\u00e8s de 400 ans. Ce palais majestueux offre un aper\u00e7u unique de la vie des sultans , [&hellip;]<\/p>\n","protected":false},"author":9,"featured_media":3635,"parent":3627,"menu_order":0,"comment_status":"closed","ping_status":"closed","template":"","meta":{"footnotes":""},"class_list":["post-3634","page","type-page","status-publish","has-post-thumbnail","hentry","post-wrapper","thrv_wrapper"],"wp-worthy-pixel":{"ignored":false,"public":null,"server":null,"url":null},"wp-worthy-type":"normal","_links":{"self":[{"href":"https:\/\/topkapipalace.gen.tr\/fr\/wp-json\/wp\/v2\/pages\/3634","targetHints":{"allow":["GET"]}}],"collection":[{"href":"https:\/\/topkapipalace.gen.tr\/fr\/wp-json\/wp\/v2\/pages"}],"about":[{"href":"https:\/\/topkapipalace.gen.tr\/fr\/wp-json\/wp\/v2\/types\/page"}],"author":[{"embeddable":true,"href":"https:\/\/topkapipalace.gen.tr\/fr\/wp-json\/wp\/v2\/users\/9"}],"replies":[{"embeddable":true,"href":"https:\/\/topkapipalace.gen.tr\/fr\/wp-json\/wp\/v2\/comments?post=3634"}],"version-history":[{"count":24,"href":"https:\/\/topkapipalace.gen.tr\/fr\/wp-json\/wp\/v2\/pages\/3634\/revisions"}],"predecessor-version":[{"id":4456,"href":"https:\/\/topkapipalace.gen.tr\/fr\/wp-json\/wp\/v2\/pages\/3634\/revisions\/4456"}],"up":[{"embeddable":true,"href":"https:\/\/topkapipalace.gen.tr\/fr\/wp-json\/wp\/v2\/pages\/3627"}],"wp:featuredmedia":[{"embeddable":true,"href":"https:\/\/topkapipalace.gen.tr\/fr\/wp-json\/wp\/v2\/media\/3635"}],"wp:attachment":[{"href":"https:\/\/topkapipalace.gen.tr\/fr\/wp-json\/wp\/v2\/media?parent=3634"}],"curies":[{"name":"wp","href":"https:\/\/api.w.org\/{rel}","templated":true}]}}