{"id":3616,"date":"2022-12-21T11:15:31","date_gmt":"2022-12-21T11:15:31","guid":{"rendered":"https:\/\/topkapipalace.gen.tr\/legal-notice\/"},"modified":"2025-07-26T14:27:16","modified_gmt":"2025-07-26T14:27:16","slug":"mentions-legales","status":"publish","type":"page","link":"https:\/\/topkapipalace.gen.tr\/fr\/mentions-legales\/","title":{"rendered":"Mentions L\u00e9gales"},"content":{"rendered":"<h1 style=\"\"><strong>Mentions l\u00e9gales<\/strong><\/h1>\n<p style=\"\">Plateforme de la Commission europ\u00e9enne pour le r\u00e8glement extrajudiciaire des litiges : <a href=\"https:\/\/ec.europa.eu\/consumers\/odr\" style=\"outline: none;\" data-lt-tmp-id=\"lt-976914\" spellcheck=\"false\" target=\"_blank\" rel=\"nofollow noopener\">https:\/\/ec.europa.eu\/consumers\/odr<\/a> Nous ne sommes pas oblig\u00e9s ou dispos\u00e9s \u00e0 participer \u00e0 un r\u00e8glement des litiges par un service d&rsquo;arbitrage ind\u00e9pendant en mati\u00e8re de consommation.<\/p>\n<p style=\"\"><strong><strong>LES ENDROITS LES PLUS INCROYABLES TANITIM VE T\u0130C. COMME.<\/strong><\/strong> G\u00fcm\u00fc\u015fsuyu Mah.&nbsp;<\/p>\n<p>In\u00f6n\u00fc Cd. Melek Apt, NON&nbsp;: 11, K1 D2<\/p>\n<p>34437 Beyo\u011flu\/Istanbul<\/p>\n<p style=\"\"><strong><strong>Site Web :&nbsp; <\/strong><a href=\"https:\/\/most-amazing-places.com\/\" target=\"_blank\" style=\"outline: none;\" rel=\"nofollow noopener\">https:\/\/most-amazing-places.com\/<\/a><\/strong><\/p>\n","protected":false},"excerpt":{"rendered":"<p>Mentions l\u00e9gales Plateforme de la Commission europ\u00e9enne pour le r\u00e8glement extrajudiciaire des litiges : https:\/\/ec.europa.eu\/consumers\/odr Nous ne sommes pas oblig\u00e9s ou dispos\u00e9s \u00e0 participer \u00e0 un r\u00e8glement des litiges par un service d&rsquo;arbitrage ind\u00e9pendant en mati\u00e8re de consommation. LES ENDROITS LES PLUS INCROYABLES TANITIM VE T\u0130C. COMME. G\u00fcm\u00fc\u015fsuyu Mah.&nbsp; In\u00f6n\u00fc Cd. Melek Apt, NON&nbsp;: 11, [&hellip;]<\/p>\n","protected":false},"author":3,"featured_media":0,"parent":0,"menu_order":0,"comment_status":"closed","ping_status":"closed","template":"","meta":{"footnotes":""},"class_list":["post-3616","page","type-page","status-publish","hentry","post-wrapper","thrv_wrapper"],"wp-worthy-pixel":{"ignored":false,"public":null,"server":null,"url":null},"wp-worthy-type":"normal","_links":{"self":[{"href":"https:\/\/topkapipalace.gen.tr\/fr\/wp-json\/wp\/v2\/pages\/3616","targetHints":{"allow":["GET"]}}],"collection":[{"href":"https:\/\/topkapipalace.gen.tr\/fr\/wp-json\/wp\/v2\/pages"}],"about":[{"href":"https:\/\/topkapipalace.gen.tr\/fr\/wp-json\/wp\/v2\/types\/page"}],"author":[{"embeddable":true,"href":"https:\/\/topkapipalace.gen.tr\/fr\/wp-json\/wp\/v2\/users\/3"}],"replies":[{"embeddable":true,"href":"https:\/\/topkapipalace.gen.tr\/fr\/wp-json\/wp\/v2\/comments?post=3616"}],"version-history":[{"count":4,"href":"https:\/\/topkapipalace.gen.tr\/fr\/wp-json\/wp\/v2\/pages\/3616\/revisions"}],"predecessor-version":[{"id":4119,"href":"https:\/\/topkapipalace.gen.tr\/fr\/wp-json\/wp\/v2\/pages\/3616\/revisions\/4119"}],"wp:attachment":[{"href":"https:\/\/topkapipalace.gen.tr\/fr\/wp-json\/wp\/v2\/media?parent=3616"}],"curies":[{"name":"wp","href":"https:\/\/api.w.org\/{rel}","templated":true}]}}