{"id":3562,"date":"2021-05-12T05:16:09","date_gmt":"2021-05-12T05:16:09","guid":{"rendered":"https:\/\/topkapipalace.gen.tr\/contact\/"},"modified":"2025-07-24T08:54:12","modified_gmt":"2025-07-24T08:54:12","slug":"contact","status":"publish","type":"page","link":"https:\/\/topkapipalace.gen.tr\/fr\/contact\/","title":{"rendered":"Contact"},"content":{"rendered":"<h3 style=\"text-align: center;\">Contactez-nous&nbsp;<\/h3>\n<p style=\"\">N&rsquo;h\u00e9sitez pas \u00e0 nous contacter pour toute <span style=\"font-weight: normal;\">question <\/span><strong>concernant<\/strong> les <strong>billets, les visites<\/strong> et <strong>l&rsquo;organisation de groupes.<\/strong> Remplissez simplement le formulaire ci-dessous <strong>.<\/strong><\/p>\n<p style=\"\">Notre \u00e9quipe professionnelle d&rsquo;experts locaux r\u00e9pondra \u00e0 votre demande&nbsp;<strong>dans les plus brefs d\u00e9lais<\/strong> .<\/p>\n","protected":false},"excerpt":{"rendered":"<p>Contactez-nous&nbsp; N&rsquo;h\u00e9sitez pas \u00e0 nous contacter pour toute question concernant les billets, les visites et l&rsquo;organisation de groupes. Remplissez simplement le formulaire ci-dessous . Notre \u00e9quipe professionnelle d&rsquo;experts locaux r\u00e9pondra \u00e0 votre demande&nbsp;dans les plus brefs d\u00e9lais .<\/p>\n","protected":false},"author":3,"featured_media":0,"parent":0,"menu_order":0,"comment_status":"closed","ping_status":"closed","template":"","meta":{"footnotes":""},"class_list":["post-3562","page","type-page","status-publish","hentry","post-wrapper","thrv_wrapper"],"wp-worthy-pixel":{"ignored":false,"public":null,"server":null,"url":null},"wp-worthy-type":"normal","_links":{"self":[{"href":"https:\/\/topkapipalace.gen.tr\/fr\/wp-json\/wp\/v2\/pages\/3562","targetHints":{"allow":["GET"]}}],"collection":[{"href":"https:\/\/topkapipalace.gen.tr\/fr\/wp-json\/wp\/v2\/pages"}],"about":[{"href":"https:\/\/topkapipalace.gen.tr\/fr\/wp-json\/wp\/v2\/types\/page"}],"author":[{"embeddable":true,"href":"https:\/\/topkapipalace.gen.tr\/fr\/wp-json\/wp\/v2\/users\/3"}],"replies":[{"embeddable":true,"href":"https:\/\/topkapipalace.gen.tr\/fr\/wp-json\/wp\/v2\/comments?post=3562"}],"version-history":[{"count":5,"href":"https:\/\/topkapipalace.gen.tr\/fr\/wp-json\/wp\/v2\/pages\/3562\/revisions"}],"predecessor-version":[{"id":3867,"href":"https:\/\/topkapipalace.gen.tr\/fr\/wp-json\/wp\/v2\/pages\/3562\/revisions\/3867"}],"wp:attachment":[{"href":"https:\/\/topkapipalace.gen.tr\/fr\/wp-json\/wp\/v2\/media?parent=3562"}],"curies":[{"name":"wp","href":"https:\/\/api.w.org\/{rel}","templated":true}]}}