{"id":3513,"date":"2024-11-05T12:45:22","date_gmt":"2024-11-05T12:45:22","guid":{"rendered":"https:\/\/topkapipalace.gen.tr\/affiliate-disclosure\/"},"modified":"2025-07-24T08:52:27","modified_gmt":"2025-07-24T08:52:27","slug":"affiliation","status":"publish","type":"page","link":"https:\/\/topkapipalace.gen.tr\/fr\/affiliation\/","title":{"rendered":"Affiliation"},"content":{"rendered":"<h1><span data-attr-id=\"the_title\" data-extra_key=\"the_title\" data-option-inline=\"1\" data-shortcode=\"thrv_dynamic_data_content\" data-shortcode-name=\"Post title\">Affiliation<\/span><\/h1>\n<p><span data-tcb-events=\"\"><img width=\"1300\" height=\"800\" src=\"https:\/\/topkapipalace.gen.tr\/wp-content\/uploads\/2023\/05\/topkapi-palace-vip-ticket-2618.jpg\" alt=\"Divulgation des affili\u00e9s\" title=\"ind\u00e9fini\" data-id=\"3514\" data-d-f=\"featured\" loading=\"lazy\" decoding=\"async\" \/><\/span><\/p>\n<p dir=\"ltr\">Chez TopkapiPalace.gen.tr, notre objectif est de vous proposer un contenu de voyage de qualit\u00e9 pour vous aider \u00e0 planifier et \u00e0 profiter pleinement de vos voyages. Pour soutenir nos efforts de maintenance et de d\u00e9veloppement, nous utilisons des liens d&rsquo;affiliation dans tout notre contenu. Ainsi, si vous effectuez un achat via certains liens de notre site, nous pouvons percevoir une petite commission. Ceci est gratuit et nous permet de maintenir un contenu gratuit et \u00e0 jour.<\/p>\n<h2 dir=\"ltr\">Pourquoi nous utilisons des liens d&rsquo;affiliation<\/h2>\n<p dir=\"ltr\">G\u00e9rer un site web \u00e0 la demande du temps et des ressources, et les partenariats d&rsquo;affiliation nous permettent de financer notre travail. Il est important de noter que nous ne recommandons que des produits, des circuits et des services dont nous sommes convaincus qu&rsquo;ils enrichiront votre exp\u00e9rience de voyage. Nous s\u00e9lectionnons et \u00e9valuons soigneusement nos partenaires affili\u00e9s afin de nous assurer qu&rsquo;ils correspondent aux crit\u00e8res et aux int\u00e9r\u00eats de nos lecteurs.<\/p>\n<h2 dir=\"ltr\">Partenaires affili\u00e9s<\/h2>\n<p dir=\"ltr\">Certains de nos partenaires affili\u00e9s de confiance incluent :<\/p>\n<ul>\n<li dir=\"ltr\">GetYourGuide<\/li>\n<li dir=\"ltr\">Tiqets<\/li>\n<li dir=\"ltr\">Headout<\/li>\n<li dir=\"ltr\">Viator<\/li>\n<li dir=\"ltr\">Platinumlist<\/li>\n<li dir=\"ltr\">Civitatis<\/li>\n<li dir=\"ltr\">Holafly<\/li>\n<li dir=\"ltr\">Booking.com<\/li>\n<li dir=\"ltr\">Megapass<\/li>\n<li dir=\"ltr\">Musement<\/li>\n<\/ul>\n<p dir=\"ltr\">Veuillez noter que nous pouvons mettre \u00e0 jour cette liste \u00e0 mesure que nous nous associons \u00e0 de nouvelles entreprises concern\u00e9es nous faisons confiance et que nous recommandons.<\/p>\n<h2 dir=\"ltr\">Engagement envers l&rsquo;honn\u00eatet\u00e9<\/h2>\n<p dir=\"ltr\">Nous souhaitons que vous ayez confiance dans nos recommandations. Si les commissions per\u00e7ues contribuent \u00e0 notre travail, elles n&rsquo;influencent en aucun cas le contenu, les sujets ou les produits que nous recommandons. Notre objectif principal est de vous fournir des informations utiles, honn\u00eates et pr\u00e9cises pour vos voyages. Nous utilisons personnellement ou recommandons tout produit ou service que nous recommandons \u00e0 nos proches.<\/p>\n<h2 dir=\"ltr\">Votre compte de soutien<\/h2>\n<p dir=\"ltr\">En utilisant nos liens d&rsquo;affiliation, vous soutenez le contenu et les ressources que nous proposons sur TopkapiPalace.gen.tr, et nous vous sommes extr\u00eamement reconnaissants de votre confiance et de votre soutien. Cela nous permet de continuer \u00e0 vous fournir des conseils, des guides et des recommandations qui, nous l&rsquo;esp\u00e9rons, enrichiront vos aventures de voyage.<\/p>\n<p dir=\"ltr\">Si vous avez des questions ou des pr\u00e9occupations concernant nos partenariats d&rsquo;affiliation ou notre contenu, n&rsquo;h\u00e9sitez pas \u00e0 nous contacter.<\/p>\n<p><span><span>                    <\/span><\/span><span>Search<\/span><\/p>\n<p><strong>LIENS UTILES<\/strong><\/p>\n<p style=\"\"><a href=\"http:\/\/topkapipalace.gen.tr\/about\/\" style=\"outline: none;\">\u00c0 propos du palais de Topkapi<\/a><\/p>\n<p style=\"\"><a href=\"http:\/\/topkapipalace.gen.tr\/history\/\" style=\"outline: none;\">Histoire<\/a><\/p>\n<p style=\"\"><a href=\"http:\/\/topkapipalace.gen.tr\/inside\/\" style=\"outline: none;\">\u00c0 l&rsquo;int\u00e9rieur<\/a><\/p>\n<p style=\"\"><a href=\"http:\/\/topkapipalace.gen.tr\/harem\/\" style=\"outline: none;\">Harem<\/a><\/p>\n<p style=\"\"><a href=\"http:\/\/topkapipalace.gen.tr\/visitor-information\/\" style=\"outline: none;\">Informations visiteurs<\/a><\/p>\n<p style=\"\"><a href=\"http:\/\/topkapipalace.gen.tr\/how-to-get-there\/\" style=\"outline: none;\">Comment s&rsquo;y rendre<\/a><\/p>\n<p style=\"\"><a href=\"http:\/\/topkapipalace.gen.tr\/guided-tours\/\" style=\"outline: none;\">Visites guid\u00e9es<\/a><\/p>\n<p style=\"\"><a href=\"http:\/\/topkapipalace.gen.tr\/frequently-asked-questions\/\" style=\"outline: none;\">FAQ<\/a><\/p>\n","protected":false},"excerpt":{"rendered":"<p>Affiliation Chez TopkapiPalace.gen.tr, notre objectif est de vous proposer un contenu de voyage de qualit\u00e9 pour vous aider \u00e0 planifier et \u00e0 profiter pleinement de vos voyages. Pour soutenir nos efforts de maintenance et de d\u00e9veloppement, nous utilisons des liens d&rsquo;affiliation dans tout notre contenu. Ainsi, si vous effectuez un achat via certains liens de [&hellip;]<\/p>\n","protected":false},"author":9,"featured_media":3514,"parent":0,"menu_order":0,"comment_status":"closed","ping_status":"closed","template":"","meta":{"footnotes":""},"class_list":["post-3513","page","type-page","status-publish","has-post-thumbnail","hentry","post-wrapper","thrv_wrapper"],"wp-worthy-pixel":{"ignored":false,"public":null,"server":null,"url":null},"wp-worthy-type":"normal","_links":{"self":[{"href":"https:\/\/topkapipalace.gen.tr\/fr\/wp-json\/wp\/v2\/pages\/3513","targetHints":{"allow":["GET"]}}],"collection":[{"href":"https:\/\/topkapipalace.gen.tr\/fr\/wp-json\/wp\/v2\/pages"}],"about":[{"href":"https:\/\/topkapipalace.gen.tr\/fr\/wp-json\/wp\/v2\/types\/page"}],"author":[{"embeddable":true,"href":"https:\/\/topkapipalace.gen.tr\/fr\/wp-json\/wp\/v2\/users\/9"}],"replies":[{"embeddable":true,"href":"https:\/\/topkapipalace.gen.tr\/fr\/wp-json\/wp\/v2\/comments?post=3513"}],"version-history":[{"count":7,"href":"https:\/\/topkapipalace.gen.tr\/fr\/wp-json\/wp\/v2\/pages\/3513\/revisions"}],"predecessor-version":[{"id":3865,"href":"https:\/\/topkapipalace.gen.tr\/fr\/wp-json\/wp\/v2\/pages\/3513\/revisions\/3865"}],"wp:featuredmedia":[{"embeddable":true,"href":"https:\/\/topkapipalace.gen.tr\/fr\/wp-json\/wp\/v2\/media\/3514"}],"wp:attachment":[{"href":"https:\/\/topkapipalace.gen.tr\/fr\/wp-json\/wp\/v2\/media?parent=3513"}],"curies":[{"name":"wp","href":"https:\/\/api.w.org\/{rel}","templated":true}]}}