{"id":3399,"date":"2024-10-10T10:02:58","date_gmt":"2024-10-10T10:02:58","guid":{"rendered":"https:\/\/topkapipalace.gen.tr\/topkapi-palace-museum-skip-the-ticket-line-tickets-audio-guide\/"},"modified":"2025-07-28T12:02:35","modified_gmt":"2025-07-28T12:02:35","slug":"museo-del-palacio-de-topkapi-entradas-sin-cola-audioguia","status":"publish","type":"page","link":"https:\/\/topkapipalace.gen.tr\/es\/museo-del-palacio-de-topkapi-entradas-sin-cola-audioguia\/","title":{"rendered":"Museo del Palacio de Topkapi Entradas sin cola + Audiogu\u00eda"},"content":{"rendered":"<p><span><img decoding=\"async\" alt=\"\" data-id=\"2839\" width=\"669\" height=\"446\" src=\"https:\/\/topkapipalace.gen.tr\/wp-content\/uploads\/2024\/10\/Topkapi-Palace-Museum-Skip-The-Ticket-Line-Tickets-Audio-Guide-.jpg\" data-src=\"https:\/\/topkapipalace.gen.tr\/wp-content\/uploads\/2024\/10\/Topkapi-Palace-Museum-Skip-The-Ticket-Line-Tickets-Audio-Guide--300x200.jpg\" loading=\"lazy\" data-sizes=\"{&quot;thumbnail&quot;:{&quot;url&quot;:&quot;https:\/\/topkapipalace.gen.tr\/wp-content\/uploads\/2024\/10\/Topkapi-Palace-Museum-Skip-The-Ticket-Line-Tickets-Audio-Guide--150x150.jpg&quot;,&quot;height&quot;:150,&quot;width&quot;:150,&quot;orientation&quot;:&quot;landscape&quot;},&quot;medium&quot;:{&quot;url&quot;:&quot;https:\/\/topkapipalace.gen.tr\/wp-content\/uploads\/2024\/10\/Topkapi-Palace-Museum-Skip-The-Ticket-Line-Tickets-Audio-Guide--300x200.jpg&quot;,&quot;height&quot;:200,&quot;width&quot;:300,&quot;orientation&quot;:&quot;landscape&quot;},&quot;full&quot;:{&quot;url&quot;:&quot;https:\/\/topkapipalace.gen.tr\/wp-content\/uploads\/2024\/10\/Topkapi-Palace-Museum-Skip-The-Ticket-Line-Tickets-Audio-Guide-.jpg&quot;,&quot;height&quot;:446,&quot;width&quot;:669,&quot;orientation&quot;:&quot;landscape&quot;}}\" style=\"\" title=\"\"><\/span><span><img decoding=\"async\" alt=\"\" data-id=\"2837\" width=\"669\" height=\"446\" src=\"https:\/\/topkapipalace.gen.tr\/wp-content\/uploads\/2024\/10\/Topkapi-Palace-Museum-Skip-The-Ticket-Line-Tickets-Audio-Guide-2.jpg\" data-src=\"https:\/\/topkapipalace.gen.tr\/wp-content\/uploads\/2024\/10\/Topkapi-Palace-Museum-Skip-The-Ticket-Line-Tickets-Audio-Guide-2-300x200.jpg\" loading=\"lazy\" data-sizes=\"{&quot;thumbnail&quot;:{&quot;url&quot;:&quot;https:\/\/topkapipalace.gen.tr\/wp-content\/uploads\/2024\/10\/Topkapi-Palace-Museum-Skip-The-Ticket-Line-Tickets-Audio-Guide-2-150x150.jpg&quot;,&quot;height&quot;:150,&quot;width&quot;:150,&quot;orientation&quot;:&quot;landscape&quot;},&quot;medium&quot;:{&quot;url&quot;:&quot;https:\/\/topkapipalace.gen.tr\/wp-content\/uploads\/2024\/10\/Topkapi-Palace-Museum-Skip-The-Ticket-Line-Tickets-Audio-Guide-2-300x200.jpg&quot;,&quot;height&quot;:200,&quot;width&quot;:300,&quot;orientation&quot;:&quot;landscape&quot;},&quot;full&quot;:{&quot;url&quot;:&quot;https:\/\/topkapipalace.gen.tr\/wp-content\/uploads\/2024\/10\/Topkapi-Palace-Museum-Skip-The-Ticket-Line-Tickets-Audio-Guide-2.jpg&quot;,&quot;height&quot;:446,&quot;width&quot;:669,&quot;orientation&quot;:&quot;landscape&quot;}}\" style=\"\" title=\"\"><\/span><span><img decoding=\"async\" alt=\"\" data-id=\"2835\" width=\"669\" height=\"446\" src=\"https:\/\/topkapipalace.gen.tr\/wp-content\/uploads\/2024\/10\/Topkapi-Palace-Museum-Skip-The-Ticket-Line-Tickets-Audio-Guide-4.jpg\" data-src=\"https:\/\/topkapipalace.gen.tr\/wp-content\/uploads\/2024\/10\/Topkapi-Palace-Museum-Skip-The-Ticket-Line-Tickets-Audio-Guide-4-300x200.jpg\" loading=\"lazy\" data-sizes=\"{&quot;thumbnail&quot;:{&quot;url&quot;:&quot;https:\/\/topkapipalace.gen.tr\/wp-content\/uploads\/2024\/10\/Topkapi-Palace-Museum-Skip-The-Ticket-Line-Tickets-Audio-Guide-4-150x150.jpg&quot;,&quot;height&quot;:150,&quot;width&quot;:150,&quot;orientation&quot;:&quot;landscape&quot;},&quot;medium&quot;:{&quot;url&quot;:&quot;https:\/\/topkapipalace.gen.tr\/wp-content\/uploads\/2024\/10\/Topkapi-Palace-Museum-Skip-The-Ticket-Line-Tickets-Audio-Guide-4-300x200.jpg&quot;,&quot;height&quot;:200,&quot;width&quot;:300,&quot;orientation&quot;:&quot;landscape&quot;},&quot;full&quot;:{&quot;url&quot;:&quot;https:\/\/topkapipalace.gen.tr\/wp-content\/uploads\/2024\/10\/Topkapi-Palace-Museum-Skip-The-Ticket-Line-Tickets-Audio-Guide-4.jpg&quot;,&quot;height&quot;:446,&quot;width&quot;:669,&quot;orientation&quot;:&quot;landscape&quot;}}\" style=\"\" title=\"\"><\/span><span><img decoding=\"async\" alt=\"\" data-id=\"2833\" width=\"669\" height=\"446\" src=\"https:\/\/topkapipalace.gen.tr\/wp-content\/uploads\/2024\/10\/Topkapi-Palace-Museum-Skip-The-Ticket-Line-Tickets-Audio-Guide-3.jpg\" data-src=\"https:\/\/topkapipalace.gen.tr\/wp-content\/uploads\/2024\/10\/Topkapi-Palace-Museum-Skip-The-Ticket-Line-Tickets-Audio-Guide-3-300x200.jpg\" loading=\"lazy\" data-sizes=\"{&quot;thumbnail&quot;:{&quot;url&quot;:&quot;https:\/\/topkapipalace.gen.tr\/wp-content\/uploads\/2024\/10\/Topkapi-Palace-Museum-Skip-The-Ticket-Line-Tickets-Audio-Guide-3-150x150.jpg&quot;,&quot;height&quot;:150,&quot;width&quot;:150,&quot;orientation&quot;:&quot;landscape&quot;},&quot;medium&quot;:{&quot;url&quot;:&quot;https:\/\/topkapipalace.gen.tr\/wp-content\/uploads\/2024\/10\/Topkapi-Palace-Museum-Skip-The-Ticket-Line-Tickets-Audio-Guide-3-300x200.jpg&quot;,&quot;height&quot;:200,&quot;width&quot;:300,&quot;orientation&quot;:&quot;landscape&quot;},&quot;full&quot;:{&quot;url&quot;:&quot;https:\/\/topkapipalace.gen.tr\/wp-content\/uploads\/2024\/10\/Topkapi-Palace-Museum-Skip-The-Ticket-Line-Tickets-Audio-Guide-3.jpg&quot;,&quot;height&quot;:446,&quot;width&quot;:669,&quot;orientation&quot;:&quot;landscape&quot;}}\" style=\"\" title=\"\"><\/span><\/p>\n<h1 dir=\"ltr\">Entrada sin colas al Museo del Palacio de Topkapi<\/h1>\n<h2><a href=\"https:\/\/www.viator.com\/tours\/Istanbul\/Topkapi-Palace-Museum-Skip-The-Ticket-Line-Audio-Guide\/d585-31070P188?localeSwitch=1&amp;pid=P00141578&amp;mcid=42383&amp;medium=link&amp;campaign=TopkapiGttd\" target=\"_blank\" rel=\"nofollow noopener\" style=\"outline: none;\">Make a reservation<\/a><\/h2>\n<h1><a href=\"https:\/\/www.viator.com\/tours\/Istanbul\/Topkapi-Palace-Museum-Skip-The-Ticket-Line-Audio-Guide\/d585-31070P188?localeSwitch=1&amp;pid=P00141578&amp;mcid=42383&amp;medium=link&amp;campaign=TopkapiGttd\" target=\"_blank\" rel=\"nofollow noopener\" style=\"outline: none;\" data-lt-tmp-id=\"lt-517734\" spellcheck=\"false\"><strong>\u20ac45.00<\/strong><\/a><\/h1>\n<p dir=\"ltr\">Descubra las maravillas hist\u00f3ricas del Museo del Palacio de Topkapi sin esperas. Evite las filas y explore los tesoros imperiales, los patios y las c\u00e1maras con una audiogu\u00eda para una experiencia verdaderamente inmersiva en la cultura e historia turcas.<\/p>\n<ul>\n<li style=\"\"><span>Boleto seleccionado a mano<\/span><\/li>\n<li style=\"\">                    <span>Confirmaci\u00f3n instant\u00e1nea<\/span><\/li>\n<li style=\"\"><span>Acceso sin colas<\/span><\/li>\n<li style=\"\"><span>Gu\u00eda de audio<\/span><\/li>\n<\/ul>\n<h2>Qu\u00e9 incluye<\/h2>\n<ul>\n<li style=\"\">                    <span>Entrada sin colas al Museo del Palacio de Topkapi<\/span><\/li>\n<li><span>Aplicaci\u00f3n de audiogu\u00eda disponible en 9 idiomas (iOS y Android)<\/span><\/li>\n<\/ul>\n<h2>Qu\u00e9 no est\u00e1 incluido<\/h2>\n<ul>\n<li style=\"\"><span>Entrada al har\u00e9n<\/span><\/li>\n<li><span>Visita guiada&nbsp;<\/span><\/li>\n<\/ul>\n<h2>Informaci\u00f3n importante<\/h2>\n<ul>\n<li style=\"\"><span>La confirmaci\u00f3n se env\u00eda dentro de las 48 horas siguientes a la reserva, seg\u00fan disponibilidad.<\/span><\/li>\n<li><span>Aseg\u00farese de traer un tel\u00e9fono inteligente para acceder a la audiogu\u00eda.<\/span><\/li>\n<li><span>El museo es accesible para sillas de ruedas.<\/span><\/li>\n<li><span>No se permiten reembolsos ni cambios una vez confirmada la reserva.<\/span><\/li>\n<li><span>La entrada sin cola no se aplica a la cola de seguridad.<\/span><\/li>\n<\/ul>\n<h2>Descripci\u00f3n:<\/h2>\n<p>Evite las colas y ad\u00e9ntrese en la grandeza del Museo del Palacio de Topkapi, explorando sus ic\u00f3nicos <strong>patios, aposentos reales y tesoros imperiales<\/strong> . Una <strong>audiogu\u00eda disponible en 9 idiomas<\/strong> enriquecer\u00e1 su viaje, desvelando fascinantes historias del Imperio Otomano.<\/p>\n<h2>Reflejos:<\/h2>\n<ul>\n<li dir=\"ltr\">Disfrute del acceso al Museo del Palacio de Topkapi sin hacer cola<\/li>\n<li dir=\"ltr\">Explora los majestuosos patios y jardines del palacio.<\/li>\n<li dir=\"ltr\">Descubra el tesoro, los ba\u00f1os y la armer\u00eda.<\/li>\n<li dir=\"ltr\">Aprenda sobre el sult\u00e1n Selim III y la historia otomana con la audiogu\u00eda.<\/li>\n<li dir=\"ltr\">Disfrute de la comodidad de una gu\u00eda multiling\u00fce disponible en su tel\u00e9fono inteligente<\/li>\n<\/ul>\n<h2>Museo del Palacio de Topkapi&nbsp;<\/h2>\n<p dir=\"ltr\">Binbirdirek, Sultan Ahmet Park\u0131 No:2, 34122 Fatih\/Estambul<\/p>\n<h2>Pol\u00edtica de cancelaci\u00f3n<\/h2>\n<p dir=\"ltr\">Esta experiencia no es reembolsable ni modificable. No se permiten cancelaciones ni modificaciones una vez reservada.<\/p>\n<h2>Punto de encuentro e instrucciones<\/h2>\n<p dir=\"ltr\">Presenta tu ticket en la entrada principal para poder acceder.<\/p>\n<p><a href=\"https:\/\/www.google.com\/maps\/place\/Topkap%C4%B1-Palast\/@41.0072865,28.9784204,18z\/data=!4m6!3m5!1s0x14cab9b8afa5f833:0x15aa1943c3015300!8m2!3d41.0115195!4d28.9833789!16zL20vMDFsZ2N3?entry=ttu&amp;g_ep=EgoyMDI0MTAwNy4xIKXMDSoASAFQAw%3D%3D\" target=\"_blank\" rel=\"nofollow noopener\" style=\"outline: none;\" data-lt-tmp-id=\"lt-581789\" spellcheck=\"false\">Abrir en Maps<\/a><\/p>\n<h2>Algunas actividades que te podr\u00edan gustar<\/h2>\n<p><span># <\/span><strong><span>2<\/span><\/strong><span># <\/span><strong><span>2<\/span><\/strong><span><img decoding=\"async\" alt=\"\" data-id=\"2465\" width=\"159\" data-init-width=\"1200\" height=\"87\" data-init-height=\"678\" loading=\"lazy\" src=\"https:\/\/topkapipalace.gen.tr\/wp-content\/uploads\/2024\/06\/MegaPass-Classic-with-Top-Attractions1.webp\" data-width=\"159\" data-height=\"87\" style=\"aspect-ratio: auto 1200 \/ 678;\" title=\"MegaPass Cl\u00e1sico con las mejores atracciones1\" data-><\/span><\/p>\n<table>\n<tbody>\n<tr>\n<td><span data-sheets-root=\"1\" open=\"\"><a href=\"https:\/\/megapass.com\/tours-tickets\/megapass-istanbul-classic-i2710?discountCode=ma-places\" target=\"_blank\" rel=\"nofollow noopener\" style=\"outline: none;\" data-lt-tmp-id=\"lt-529813\" spellcheck=\"false\">MegaPass Classic con las mejores atracciones<\/a><\/span><\/td>\n<\/tr>\n<\/tbody>\n<\/table>\n<p dir=\"ltr\" style=\"\">El MegaPass cubre todos los museos m\u00e1s importantes de Estambul, como Santa Sof\u00eda, el Palacio y el Har\u00e9n de Topkapi, la Cisterna Bas\u00edlica, el Palacio de Dolmabah\u00e7e, as\u00ed como otras experiencias imprescindibles.<\/p>\n<h3 style=\"\">Precio total<\/h3>\n<h3 style=\"\">No se le cobrar\u00e1 todav\u00eda<\/h3>\n<p><span># <\/span><strong><span>2<\/span><\/strong><span><img decoding=\"async\" alt=\"Entradas para el Palacio de Dolmabah\u00e7e, Santa Sof\u00eda y la Cisterna Bas\u00edlica\" data-id=\"2746\" width=\"159\" data-init-width=\"300\" height=\"113\" data-init-height=\"214\" loading=\"lazy\" src=\"https:\/\/topkapipalace.gen.tr\/wp-content\/uploads\/2024\/09\/Dolmabahce-Palace-Hagia-Sophia-Basilica-Cistern-Tickets-300x214.png\" data-width=\"159\" data-height=\"113\" style=\"aspect-ratio: auto 300 \/ 214;\" data- title=\"\"><\/span><\/p>\n<table>\n<tbody>\n<tr>\n<td><a href=\"https:\/\/www.getyourguide.de\/istanbul-l56\/topkapi-palast-und-harem-3-stundige-tour-mit-eintrittskarte-t127010\/?partner_id=NO9XIDE&amp;utm_medium=online_publisher&amp;cmp=TopkapiGenTrGttd3\" target=\"_blank\" rel=\"nofollow noopener\" style=\"outline: none;\" data-lt-tmp-id=\"lt-163467\" spellcheck=\"false\">Estambul: Visita guiada al Palacio de Topkapi y al har\u00e9n con entrada<\/a><\/td>\n<\/tr>\n<\/tbody>\n<\/table>\n<p dir=\"ltr\" style=\"\">Explora el Palacio de Topkapi y su har\u00e9n con esta visita guiada que incluye entradas sin colas. Descubre la historia de la familia real otomana en su emblem\u00e1tico palacio.&nbsp;<a href=\"https:\/\/www.getyourguide.com\/istanbul-l56\/istanbul-topkapi-palace-harem-tour-including-entry-ticket-t127010\/?partner_id=NO9XIDE&amp;utm_medium=online_publisher&amp;cmp=TopkapiGenTrHomepage\" rel=\"nofollow noopener\" target=\"_blank\" style=\"outline: none;\" data-lt-tmp-id=\"lt-940324\" spellcheck=\"false\"><strong><\/strong><\/a><\/p>\n<h3 style=\"\">Precio total<\/h3>\n<h3 style=\"\">No se le cobrar\u00e1 todav\u00eda<\/h3>\n<\/p>\n<h2><a href=\"https:\/\/www.viator.com\/tours\/Istanbul\/Topkapi-Palace-Museum-Skip-The-Ticket-Line-Audio-Guide\/d585-31070P188?localeSwitch=1&amp;pid=P00141578&amp;mcid=42383&amp;medium=link&amp;campaign=TopkapiGttd\" target=\"_blank\" rel=\"nofollow noopener\" style=\"outline: none;\">Hacer una reserva<\/a><\/h2>\n<h1><a href=\"https:\/\/www.viator.com\/tours\/Istanbul\/Topkapi-Palace-Museum-Skip-The-Ticket-Line-Audio-Guide\/d585-31070P188?localeSwitch=1&amp;pid=P00141578&amp;mcid=42383&amp;medium=link&amp;campaign=TopkapiGttd\" target=\"_blank\" rel=\"nofollow noopener\" style=\"outline: none;\"><span style=\"font-weight: normal;\"><\/span><strong>45,00 <\/strong><span style=\"font-weight: normal;\">\u20ac<\/span><strong><\/strong><\/a><\/h1>\n<p style=\"\">No se le cobrar\u00e1 todav\u00eda<\/p>\n","protected":false},"excerpt":{"rendered":"<p>Entrada sin colas al Museo del Palacio de Topkapi Make a reservation \u20ac45.00 Descubra las maravillas hist\u00f3ricas del Museo del Palacio de Topkapi sin esperas. Evite las filas y explore los tesoros imperiales, los patios y las c\u00e1maras con una audiogu\u00eda para una experiencia verdaderamente inmersiva en la cultura e historia turcas. Boleto seleccionado a [&hellip;]<\/p>\n","protected":false},"author":5,"featured_media":3400,"parent":0,"menu_order":0,"comment_status":"closed","ping_status":"closed","template":"","meta":{"footnotes":"","tve_updated_post":"","tve_custom_css":"","tve_user_custom_css":"","tve_globals":{},"tcb2_ready":1,"tcb_editor_enabled":1,"tve_landing_page":"bd86f3fc67210fed5b2794ad4a56d3a9","_tve_header":"3264","_tve_footer":"3266"},"class_list":["post-3399","page","type-page","status-publish","has-post-thumbnail","hentry","post-wrapper","thrv_wrapper"],"wp-worthy-pixel":{"ignored":false,"public":null,"server":null,"url":null},"wp-worthy-type":"normal","_links":{"self":[{"href":"https:\/\/topkapipalace.gen.tr\/es\/wp-json\/wp\/v2\/pages\/3399","targetHints":{"allow":["GET"]}}],"collection":[{"href":"https:\/\/topkapipalace.gen.tr\/es\/wp-json\/wp\/v2\/pages"}],"about":[{"href":"https:\/\/topkapipalace.gen.tr\/es\/wp-json\/wp\/v2\/types\/page"}],"author":[{"embeddable":true,"href":"https:\/\/topkapipalace.gen.tr\/es\/wp-json\/wp\/v2\/users\/5"}],"replies":[{"embeddable":true,"href":"https:\/\/topkapipalace.gen.tr\/es\/wp-json\/wp\/v2\/comments?post=3399"}],"version-history":[{"count":4,"href":"https:\/\/topkapipalace.gen.tr\/es\/wp-json\/wp\/v2\/pages\/3399\/revisions"}],"predecessor-version":[{"id":3931,"href":"https:\/\/topkapipalace.gen.tr\/es\/wp-json\/wp\/v2\/pages\/3399\/revisions\/3931"}],"wp:featuredmedia":[{"embeddable":true,"href":"https:\/\/topkapipalace.gen.tr\/es\/wp-json\/wp\/v2\/media\/3400"}],"wp:attachment":[{"href":"https:\/\/topkapipalace.gen.tr\/es\/wp-json\/wp\/v2\/media?parent=3399"}],"curies":[{"name":"wp","href":"https:\/\/api.w.org\/{rel}","templated":true}]}}