{"id":3384,"date":"2024-11-07T08:23:05","date_gmt":"2024-11-07T08:23:05","guid":{"rendered":"https:\/\/topkapipalace.gen.tr\/skip-the-line-tickets-to-topkapi-palace-harem\/"},"modified":"2025-07-28T12:02:36","modified_gmt":"2025-07-28T12:02:36","slug":"entradas-sin-colas-para-el-haren-del-palacio-topkapi","status":"publish","type":"page","link":"https:\/\/topkapipalace.gen.tr\/es\/entradas-sin-colas-para-el-haren-del-palacio-topkapi\/","title":{"rendered":"Entradas para el Palacio de Topkapi y el Har\u00e9n con audiogu\u00eda"},"content":{"rendered":"<p><span><img decoding=\"async\" alt=\"Entradas sin colas al Palacio de Topkapi y al har\u00e9n con audiogu\u00eda\" data-id=\"2457\" width=\"1200\" height=\"750\" title=\"Entradas sin colas al Museo del Palacio de Topkapi y al har\u00e9n con audiogu\u00eda\" src=\"https:\/\/topkapipalace.gen.tr\/wp-content\/uploads\/2024\/06\/Topkapi-Palace-Museum-Harem-Skip-the-Line-Tickets-with-Audio-Guide-1024x640.avif\" data-src=\"https:\/\/topkapipalace.gen.tr\/wp-content\/uploads\/2024\/06\/Topkapi-Palace-Museum-Harem-Skip-the-Line-Tickets-with-Audio-Guide-300x188.avif\" data-sizes=\"{&quot;thumbnail&quot;:{&quot;url&quot;:&quot;https:\/\/topkapipalace.gen.tr\/wp-content\/uploads\/2024\/06\/Topkapi-Palace-Museum-Harem-Skip-the-Line-Tickets-with-Audio-Guide-150x150.avif&quot;,&quot;height&quot;:150,&quot;width&quot;:150,&quot;orientation&quot;:&quot;landscape&quot;},&quot;medium&quot;:{&quot;url&quot;:&quot;https:\/\/topkapipalace.gen.tr\/wp-content\/uploads\/2024\/06\/Topkapi-Palace-Museum-Harem-Skip-the-Line-Tickets-with-Audio-Guide-300x188.avif&quot;,&quot;height&quot;:188,&quot;width&quot;:300,&quot;orientation&quot;:&quot;landscape&quot;},&quot;large&quot;:{&quot;url&quot;:&quot;https:\/\/topkapipalace.gen.tr\/wp-content\/uploads\/2024\/06\/Topkapi-Palace-Museum-Harem-Skip-the-Line-Tickets-with-Audio-Guide-1024x640.avif&quot;,&quot;height&quot;:640,&quot;width&quot;:1024,&quot;orientation&quot;:&quot;landscape&quot;},&quot;full&quot;:{&quot;url&quot;:&quot;https:\/\/topkapipalace.gen.tr\/wp-content\/uploads\/2024\/06\/Topkapi-Palace-Museum-Harem-Skip-the-Line-Tickets-with-Audio-Guide.avif&quot;,&quot;height&quot;:750,&quot;width&quot;:1200,&quot;orientation&quot;:&quot;landscape&quot;}}\" style=\"\" loading=\"lazy\"><\/span><span><img decoding=\"async\" alt=\"\" data-id=\"3000\" width=\"1434\" height=\"910\" title=\"Entradas sin colas al Palacio de Topkapi y al har\u00e9n con audiogu\u00eda4\" src=\"https:\/\/topkapipalace.gen.tr\/wp-content\/uploads\/2024\/11\/Skip-the-Line-Tickets-to-Topkapi-Palace-Harem-with-Audio-Guide4-1024x650.png\" data-src=\"https:\/\/topkapipalace.gen.tr\/wp-content\/uploads\/2024\/11\/Skip-the-Line-Tickets-to-Topkapi-Palace-Harem-with-Audio-Guide4-300x190.png\" data-sizes=\"{&quot;thumbnail&quot;:{&quot;url&quot;:&quot;https:\/\/topkapipalace.gen.tr\/wp-content\/uploads\/2024\/11\/Skip-the-Line-Tickets-to-Topkapi-Palace-Harem-with-Audio-Guide4-150x150.png&quot;,&quot;height&quot;:150,&quot;width&quot;:150,&quot;orientation&quot;:&quot;landscape&quot;},&quot;medium&quot;:{&quot;url&quot;:&quot;https:\/\/topkapipalace.gen.tr\/wp-content\/uploads\/2024\/11\/Skip-the-Line-Tickets-to-Topkapi-Palace-Harem-with-Audio-Guide4-300x190.png&quot;,&quot;height&quot;:190,&quot;width&quot;:300,&quot;orientation&quot;:&quot;landscape&quot;},&quot;large&quot;:{&quot;url&quot;:&quot;https:\/\/topkapipalace.gen.tr\/wp-content\/uploads\/2024\/11\/Skip-the-Line-Tickets-to-Topkapi-Palace-Harem-with-Audio-Guide4-1024x650.png&quot;,&quot;height&quot;:650,&quot;width&quot;:1024,&quot;orientation&quot;:&quot;landscape&quot;},&quot;full&quot;:{&quot;url&quot;:&quot;https:\/\/topkapipalace.gen.tr\/wp-content\/uploads\/2024\/11\/Skip-the-Line-Tickets-to-Topkapi-Palace-Harem-with-Audio-Guide4.png&quot;,&quot;height&quot;:910,&quot;width&quot;:1434,&quot;orientation&quot;:&quot;landscape&quot;}}\" style=\"\" loading=\"lazy\"><\/span><span><img decoding=\"async\" alt=\"\" data-id=\"3003\" width=\"1440\" height=\"918\" title=\"Entradas sin colas al Palacio de Topkapi y al har\u00e9n con audiogu\u00eda 2\" src=\"https:\/\/topkapipalace.gen.tr\/wp-content\/uploads\/2024\/11\/Skip-the-Line-Tickets-to-Topkapi-Palace-Harem-with-Audio-Guide-2-1024x653.png\" data-src=\"https:\/\/topkapipalace.gen.tr\/wp-content\/uploads\/2024\/11\/Skip-the-Line-Tickets-to-Topkapi-Palace-Harem-with-Audio-Guide-2-300x191.png\" data-sizes=\"{&quot;thumbnail&quot;:{&quot;url&quot;:&quot;https:\/\/topkapipalace.gen.tr\/wp-content\/uploads\/2024\/11\/Skip-the-Line-Tickets-to-Topkapi-Palace-Harem-with-Audio-Guide-2-150x150.png&quot;,&quot;height&quot;:150,&quot;width&quot;:150,&quot;orientation&quot;:&quot;landscape&quot;},&quot;medium&quot;:{&quot;url&quot;:&quot;https:\/\/topkapipalace.gen.tr\/wp-content\/uploads\/2024\/11\/Skip-the-Line-Tickets-to-Topkapi-Palace-Harem-with-Audio-Guide-2-300x191.png&quot;,&quot;height&quot;:191,&quot;width&quot;:300,&quot;orientation&quot;:&quot;landscape&quot;},&quot;large&quot;:{&quot;url&quot;:&quot;https:\/\/topkapipalace.gen.tr\/wp-content\/uploads\/2024\/11\/Skip-the-Line-Tickets-to-Topkapi-Palace-Harem-with-Audio-Guide-2-1024x653.png&quot;,&quot;height&quot;:653,&quot;width&quot;:1024,&quot;orientation&quot;:&quot;landscape&quot;},&quot;full&quot;:{&quot;url&quot;:&quot;https:\/\/topkapipalace.gen.tr\/wp-content\/uploads\/2024\/11\/Skip-the-Line-Tickets-to-Topkapi-Palace-Harem-with-Audio-Guide-2.png&quot;,&quot;height&quot;:918,&quot;width&quot;:1440,&quot;orientation&quot;:&quot;landscape&quot;}}\" style=\"\" loading=\"lazy\"><\/span><span><img decoding=\"async\" alt=\"\" data-id=\"3006\" width=\"1464\" height=\"892\" title=\"Entradas sin colas al Palacio de Topkapi y al har\u00e9n con audiogu\u00eda 3\" src=\"https:\/\/topkapipalace.gen.tr\/wp-content\/uploads\/2024\/11\/Skip-the-Line-Tickets-to-Topkapi-Palace-Harem-with-Audio-Guide-3-1024x624.png\" data-src=\"https:\/\/topkapipalace.gen.tr\/wp-content\/uploads\/2024\/11\/Skip-the-Line-Tickets-to-Topkapi-Palace-Harem-with-Audio-Guide-3-300x183.png\" data-sizes=\"{&quot;thumbnail&quot;:{&quot;url&quot;:&quot;https:\/\/topkapipalace.gen.tr\/wp-content\/uploads\/2024\/11\/Skip-the-Line-Tickets-to-Topkapi-Palace-Harem-with-Audio-Guide-3-150x150.png&quot;,&quot;height&quot;:150,&quot;width&quot;:150,&quot;orientation&quot;:&quot;landscape&quot;},&quot;medium&quot;:{&quot;url&quot;:&quot;https:\/\/topkapipalace.gen.tr\/wp-content\/uploads\/2024\/11\/Skip-the-Line-Tickets-to-Topkapi-Palace-Harem-with-Audio-Guide-3-300x183.png&quot;,&quot;height&quot;:183,&quot;width&quot;:300,&quot;orientation&quot;:&quot;landscape&quot;},&quot;large&quot;:{&quot;url&quot;:&quot;https:\/\/topkapipalace.gen.tr\/wp-content\/uploads\/2024\/11\/Skip-the-Line-Tickets-to-Topkapi-Palace-Harem-with-Audio-Guide-3-1024x624.png&quot;,&quot;height&quot;:624,&quot;width&quot;:1024,&quot;orientation&quot;:&quot;landscape&quot;},&quot;full&quot;:{&quot;url&quot;:&quot;https:\/\/topkapipalace.gen.tr\/wp-content\/uploads\/2024\/11\/Skip-the-Line-Tickets-to-Topkapi-Palace-Harem-with-Audio-Guide-3.png&quot;,&quot;height&quot;:892,&quot;width&quot;:1464,&quot;orientation&quot;:&quot;landscape&quot;}}\" style=\"\" loading=\"lazy\"><\/span><\/p>\n<h1 data-qa-marker=\"product-name\">Entradas sin colas al Palacio de Topkapi y al har\u00e9n con audiogu\u00eda<\/h1>\n<h2><a href=\"https:\/\/www.headout.com\/topkapi-palace-tickets\/topkapi-palace-tickets-skip-the-line-e-13473\/?affiliate_code=KXkQ69&amp;utm_campaign=topkapigttd&amp;utm_content=link&amp;utm_medium=affiliate&amp;utm_source=most_amazing_places\" target=\"_blank\" rel=\"nofollow noopener\" style=\"outline: none;\">Make a Reservation<\/a><\/h2>\n<h1><a href=\"https:\/\/www.headout.com\/topkapi-palace-tickets\/topkapi-palace-tickets-skip-the-line-e-13473\/?affiliate_code=KXkQ69&amp;utm_campaign=topkapigttd&amp;utm_content=link&amp;utm_medium=affiliate&amp;utm_source=most_amazing_places\" target=\"_blank\" rel=\"nofollow noopener\" style=\"outline: none;\" spellcheck=\"false\"><span style=\"font-weight: normal;\">From \u20ac64.90<\/span><\/a><\/h1>\n<p>Explore la magnificencia del Imperio Otomano con <strong>acceso sin colas al Palacio de Topkapi y su lujoso har\u00e9n.<\/strong> Esta pr\u00e1ctica entrada incluye una <strong>audiogu\u00eda<\/strong> en diez idiomas, lo que le permitir\u00e1 sumergirse en la rica historia del palacio sin esperas.<\/p>\n<ul>\n<li style=\"\"><span>Boleto seleccionado a mano<\/span><\/li>\n<li style=\"\"><span>Gu\u00eda de audio<\/span><\/li>\n<li style=\"\"><!--! Font Awesome Free 6.7.1 by @fontawesome - https:\/\/fontawesome.com License - https:\/\/fontawesome.com\/license\/free (Icons: CC BY 4.0, Fonts: SIL OFL 1.1, Code: MIT License) Copyright 2024 Fonticons, Inc. --><span>Billete m\u00f3vil<\/span><\/li>\n<li style=\"\"><span>Acceso sin colas<\/span><\/li>\n<li style=\"\"><span>Cancelaci\u00f3n gratuita<\/span><\/li>\n<\/ul>\n<h2>Qu\u00e9 incluye<\/h2>\n<ul>\n<li style=\"\">                    <span>Entrada sin colas al Palacio de Topkapi y acceso al Museo del Har\u00e9n<\/span><\/li>\n<li><span>Audiogu\u00eda para tu smartphone (Ingl\u00e9s, Alem\u00e1n, Franc\u00e9s, Italiano, Espa\u00f1ol)<\/span><\/li>\n<li><span>Asistencia de un representante para guiarlo hasta la entrada.<\/span><\/li>\n<li><span>Visita guiada de 2 horas al Palacio de Topkapi y la Cisterna Bas\u00edlica, incluidas las entradas (opcional)<\/span><\/li>\n<li><span>Gu\u00eda de habla inglesa (opcional)<\/span><\/li>\n<\/ul>\n<h2>Qu\u00e9 no est\u00e1 incluido<\/h2>\n<ul>\n<li style=\"\"><span>Gu\u00eda en vivo<\/span><\/li>\n<li style=\"\"><span>Saltar fila de seguridad (hasta 30 minutos en temporada alta)<\/span><\/li>\n<li><span>Auriculares<\/span><\/li>\n<\/ul>\n<h2>Informaci\u00f3n importante<\/h2>\n<ul>\n<li style=\"\"><span>Puedes visitar el Palacio de Topkapi en los siguientes horarios en la fecha seleccionada: 09:30, 10:30, 11:30, 12:30, 13:30, 14:30, 15:30.<\/span><\/li>\n<li style=\"\"><span>Re\u00fanase en el punto de encuentro designado 15 minutos antes de su horario.<\/span><\/li>\n<li style=\"\"><span>Importante: Un representante le acompa\u00f1ar\u00e1 al palacio. No puede entrar solo.<\/span><\/li>\n<li><span>Esta no es una visita guiada. Solo conocer\u00e1 al anfitri\u00f3n, quien le proporcionar\u00e1 las entradas.<\/span><\/li>\n<li><span>La aplicaci\u00f3n de audiogu\u00eda debe descargarse antes de la llegada debido al acceso limitado a Internet en el sitio.<\/span><\/li>\n<li><span>Traiga auriculares para la experiencia de la audiogu\u00eda.<\/span><\/li>\n<li><span>La entrada sin cola no se aplica a la cola de seguridad.<\/span><\/li>\n<li><span>Entra al palacio y explora a tu propio ritmo hasta la hora de cierre a las 5:00 p. m.<\/span><\/li>\n<\/ul>\n<h2>Descripci\u00f3n:<\/h2>\n<p>Ad\u00e9ntrese en la grandeza del <strong>Palacio de Topkapi, el<\/strong> coraz\u00f3n de los sultanes otomanos durante siglos, y explore sus tesoros a <strong>su propio ritmo.<\/strong> Marav\u00edllese con las opulentas estancias del har\u00e9n, aprenda sobre la historia otomana con su <strong>audiogu\u00eda multiling\u00fce<\/strong> y admire la intrincada arquitectura que captura el lujoso esp\u00edritu de la \u00e9poca.<\/p>\n<h2>Reflejos:<\/h2>\n<ul>\n<li>Evite las largas colas y entre al sitio hist\u00f3rico m\u00e1s famoso de Turqu\u00eda.<\/li>\n<li>Descubra las riquezas otomanas, incluidas joyas y artefactos invaluables.<\/li>\n<li>Pasee por los exuberantes jardines del palacio y los pabellones ornamentados.<\/li>\n<li>Obtenga m\u00e1s informaci\u00f3n con una audiogu\u00eda disponible en 10 idiomas<\/li>\n<\/ul>\n<h2>Museo del Palacio de Topkapi&nbsp;<\/h2>\n<p dir=\"ltr\">Binbirdirek, Sultan Ahmet Park\u0131 No:2, 34122 Fatih\/Estambul<\/p>\n<h2>Pol\u00edtica de cancelaci\u00f3n<\/h2>\n<p dir=\"ltr\">Cancelaci\u00f3n gratuita 24 horas antes del inicio de la actividad.<\/p>\n<h2>Punto de encuentro e instrucciones<\/h2>\n<p>El punto de encuentro es el quiosco de Turquoise Tours &amp; Tickets, dentro del Caf\u00e9 Topkapi. El Caf\u00e9 Topkapi se encuentra fuera del Palacio Topkapi, junto a la Zona de Visitas de Santa Sof\u00eda y la Polic\u00eda Tur\u00edstica. Un gu\u00eda le recibir\u00e1 all\u00ed y le acompa\u00f1ar\u00e1 al palacio.<\/p>\n<p><a href=\"https:\/\/www.google.com\/maps\/search\/?api=1&amp;query=No%3A4%20So%C4%9Fuk%20%C3%87e%C5%9Fme%20Sokak%2034122%20Istanbul\" target=\"_blank\" rel=\"nofollow noopener\" style=\"outline: none;\" data-lt-tmp-id=\"lt-581789\" spellcheck=\"false\">Abrir en Maps<\/a><\/p>\n<h2>Rese\u00f1as y calificaciones<\/h2>\n<p><strong>4.2\/ 5&nbsp; <\/strong><strong>(6719 opiniones)<\/strong><\/p>\n<p><em>\u00a1Nuestra gu\u00eda Daphne fue fant\u00e1stica! Conoc\u00eda la historia del Palacio y ten\u00eda un Gsoh. \u00a1Me encant\u00f3 el recorrido de una hora con ella! \ud83d\ude0a &#8211; Janeen, abril de 2025<\/em><\/p>\n<p><em>El d\u00eda reservado para la visita al palacio llov\u00eda a c\u00e1ntaros y hac\u00eda fr\u00edo, as\u00ed que la entrada sin colas, que funciona de maravilla, nos permiti\u00f3 no llevar agua, al menos en la cola. El palacio es precioso e interesante, pero todo est\u00e1 abierto y, debido al mal tiempo, no lo disfrutamos tanto como esper\u00e1bamos. &#8211;<\/em> Elena, abril de 2025 <a href=\"https:\/\/www.headout.com\/topkapi-palace-tickets\/topkapi-palace-tickets-skip-the-line-e-13473\/?affiliate_code=KXkQ69&amp;utm_campaign=topkapigttd&amp;utm_content=link&amp;utm_medium=affiliate&amp;utm_source=most_amazing_places\" target=\"_blank\" rel=\"nofollow noopener\" style=\"outline: none;\">&gt;&gt; M\u00e1s rese\u00f1as<\/a><\/p>\n<h2>Algunas actividades que te podr\u00edan gustar<\/h2>\n<p><span># <\/span><strong><span>2<\/span><\/strong><span># <\/span><strong><span>2<\/span><\/strong><span><img decoding=\"async\" alt=\"\" data-id=\"2455\" width=\"159\" data-init-width=\"1200\" height=\"87\" data-init-height=\"678\" src=\"https:\/\/topkapipalace.gen.tr\/wp-content\/uploads\/2024\/06\/Hagia-Sophia-Blue-Mosque-Topkapi-Palace-Basilica-Cistern-Tickets.webp\" data-width=\"159\" data-height=\"87\" style=\"aspect-ratio: auto 1200 \/ 678;\" loading=\"lazy\" title=\"Entradas para Santa Sof\u00eda, Mezquita Azul, Palacio de Topkapi y Cisterna Bas\u00edlica\" data-><\/span><\/p>\n<table>\n<tbody>\n<tr>\n<td><a href=\"https:\/\/megapass.com\/tours-tickets\/istanbul-vip-combo-ticket-i705?discountCode=ma-places\" target=\"_blank\" rel=\"nofollow noopener\" style=\"outline: none;\" data-lt-tmp-id=\"lt-569507\" spellcheck=\"false\">Santa Sof\u00eda, el Palacio de Topkapi y la Cisterna Bas\u00edlica<\/a><\/td>\n<\/tr>\n<\/tbody>\n<\/table>\n<p dir=\"ltr\">Descubra la esencia de Estambul: el Palacio de Topkapi, Santa Sof\u00eda y la misteriosa Cisterna Bas\u00edlica con entradas v\u00e1lidas para todo el d\u00eda, incluido acceso sin colas.<\/p>\n<h3 style=\"\">Precio total<\/h3>\n<h3 style=\"\">No se le cobrar\u00e1 todav\u00eda<\/h3>\n<p><span># <\/span><strong><span>2<\/span><\/strong><span><img decoding=\"async\" alt=\"Entradas para el Palacio de Dolmabah\u00e7e, Santa Sof\u00eda y la Cisterna Bas\u00edlica\" data-id=\"2746\" width=\"159\" data-init-width=\"300\" height=\"113\" data-init-height=\"214\" src=\"https:\/\/topkapipalace.gen.tr\/wp-content\/uploads\/2024\/09\/Dolmabahce-Palace-Hagia-Sophia-Basilica-Cistern-Tickets-300x214.png\" data-width=\"159\" data-height=\"113\" style=\"aspect-ratio: auto 300 \/ 214;\" loading=\"lazy\" data- title=\"\"><\/span><\/p>\n<table>\n<tbody>\n<tr>\n<td><a href=\"https:\/\/megapass.com\/tours-tickets\/basilica-cistern-topkapi-palace-tickets-i2093?discountCode=ma-places\" target=\"_blank\" rel=\"nofollow noopener\" style=\"outline: none;\" data-lt-tmp-id=\"lt-585160\" spellcheck=\"false\">Entradas para la Cisterna Bas\u00edlica y el Palacio de Topkapi<\/a><\/td>\n<\/tr>\n<\/tbody>\n<\/table>\n<p dir=\"ltr\">\u00a1Ahorra al m\u00e1ximo con este combo 2 en 1! Explora el emblem\u00e1tico Palacio de Topkapi y la Cisterna Bas\u00edlica de Estambul a tu propio ritmo. Con entradas sin cola en el bolsillo y una audiogu\u00eda a tu lado, podr\u00e1s adentrarte en su rica historia.<\/p>\n<h3 style=\"\">Precio total<\/h3>\n<h3 style=\"\">No se le cobrar\u00e1 todav\u00eda<\/h3>\n<\/p>\n<h2><a href=\"https:\/\/www.headout.com\/topkapi-palace-tickets\/topkapi-palace-tickets-skip-the-line-e-13473\/?affiliate_code=KXkQ69&amp;utm_campaign=topkapigttd&amp;utm_content=link&amp;utm_medium=affiliate&amp;utm_source=most_amazing_places\" target=\"_blank\" rel=\"nofollow noopener\" style=\"outline: none;\">Hacer una reserva<\/a><\/h2>\n<h1><a href=\"https:\/\/www.headout.com\/topkapi-palace-tickets\/topkapi-palace-tickets-skip-the-line-e-13473\/?affiliate_code=KXkQ69&amp;utm_campaign=topkapigttd&amp;utm_content=link&amp;utm_medium=affiliate&amp;utm_source=most_amazing_places\" target=\"_blank\" rel=\"nofollow noopener\" style=\"outline: none;\">Desde 64,90 \u20ac<\/a><\/h1>\n<p style=\"\">No se le cobrar\u00e1 todav\u00eda<\/p>\n","protected":false},"excerpt":{"rendered":"<p>Entradas sin colas al Palacio de Topkapi y al har\u00e9n con audiogu\u00eda Make a Reservation From \u20ac64.90 Explore la magnificencia del Imperio Otomano con acceso sin colas al Palacio de Topkapi y su lujoso har\u00e9n. Esta pr\u00e1ctica entrada incluye una audiogu\u00eda en diez idiomas, lo que le permitir\u00e1 sumergirse en la rica historia del palacio [&hellip;]<\/p>\n","protected":false},"author":5,"featured_media":2992,"parent":0,"menu_order":0,"comment_status":"closed","ping_status":"closed","template":"","meta":{"footnotes":""},"class_list":["post-3384","page","type-page","status-publish","has-post-thumbnail","hentry","post-wrapper","thrv_wrapper"],"wp-worthy-pixel":{"ignored":false,"public":null,"server":null,"url":null},"wp-worthy-type":"normal","_links":{"self":[{"href":"https:\/\/topkapipalace.gen.tr\/es\/wp-json\/wp\/v2\/pages\/3384","targetHints":{"allow":["GET"]}}],"collection":[{"href":"https:\/\/topkapipalace.gen.tr\/es\/wp-json\/wp\/v2\/pages"}],"about":[{"href":"https:\/\/topkapipalace.gen.tr\/es\/wp-json\/wp\/v2\/types\/page"}],"author":[{"embeddable":true,"href":"https:\/\/topkapipalace.gen.tr\/es\/wp-json\/wp\/v2\/users\/5"}],"replies":[{"embeddable":true,"href":"https:\/\/topkapipalace.gen.tr\/es\/wp-json\/wp\/v2\/comments?post=3384"}],"version-history":[{"count":4,"href":"https:\/\/topkapipalace.gen.tr\/es\/wp-json\/wp\/v2\/pages\/3384\/revisions"}],"predecessor-version":[{"id":3928,"href":"https:\/\/topkapipalace.gen.tr\/es\/wp-json\/wp\/v2\/pages\/3384\/revisions\/3928"}],"wp:featuredmedia":[{"embeddable":true,"href":"https:\/\/topkapipalace.gen.tr\/es\/wp-json\/wp\/v2\/media\/2992"}],"wp:attachment":[{"href":"https:\/\/topkapipalace.gen.tr\/es\/wp-json\/wp\/v2\/media?parent=3384"}],"curies":[{"name":"wp","href":"https:\/\/api.w.org\/{rel}","templated":true}]}}