{"id":3378,"date":"2022-12-21T11:15:31","date_gmt":"2022-12-21T11:15:31","guid":{"rendered":"https:\/\/topkapipalace.gen.tr\/legal-notice\/"},"modified":"2025-07-28T08:06:19","modified_gmt":"2025-07-28T08:06:19","slug":"aviso-legal","status":"publish","type":"page","link":"https:\/\/topkapipalace.gen.tr\/es\/aviso-legal\/","title":{"rendered":"Aviso legal"},"content":{"rendered":"<h1 style=\"\"><strong>Aviso legal<\/strong><\/h1>\n<p style=\"\">Plataforma de la Comisi\u00f3n Europea para la resoluci\u00f3n alternativa de litigios: <a href=\"https:\/\/ec.europa.eu\/consumers\/odr\" style=\"outline: none;\" data-lt-tmp-id=\"lt-976914\" spellcheck=\"false\" target=\"_blank\" rel=\"nofollow noopener\">https:\/\/ec.europa.eu\/consumers\/odr<\/a> No estamos obligados ni dispuestos a participar en una resoluci\u00f3n de litigios mediante un servicio de arbitraje de consumo independiente.<\/p>\n<p style=\"\"><strong><strong><strong>MOST AMAZING PLACES TANITIM VE T\u0130C. A.\u015e.<\/strong><\/strong><\/strong><\/p>\n<p style=\"\"><strong><strong>\u200b<\/strong><\/strong> G\u00fcm\u00fc\u015fsuyu Mah.&nbsp;<\/p>\n<p>\u0130n\u00f6n\u00fc Cd. Apartamento Melek, NO: 11, K1 D2<\/p>\n<p>34437 Beyo\u011flu\/Estambul<\/p>\n<p style=\"\"><strong><strong>Sitio web:&nbsp; <\/strong><a href=\"https:\/\/most-amazing-places.com\/\" target=\"_blank\" style=\"outline: none;\" rel=\"nofollow noopener\">https:\/\/most-amazing-places.com\/<\/a><\/strong><\/p>\n","protected":false},"excerpt":{"rendered":"<p>Aviso legal Plataforma de la Comisi\u00f3n Europea para la resoluci\u00f3n alternativa de litigios: https:\/\/ec.europa.eu\/consumers\/odr No estamos obligados ni dispuestos a participar en una resoluci\u00f3n de litigios mediante un servicio de arbitraje de consumo independiente. MOST AMAZING PLACES TANITIM VE T\u0130C. A.\u015e. \u200b G\u00fcm\u00fc\u015fsuyu Mah.&nbsp; \u0130n\u00f6n\u00fc Cd. Apartamento Melek, NO: 11, K1 D2 34437 Beyo\u011flu\/Estambul Sitio [&hellip;]<\/p>\n","protected":false},"author":3,"featured_media":0,"parent":0,"menu_order":0,"comment_status":"closed","ping_status":"closed","template":"","meta":{"footnotes":""},"class_list":["post-3378","page","type-page","status-publish","hentry","post-wrapper","thrv_wrapper"],"wp-worthy-pixel":{"ignored":false,"public":null,"server":null,"url":null},"wp-worthy-type":"normal","_links":{"self":[{"href":"https:\/\/topkapipalace.gen.tr\/es\/wp-json\/wp\/v2\/pages\/3378","targetHints":{"allow":["GET"]}}],"collection":[{"href":"https:\/\/topkapipalace.gen.tr\/es\/wp-json\/wp\/v2\/pages"}],"about":[{"href":"https:\/\/topkapipalace.gen.tr\/es\/wp-json\/wp\/v2\/types\/page"}],"author":[{"embeddable":true,"href":"https:\/\/topkapipalace.gen.tr\/es\/wp-json\/wp\/v2\/users\/3"}],"replies":[{"embeddable":true,"href":"https:\/\/topkapipalace.gen.tr\/es\/wp-json\/wp\/v2\/comments?post=3378"}],"version-history":[{"count":5,"href":"https:\/\/topkapipalace.gen.tr\/es\/wp-json\/wp\/v2\/pages\/3378\/revisions"}],"predecessor-version":[{"id":3926,"href":"https:\/\/topkapipalace.gen.tr\/es\/wp-json\/wp\/v2\/pages\/3378\/revisions\/3926"}],"wp:attachment":[{"href":"https:\/\/topkapipalace.gen.tr\/es\/wp-json\/wp\/v2\/media?parent=3378"}],"curies":[{"name":"wp","href":"https:\/\/api.w.org\/{rel}","templated":true}]}}