{"id":3336,"date":"2022-12-19T10:46:34","date_gmt":"2022-12-19T10:46:34","guid":{"rendered":"https:\/\/topkapipalace.gen.tr\/frequently-asked-questions\/"},"modified":"2025-07-28T13:30:01","modified_gmt":"2025-07-28T13:30:01","slug":"preguntas-frecuentes","status":"publish","type":"page","link":"https:\/\/topkapipalace.gen.tr\/es\/preguntas-frecuentes\/","title":{"rendered":"Preguntas frecuentes sobre el Palacio de Topkapi"},"content":{"rendered":"<p>__CONFIG_grupo_edici\u00f3n__{}__CONFIG_grupo_edici\u00f3n__<\/p>\n<h1><strong>Preguntas frecuentes sobre el Palacio de Topkapi&nbsp;<\/strong><\/h1>\n<h2 style=\"\"><strong>Preguntas frecuentes sobre el Palacio de Topkapi&nbsp;<\/strong><\/h2>\n<h2 style=\"\"><strong>\u00a1RESERVA TUS ENTRADAS PARA EL PALACIO DE TOPKAPI AHORA!<\/strong><\/h2>\n<h2 id=\"t-1724170966519\" style=\"text-align: left;\"><strong>Entradas al Palacio de Topkapi m\u00e1s vendida<\/strong><\/h2>\n<h2 data-qa-marker=\"product-name\" style=\"\" id=\"t-1724170966520\"><a href=\"https:\/\/www.headout.com\/r\/most-amazing-placesrecommends-FYbUH\/\" target=\"_blank\" style=\"outline: none;\" rel=\"nofollow noopener\" data-lt-tmp-id=\"lt-114502\" spellcheck=\"false\">Entradas sin colas al Palacio Topkapi y el Har\u00e9n con audiogu\u00eda<\/a><\/h2>\n<p style=\"\"><a href=\"https:\/\/www.headout.com\/r\/most-amazing-placesrecommends-FYbUH\/\" target=\"_blank\" rel=\"nofollow noopener\" style=\"outline: none;\" data-lt-tmp-id=\"lt-286436\" spellcheck=\"false\">4.1 \/ 5 (m\u00e1s de 6800 rese\u00f1as)<\/a><\/p>\n<p style=\"\">Evite las largas colas y acceda c\u00f3modamente al palacio de Topkapi del siglo XV con esta entrada sin colas. Dedique tiempo a explorar la atracci\u00f3n m\u00e1s famosa de Estambul y las suntuosas colecciones de los famosos sultanes de la Turqu\u00eda otomana. <strong><span style=\"--tcb-applied-color: rgba(255, 0, 0, 0.85) !important; color: rgba(255, 0, 0, 0.85) !important;\"><a href=\"https:\/\/www.headout.com\/r\/most-amazing-placesrecommends-FYbUH\/\" target=\"_blank\" rel=\"nofollow noopener\" style=\"outline: none;\" data-lt-tmp-id=\"lt-246665\" spellcheck=\"false\">+ m\u00e1s informaci\u00f3n<\/a><\/span><\/strong><strong><span style=\"--tcb-applied-color: rgba(255, 0, 0, 0.85) !important; color: rgba(255, 0, 0, 0.85) !important;\"> <a href=\"https:\/\/www.headout.com\/r\/most-amazing-placesrecommends-eIPYn\/\" target=\"_blank\" rel=\"nofollow noopener\" style=\"outline: none;\"><\/a><\/span><\/strong><\/p>\n<p style=\"\"><a href=\"https:\/\/www.headout.com\/r\/most-amazing-placesrecommends-FYbUH\/\" target=\"_blank\" rel=\"nofollow noopener\" style=\"outline: none; font-size: 30px !important;\" data-lt-tmp-id=\"lt-631317\" spellcheck=\"false\">64,90 \u20ac<\/a><\/p>\n<p> __CONFIG_colors_palette__{\u00abactive_palette\u00bb:0,\u00bbconfig\u00bb:{\u00abcolors\u00bb:{\u00ab62516\u00bb:{\u00abname\u00bb:\u00bbMain Accent\u00bb,\u00bbparent\u00bb:-1}},\u00bbgradients\u00bb:[]},\u00bbpalettes\u00bb:[{\u00abname\u00bb:\u00bbDefault Palette\u00bb,\u00bbvalue\u00bb:{\u00abcolors\u00bb:{\u00ab62516\u00bb:{\u00abval\u00bb:\u00bbrgb(29, 73, 186)\u00bb}},\u00bbgradients\u00bb:[]}}]}__CONFIG_colors_palette__ <a href=\"https:\/\/www.headout.com\/r\/most-amazing-placesrecommends-FYbUH\/\" target=\"_blank\" rel=\"nofollow noopener\" style=\"\"> <span><span><strong>Consultar disponibilidad<\/strong><\/span><\/span> <\/a>  <\/p>\n<h2 id=\"t-1724170966522\" style=\"text-align: left;\"><strong>La visita guiada m\u00e1s vendida al Palacio de Topkapi<\/strong><\/h2>\n<h2 data-qa-marker=\"product-name\" style=\"\" id=\"t-1724170966523\"><a data-lt-tmp-id=\"lt-707014\" href=\"https:\/\/megapass.com\/tours-tickets\/topkapi-palace-tickets-i27?discountCode=ma-places\" rel=\"nofollow noopener\" spellcheck=\"false\" target=\"_blank\" style=\"outline: none;\">Visita guiada al Palacio de Topkapi y entrada sin colas<\/a><\/h2>\n<p style=\"\"><a href=\"https:\/\/www.headout.com\/r\/most-amazing-placesrecommends-eIPYn\/\" target=\"_blank\" rel=\"nofollow noopener\" style=\"outline: currentcolor;\"><\/a><a href=\"https:\/\/megapass.com\/turkey\/istanbul\/topkapi-palace-museum-tickets?discountCode=ma-places\" rel=\"nofollow noopener\" target=\"_blank\" style=\"outline: currentcolor;\"><\/a><a href=\"https:\/\/megapass.com\/tours-tickets\/topkapi-palace-tickets-i27?discountCode=ma-places\" rel=\"nofollow noopener\" target=\"_blank\" style=\"outline: none;\" spellcheck=\"false\">4.8 \/ 5 (m\u00e1s de 10 rese\u00f1as)<\/a><\/p>\n<p data-test-id=\"activity-overview-content\" data-v-5726f79d=\"\">Disfrute del privilegio de saltarse las filas para acceder al Palacio de Topkapi y disfrutar de acceso prioritario con un gu\u00eda autorizado. Explore con su gu\u00eda este lugar declarado Patrimonio de la Humanidad por la UNESCO. <a href=\"https:\/\/megapass.com\/tours-tickets\/topkapi-palace-tickets-i27?discountCode=ma-places\" rel=\"nofollow noopener\" target=\"_blank\" style=\"outline: none;\"><strong>+ m\u00e1s informaci\u00f3n<\/strong><\/a><\/p>\n<p style=\"\"><a href=\"https:\/\/www.headout.com\/r\/most-amazing-placesrecommends-eIPYn\/\" target=\"_blank\" rel=\"nofollow noopener\" style=\"outline: currentcolor;\"><\/a><a data-lt-tmp-id=\"lt-949290\" href=\"https:\/\/www.headout.com\/r\/most-amazing-placesrecommends-7Svlr\/\" rel=\"nofollow noopener\" spellcheck=\"false\" target=\"_blank\" style=\"outline: currentcolor;\"><\/a><a data-lt-tmp-id=\"lt-821383\" href=\"https:\/\/megapass.com\/turkey\/istanbul\/topkapi-palace-museum-tickets?discountCode=ma-places\" rel=\"nofollow noopener\" spellcheck=\"false\" target=\"_blank\" style=\"outline: currentcolor;\"><\/a><a data-lt-tmp-id=\"lt-553386\" href=\"https:\/\/megapass.com\/tours-tickets\/topkapi-palace-tickets-i27?discountCode=ma-places\" rel=\"nofollow noopener\" spellcheck=\"false\" target=\"_blank\" style=\"outline: none;\">69,90 \u20ac<\/a><\/p>\n<p> __CONFIG_colors_palette__{\u00abactive_palette\u00bb:0,\u00bbconfig\u00bb:{\u00abcolors\u00bb:{\u00ab62516\u00bb:{\u00abname\u00bb:\u00bbMain Accent\u00bb,\u00bbparent\u00bb:-1}},\u00bbgradients\u00bb:[]},\u00bbpalettes\u00bb:[{\u00abname\u00bb:\u00bbDefault Palette\u00bb,\u00bbvalue\u00bb:{\u00abcolors\u00bb:{\u00ab62516\u00bb:{\u00abval\u00bb:\u00bbrgb(29, 73, 186)\u00bb}},\u00bbgradients\u00bb:[]}}]}__CONFIG_colors_palette__ <a href=\"https:\/\/megapass.com\/tours-tickets\/topkapi-palace-tickets-i27?discountCode=ma-places\" target=\"_blank\" rel=\"nofollow noopener\" style=\"\"> <span><span><strong>Consultar disponibilidad<\/strong><\/span><\/span> <\/a>  <\/p>\n<h2 style=\"text-align: left;\" id=\"t-1724170966527\"><strong>Las entradas combinadas m\u00e1s preferidas<\/strong><\/h2>\n<h2 data-qa-marker=\"product-name\" style=\"\" id=\"t-1724170966528\"><a href=\"https:\/\/www.headout.com\/r\/most-amazing-placesrecommends-eIPYn\/\" target=\"_blank\" style=\"outline: currentcolor;\" rel=\"nofollow noopener\"><\/a><a data-lt-tmp-id=\"lt-225321\" href=\"https:\/\/www.headout.com\/r\/most-amazing-placesrecommends-7Svlr\/\" rel=\"nofollow noopener\" spellcheck=\"false\" target=\"_blank\" style=\"outline: currentcolor;\"><\/a><a data-lt-tmp-id=\"lt-398957\" href=\"https:\/\/megapass.com\/turkey\/istanbul\/topkapi-palace-museum-tickets?discountCode=ma-places\" rel=\"nofollow noopener\" spellcheck=\"false\" target=\"_blank\" style=\"outline: currentcolor;\"><\/a><a data-lt-tmp-id=\"lt-707014\" href=\"https:\/\/www.getyourguide.com\/istanbul-l56\/istanbul-topkapi-palace-harem-tour-including-entry-ticket-t127010\/?partner_id=NO9XIDE&amp;utm_medium=online_publisher&amp;cmp=TopkapiGenTrHomepage\" rel=\"nofollow noopener\" spellcheck=\"false\" target=\"_blank\" style=\"outline: currentcolor;\"><\/a><a data-lt-tmp-id=\"lt-652778\" href=\"https:\/\/megapass.com\/tours-tickets\/topkapi-palace-ticket-and-bosphorus-cruise-i1169?discountCode=ma-places\" rel=\"nofollow noopener\" spellcheck=\"false\" target=\"_blank\" style=\"outline: none;\">Entrada al Palacio de Topkapi y crucero por el B\u00f3sforo<\/a><\/h2>\n<p style=\"\"><a href=\"https:\/\/megapass.com\/tours-tickets\/topkapi-palace-ticket-and-bosphorus-cruise-i1169?discountCode=ma-places\" target=\"_blank\" rel=\"nofollow noopener\" style=\"outline: none;\" data-lt-tmp-id=\"lt-784368\" spellcheck=\"false\">4.7 \/ 5 (m\u00e1s de 20 rese\u00f1as)<\/a><\/p>\n<p data-test-id=\"activity-overview-content\" data-v-5726f79d=\"\">Consigue este combo que te ahorrar\u00e1 dinero y disfruta de entradas sin colas al Palacio de Topkapi junto con el crucero por el B\u00f3sforo de Estambul con comentarios de audio. <a href=\"https:\/\/megapass.com\/tours-tickets\/topkapi-palace-ticket-and-bosphorus-cruise-i1169?discountCode=ma-places\" rel=\"nofollow noopener\" target=\"_blank\" style=\"outline: none;\" data-lt-tmp-id=\"lt-377927\" spellcheck=\"false\"><strong>+ m\u00e1s detalles<\/strong><\/a><\/p>\n<p style=\"\"><a href=\"https:\/\/www.headout.com\/r\/most-amazing-placesrecommends-eIPYn\/\" target=\"_blank\" rel=\"nofollow noopener\" style=\"outline: currentcolor;\"><\/a><a data-lt-tmp-id=\"lt-949290\" href=\"https:\/\/www.headout.com\/r\/most-amazing-placesrecommends-7Svlr\/\" rel=\"nofollow noopener\" spellcheck=\"false\" target=\"_blank\" style=\"outline: currentcolor;\"><\/a><a data-lt-tmp-id=\"lt-821383\" href=\"https:\/\/megapass.com\/turkey\/istanbul\/topkapi-palace-museum-tickets?discountCode=ma-places\" rel=\"nofollow noopener\" spellcheck=\"false\" target=\"_blank\" style=\"outline: currentcolor;\"><\/a><a data-lt-tmp-id=\"lt-541635\" href=\"https:\/\/www.getyourguide.com\/istanbul-l56\/istanbul-topkapi-palace-harem-tour-including-entry-ticket-t127010\/?partner_id=NO9XIDE&amp;utm_medium=online_publisher&amp;cmp=TopkapiGenTrHomepage\" rel=\"nofollow noopener\" spellcheck=\"false\" target=\"_blank\" style=\"outline: currentcolor;\"><\/a><a data-lt-tmp-id=\"lt-112446\" href=\"https:\/\/megapass.com\/tours-tickets\/topkapi-palace-ticket-and-bosphorus-cruise-i1169?discountCode=ma-places\" rel=\"nofollow noopener\" spellcheck=\"false\" target=\"_blank\" style=\"outline: none;\">67,00 \u20ac&nbsp;<\/a><\/p>\n<p> __CONFIG_colors_palette__{\u00abactive_palette\u00bb:0,\u00bbconfig\u00bb:{\u00abcolors\u00bb:{\u00ab62516\u00bb:{\u00abname\u00bb:\u00bbMain Accent\u00bb,\u00bbparent\u00bb:-1}},\u00bbgradients\u00bb:[]},\u00bbpalettes\u00bb:[{\u00abname\u00bb:\u00bbDefault Palette\u00bb,\u00bbvalue\u00bb:{\u00abcolors\u00bb:{\u00ab62516\u00bb:{\u00abval\u00bb:\u00bbrgb(29, 73, 186)\u00bb}},\u00bbgradients\u00bb:[]}}]}__CONFIG_colors_palette__ <a href=\"https:\/\/megapass.com\/tours-tickets\/topkapi-palace-ticket-and-bosphorus-cruise-i1169?discountCode=ma-places\" target=\"_blank\" rel=\"nofollow noopener\" style=\"\"> <span><span><strong>Consultar disponibilidad<\/strong><\/span><\/span> <\/a>    <\/p>\n<h2 data-qa-marker=\"product-name\" style=\"\" id=\"t-1753173980796\"><a href=\"https:\/\/www.headout.com\/r\/most-amazing-placesrecommends-eIPYn\/\" target=\"_blank\" style=\"outline: currentcolor;\" rel=\"nofollow noopener\"><\/a><a data-lt-tmp-id=\"lt-225321\" href=\"https:\/\/www.headout.com\/r\/most-amazing-placesrecommends-7Svlr\/\" rel=\"nofollow noopener\" spellcheck=\"false\" target=\"_blank\" style=\"outline: currentcolor;\"><\/a><a data-lt-tmp-id=\"lt-398957\" href=\"https:\/\/megapass.com\/turkey\/istanbul\/topkapi-palace-museum-tickets?discountCode=ma-places\" rel=\"nofollow noopener\" spellcheck=\"false\" target=\"_blank\" style=\"outline: currentcolor;\"><\/a><a data-lt-tmp-id=\"lt-707014\" href=\"https:\/\/www.getyourguide.com\/istanbul-l56\/istanbul-topkapi-palace-harem-tour-including-entry-ticket-t127010\/?partner_id=NO9XIDE&amp;utm_medium=online_publisher&amp;cmp=TopkapiGenTrHomepage\" rel=\"nofollow noopener\" spellcheck=\"false\" target=\"_blank\" style=\"outline: currentcolor;\"><\/a><a data-lt-tmp-id=\"lt-652778\" href=\"https:\/\/megapass.com\/tours-tickets\/basilica-cistern-topkapi-palace-tickets-i2093?discountCode=ma-places\" rel=\"nofollow noopener\" spellcheck=\"false\" target=\"_blank\" style=\"outline: none;\">Entradas para la Cisterna Bas\u00edlica y el Palacio de Topkapi<\/a><\/h2>\n<p style=\"\"><a href=\"https:\/\/megapass.com\/tours-tickets\/basilica-cistern-topkapi-palace-tickets-i2093?discountCode=ma-places\" target=\"_blank\" rel=\"nofollow noopener\" style=\"outline: none;\" data-lt-tmp-id=\"lt-209330\" spellcheck=\"false\">4.7 \/ 5 (m\u00e1s de 20 rese\u00f1as)<\/a><\/p>\n<p data-pm-slice=\"1 1 []\" style=\"\">Descubra los tesoros ocultos de Estambul con acceso sin colas al Palacio de Topkapi y la Cisterna Bas\u00edlica, con una audiogu\u00eda inmersiva. <a href=\"https:\/\/megapass.com\/tours-tickets\/basilica-cistern-topkapi-palace-tickets-i2093?discountCode=ma-places\" rel=\"nofollow noopener\" target=\"_blank\" style=\"outline: none;\" data-lt-tmp-id=\"lt-377927\" spellcheck=\"false\"><strong>+ m\u00e1s detalles<\/strong><\/a><\/p>\n<p style=\"\"><a href=\"https:\/\/www.headout.com\/r\/most-amazing-placesrecommends-eIPYn\/\" target=\"_blank\" rel=\"nofollow noopener\" style=\"outline: currentcolor;\"><\/a><a data-lt-tmp-id=\"lt-949290\" href=\"https:\/\/www.headout.com\/r\/most-amazing-placesrecommends-7Svlr\/\" rel=\"nofollow noopener\" spellcheck=\"false\" target=\"_blank\" style=\"outline: currentcolor;\"><\/a><a data-lt-tmp-id=\"lt-821383\" href=\"https:\/\/megapass.com\/turkey\/istanbul\/topkapi-palace-museum-tickets?discountCode=ma-places\" rel=\"nofollow noopener\" spellcheck=\"false\" target=\"_blank\" style=\"outline: currentcolor;\"><\/a><a data-lt-tmp-id=\"lt-541635\" href=\"https:\/\/www.getyourguide.com\/istanbul-l56\/istanbul-topkapi-palace-harem-tour-including-entry-ticket-t127010\/?partner_id=NO9XIDE&amp;utm_medium=online_publisher&amp;cmp=TopkapiGenTrHomepage\" rel=\"nofollow noopener\" spellcheck=\"false\" target=\"_blank\" style=\"outline: currentcolor;\"><\/a><a href=\"https:\/\/megapass.com\/tours-tickets\/basilica-cistern-topkapi-palace-tickets-i2093?discountCode=ma-places\" rel=\"nofollow noopener\" spellcheck=\"false\" target=\"_blank\" style=\"outline: none;\">92,00 \u20ac<\/a><\/p>\n<p> __CONFIG_colors_palette__{\u00abactive_palette\u00bb:0,\u00bbconfig\u00bb:{\u00abcolors\u00bb:{\u00ab62516\u00bb:{\u00abname\u00bb:\u00bbMain Accent\u00bb,\u00bbparent\u00bb:-1}},\u00bbgradients\u00bb:[]},\u00bbpalettes\u00bb:[{\u00abname\u00bb:\u00bbDefault Palette\u00bb,\u00bbvalue\u00bb:{\u00abcolors\u00bb:{\u00ab62516\u00bb:{\u00abval\u00bb:\u00bbrgb(29, 73, 186)\u00bb}},\u00bbgradients\u00bb:[]}}]}__CONFIG_colors_palette__ <a href=\"https:\/\/megapass.com\/tours-tickets\/basilica-cistern-topkapi-palace-tickets-i2093?discountCode=ma-places\" target=\"_blank\" rel=\"nofollow noopener\" style=\"\"> <span><span><strong>Consultar disponibilidad<\/strong><\/span><\/span> <\/a>    <\/p>\n<h2 data-qa-marker=\"product-name\" style=\"\" id=\"t-1753173980797\"><a href=\"https:\/\/www.headout.com\/r\/most-amazing-placesrecommends-eIPYn\/\" target=\"_blank\" style=\"outline: currentcolor;\" rel=\"nofollow noopener\"><\/a><a data-lt-tmp-id=\"lt-225321\" href=\"https:\/\/www.headout.com\/r\/most-amazing-placesrecommends-7Svlr\/\" rel=\"nofollow noopener\" spellcheck=\"false\" target=\"_blank\" style=\"outline: currentcolor;\"><\/a><a data-lt-tmp-id=\"lt-398957\" href=\"https:\/\/megapass.com\/turkey\/istanbul\/topkapi-palace-museum-tickets?discountCode=ma-places\" rel=\"nofollow noopener\" spellcheck=\"false\" target=\"_blank\" style=\"outline: currentcolor;\"><\/a><a data-lt-tmp-id=\"lt-707014\" href=\"https:\/\/www.getyourguide.com\/istanbul-l56\/istanbul-topkapi-palace-harem-tour-including-entry-ticket-t127010\/?partner_id=NO9XIDE&amp;utm_medium=online_publisher&amp;cmp=TopkapiGenTrHomepage\" rel=\"nofollow noopener\" spellcheck=\"false\" target=\"_blank\" style=\"outline: currentcolor;\"><\/a><a data-lt-tmp-id=\"lt-652778\" href=\"https:\/\/megapass.com\/tours-tickets\/topkapi-palace-hagia-sophia-tickets-i1042?discountCode=ma-places\" rel=\"nofollow noopener\" spellcheck=\"false\" target=\"_blank\" style=\"outline: none;\">Entradas para el Palacio de Topkapi y Santa Sof\u00eda<\/a><\/h2>\n<p style=\"\"><a href=\"https:\/\/megapass.com\/tours-tickets\/topkapi-palace-hagia-sophia-tickets-i1042?discountCode=ma-places\" target=\"_blank\" rel=\"nofollow noopener\" style=\"outline: none;\" data-lt-tmp-id=\"lt-796681\" spellcheck=\"false\">4.7 \/ 5 (m\u00e1s de 20 rese\u00f1as)<\/a><\/p>\n<p data-pm-slice=\"1 1 []\" style=\"\">Evite las colas de entradas y explore el Palacio de Topkapi y la Mezquita de Santa Sof\u00eda con facilidad, con una audiogu\u00eda gratuita para una experiencia m\u00e1s enriquecedora. <a href=\"https:\/\/megapass.com\/tours-tickets\/topkapi-palace-hagia-sophia-tickets-i1042?discountCode=ma-places\" rel=\"nofollow noopener\" target=\"_blank\" style=\"outline: none;\" data-lt-tmp-id=\"lt-377927\" spellcheck=\"false\"><strong>+ m\u00e1s detalles<\/strong><\/a><\/p>\n<p style=\"\"><a href=\"https:\/\/www.headout.com\/r\/most-amazing-placesrecommends-eIPYn\/\" target=\"_blank\" rel=\"nofollow noopener\" style=\"outline: currentcolor;\"><\/a><a data-lt-tmp-id=\"lt-949290\" href=\"https:\/\/www.headout.com\/r\/most-amazing-placesrecommends-7Svlr\/\" rel=\"nofollow noopener\" spellcheck=\"false\" target=\"_blank\" style=\"outline: currentcolor;\"><\/a><a data-lt-tmp-id=\"lt-821383\" href=\"https:\/\/megapass.com\/turkey\/istanbul\/topkapi-palace-museum-tickets?discountCode=ma-places\" rel=\"nofollow noopener\" spellcheck=\"false\" target=\"_blank\" style=\"outline: currentcolor;\"><\/a><a data-lt-tmp-id=\"lt-541635\" href=\"https:\/\/www.getyourguide.com\/istanbul-l56\/istanbul-topkapi-palace-harem-tour-including-entry-ticket-t127010\/?partner_id=NO9XIDE&amp;utm_medium=online_publisher&amp;cmp=TopkapiGenTrHomepage\" rel=\"nofollow noopener\" spellcheck=\"false\" target=\"_blank\" style=\"outline: currentcolor;\"><\/a><a data-lt-tmp-id=\"lt-191510\" href=\"https:\/\/megapass.com\/tours-tickets\/topkapi-palace-hagia-sophia-tickets-i1042?discountCode=ma-places\" rel=\"nofollow noopener\" spellcheck=\"false\" target=\"_blank\" style=\"outline: none;\">94,00 \u20ac<\/a><\/p>\n<p> __CONFIG_colors_palette__{\u00abactive_palette\u00bb:0,\u00bbconfig\u00bb:{\u00abcolors\u00bb:{\u00ab62516\u00bb:{\u00abname\u00bb:\u00bbMain Accent\u00bb,\u00bbparent\u00bb:-1}},\u00bbgradients\u00bb:[]},\u00bbpalettes\u00bb:[{\u00abname\u00bb:\u00bbDefault Palette\u00bb,\u00bbvalue\u00bb:{\u00abcolors\u00bb:{\u00ab62516\u00bb:{\u00abval\u00bb:\u00bbrgb(29, 73, 186)\u00bb}},\u00bbgradients\u00bb:[]}}]}__CONFIG_colors_palette__ <a href=\"https:\/\/megapass.com\/tours-tickets\/topkapi-palace-hagia-sophia-tickets-i1042?discountCode=ma-places\" target=\"_blank\" rel=\"nofollow noopener\" style=\"\"> <span><span><strong>Consultar disponibilidad<\/strong><\/span><\/span> <\/a>    <\/p>\n<h2 data-qa-marker=\"product-name\" style=\"\" id=\"t-1724170966530\"><a href=\"https:\/\/www.headout.com\/r\/most-amazing-placesrecommends-eIPYn\/\" target=\"_blank\" style=\"outline: currentcolor;\" rel=\"nofollow noopener\"><\/a><a data-lt-tmp-id=\"lt-225321\" href=\"https:\/\/www.headout.com\/r\/most-amazing-placesrecommends-7Svlr\/\" rel=\"nofollow noopener\" spellcheck=\"false\" target=\"_blank\" style=\"outline: currentcolor;\"><\/a><a data-lt-tmp-id=\"lt-398957\" href=\"https:\/\/megapass.com\/turkey\/istanbul\/topkapi-palace-museum-tickets?discountCode=ma-places\" rel=\"nofollow noopener\" spellcheck=\"false\" target=\"_blank\" style=\"outline: currentcolor;\"><\/a><a data-lt-tmp-id=\"lt-707014\" href=\"https:\/\/www.getyourguide.com\/istanbul-l56\/istanbul-topkapi-palace-harem-tour-including-entry-ticket-t127010\/?partner_id=NO9XIDE&amp;utm_medium=online_publisher&amp;cmp=TopkapiGenTrHomepage\" rel=\"nofollow noopener\" spellcheck=\"false\" target=\"_blank\" style=\"outline: currentcolor;\"><\/a><a data-lt-tmp-id=\"lt-652778\" href=\"https:\/\/www.headout.com\/r\/most-amazing-placesrecommends-fgJJG\/\" rel=\"nofollow noopener\" spellcheck=\"false\" style=\"outline: currentcolor;\" target=\"_blank\"><strong><\/strong><\/a><strong><a data-lt-tmp-id=\"lt-652778\" href=\"https:\/\/megapass.com\/tours-tickets\/istanbul-vip-combo-ticket-i705?discountCode=ma-places\" rel=\"nofollow noopener\" spellcheck=\"false\" style=\"outline: none;\" target=\"_blank\"><strong>Combinaci\u00f3n del Palacio de Topkapi, Santa Sof\u00eda y la Cisterna Bas\u00edlica<\/strong><\/a><\/strong><\/h2>\n<p style=\"\"><a href=\"https:\/\/megapass.com\/tours-tickets\/istanbul-vip-combo-ticket-i705?discountCode=ma-places\" rel=\"nofollow noopener\" style=\"outline: none;\" target=\"_blank\" spellcheck=\"false\">4.9 \/ 5 (m\u00e1s de 30 rese\u00f1as)<\/a><\/p>\n<p data-test-id=\"activity-overview-content\" data-v-5726f79d=\"\">Ahorre al m\u00e1ximo con esta entrada combinada 3 en 1. Explore la emblem\u00e1tica Santa Sof\u00eda, la Cisterna Bas\u00edlica y el Palacio de Topkapi de Estambul con acceso sin colas y una audiogu\u00eda interactiva. <a href=\"https:\/\/megapass.com\/tours-tickets\/istanbul-vip-combo-ticket-i705?discountCode=ma-places\" rel=\"nofollow noopener\" style=\"outline: none;\" target=\"_blank\" data-lt-tmp-id=\"lt-376169\" spellcheck=\"false\"><strong>+ m\u00e1s informaci\u00f3n<\/strong><\/a><\/p>\n<p style=\"\"><a href=\"https:\/\/www.headout.com\/r\/most-amazing-placesrecommends-eIPYn\/\" target=\"_blank\" rel=\"nofollow noopener\" style=\"outline: currentcolor;\"><\/a><a data-lt-tmp-id=\"lt-949290\" href=\"https:\/\/www.headout.com\/r\/most-amazing-placesrecommends-7Svlr\/\" rel=\"nofollow noopener\" spellcheck=\"false\" target=\"_blank\" style=\"outline: currentcolor;\"><\/a><a data-lt-tmp-id=\"lt-821383\" href=\"https:\/\/megapass.com\/turkey\/istanbul\/topkapi-palace-museum-tickets?discountCode=ma-places\" rel=\"nofollow noopener\" spellcheck=\"false\" target=\"_blank\" style=\"outline: currentcolor;\"><\/a><a data-lt-tmp-id=\"lt-541635\" href=\"https:\/\/www.getyourguide.com\/istanbul-l56\/istanbul-topkapi-palace-harem-tour-including-entry-ticket-t127010\/?partner_id=NO9XIDE&amp;utm_medium=online_publisher&amp;cmp=TopkapiGenTrHomepage\" rel=\"nofollow noopener\" spellcheck=\"false\" target=\"_blank\" style=\"outline: currentcolor;\"><\/a><a data-lt-tmp-id=\"lt-814627\" href=\"https:\/\/megapass.com\/tours-tickets\/istanbul-vip-combo-ticket-i705?discountCode=ma-places\" rel=\"nofollow noopener\" spellcheck=\"false\" target=\"_blank\" style=\"outline: none;\">123 \u20ac<\/a><\/p>\n<p> __CONFIG_colors_palette__{\u00abactive_palette\u00bb:0,\u00bbconfig\u00bb:{\u00abcolors\u00bb:{\u00ab62516\u00bb:{\u00abname\u00bb:\u00bbMain Accent\u00bb,\u00bbparent\u00bb:-1}},\u00bbgradients\u00bb:[]},\u00bbpalettes\u00bb:[{\u00abname\u00bb:\u00bbDefault Palette\u00bb,\u00bbvalue\u00bb:{\u00abcolors\u00bb:{\u00ab62516\u00bb:{\u00abval\u00bb:\u00bbrgb(29, 73, 186)\u00bb}},\u00bbgradients\u00bb:[]}}]}__CONFIG_colors_palette__ <a href=\"https:\/\/megapass.com\/tours-tickets\/istanbul-vip-combo-ticket-i705?discountCode=ma-places\" target=\"_blank\" rel=\"nofollow noopener\" style=\"\"> <span><span><strong>Consultar disponibilidad<\/strong><\/span><\/span> <\/a>    <a href=\"#\"> <span style=\"\"><span style=\"\">Monthly<\/span><\/span> <\/a>   __CONFIG_grupo_edici\u00f3n__{}__CONFIG_grupo_edici\u00f3n____CONFIG_grupo_edici\u00f3n__{}__CONFIG_grupo_edici\u00f3n__<\/p>\n<h3 style=\"text-align: center;\"><span style=\"--tcb-text-highlight-color: rgba(255, 0, 0, 0.8) !important;\">Ahorra dinero con las 3 MEJORES OFERTAS de MEGAPAss para Estambul<\/span><\/h3>\n","protected":false},"excerpt":{"rendered":"<p>__CONFIG_grupo_edici\u00f3n__{}__CONFIG_grupo_edici\u00f3n__ Preguntas frecuentes sobre el Palacio de Topkapi&nbsp; Preguntas frecuentes sobre el Palacio de Topkapi&nbsp; \u00a1RESERVA TUS ENTRADAS PARA EL PALACIO DE TOPKAPI AHORA! Entradas al Palacio de Topkapi m\u00e1s vendida Entradas sin colas al Palacio Topkapi y el Har\u00e9n con audiogu\u00eda 4.1 \/ 5 (m\u00e1s de 6800 rese\u00f1as) Evite las largas colas y acceda [&hellip;]<\/p>\n","protected":false},"author":3,"featured_media":3283,"parent":0,"menu_order":0,"comment_status":"closed","ping_status":"closed","template":"","meta":{"footnotes":""},"class_list":["post-3336","page","type-page","status-publish","has-post-thumbnail","hentry","post-wrapper","thrv_wrapper"],"wp-worthy-pixel":{"ignored":false,"public":null,"server":null,"url":null},"wp-worthy-type":"normal","_links":{"self":[{"href":"https:\/\/topkapipalace.gen.tr\/es\/wp-json\/wp\/v2\/pages\/3336","targetHints":{"allow":["GET"]}}],"collection":[{"href":"https:\/\/topkapipalace.gen.tr\/es\/wp-json\/wp\/v2\/pages"}],"about":[{"href":"https:\/\/topkapipalace.gen.tr\/es\/wp-json\/wp\/v2\/types\/page"}],"author":[{"embeddable":true,"href":"https:\/\/topkapipalace.gen.tr\/es\/wp-json\/wp\/v2\/users\/3"}],"replies":[{"embeddable":true,"href":"https:\/\/topkapipalace.gen.tr\/es\/wp-json\/wp\/v2\/comments?post=3336"}],"version-history":[{"count":6,"href":"https:\/\/topkapipalace.gen.tr\/es\/wp-json\/wp\/v2\/pages\/3336\/revisions"}],"predecessor-version":[{"id":4199,"href":"https:\/\/topkapipalace.gen.tr\/es\/wp-json\/wp\/v2\/pages\/3336\/revisions\/4199"}],"wp:featuredmedia":[{"embeddable":true,"href":"https:\/\/topkapipalace.gen.tr\/es\/wp-json\/wp\/v2\/media\/3283"}],"wp:attachment":[{"href":"https:\/\/topkapipalace.gen.tr\/es\/wp-json\/wp\/v2\/media?parent=3336"}],"curies":[{"name":"wp","href":"https:\/\/api.w.org\/{rel}","templated":true}]}}