{"id":3329,"date":"2021-05-12T05:16:09","date_gmt":"2021-05-12T05:16:09","guid":{"rendered":"https:\/\/topkapipalace.gen.tr\/contact\/"},"modified":"2025-07-28T08:05:01","modified_gmt":"2025-07-28T08:05:01","slug":"contacto","status":"publish","type":"page","link":"https:\/\/topkapipalace.gen.tr\/es\/contacto\/","title":{"rendered":"Contacto"},"content":{"rendered":"<h3 style=\"text-align: center;\">Contacte con nosotros&nbsp;<\/h3>\n<p style=\"\">No dude en contactarnos si tiene alguna <strong>pregunta <\/strong><span style=\"font-weight: normal;\">o <\/span><strong>consulta sobre <\/strong><strong>entradas, visitas<\/strong> y <strong>organizaci\u00f3n de grupos.<\/strong> Complete el formulario a continuaci\u00f3n.<\/p>\n<p style=\"\">Nuestro equipo profesional de expertos locales e internacionales responder\u00e1 a su solicitud <strong>lo antes posible<\/strong> .<\/p>\n","protected":false},"excerpt":{"rendered":"<p>Contacte con nosotros&nbsp; No dude en contactarnos si tiene alguna pregunta o consulta sobre entradas, visitas y organizaci\u00f3n de grupos. Complete el formulario a continuaci\u00f3n. Nuestro equipo profesional de expertos locales e internacionales responder\u00e1 a su solicitud lo antes posible .<\/p>\n","protected":false},"author":3,"featured_media":0,"parent":0,"menu_order":0,"comment_status":"closed","ping_status":"closed","template":"","meta":{"footnotes":""},"class_list":["post-3329","page","type-page","status-publish","hentry","post-wrapper","thrv_wrapper"],"wp-worthy-pixel":{"ignored":false,"public":null,"server":null,"url":null},"wp-worthy-type":"normal","_links":{"self":[{"href":"https:\/\/topkapipalace.gen.tr\/es\/wp-json\/wp\/v2\/pages\/3329","targetHints":{"allow":["GET"]}}],"collection":[{"href":"https:\/\/topkapipalace.gen.tr\/es\/wp-json\/wp\/v2\/pages"}],"about":[{"href":"https:\/\/topkapipalace.gen.tr\/es\/wp-json\/wp\/v2\/types\/page"}],"author":[{"embeddable":true,"href":"https:\/\/topkapipalace.gen.tr\/es\/wp-json\/wp\/v2\/users\/3"}],"replies":[{"embeddable":true,"href":"https:\/\/topkapipalace.gen.tr\/es\/wp-json\/wp\/v2\/comments?post=3329"}],"version-history":[{"count":5,"href":"https:\/\/topkapipalace.gen.tr\/es\/wp-json\/wp\/v2\/pages\/3329\/revisions"}],"predecessor-version":[{"id":4149,"href":"https:\/\/topkapipalace.gen.tr\/es\/wp-json\/wp\/v2\/pages\/3329\/revisions\/4149"}],"wp:attachment":[{"href":"https:\/\/topkapipalace.gen.tr\/es\/wp-json\/wp\/v2\/media?parent=3329"}],"curies":[{"name":"wp","href":"https:\/\/api.w.org\/{rel}","templated":true}]}}