{"id":3323,"date":"2024-09-10T12:55:47","date_gmt":"2024-09-10T12:55:47","guid":{"rendered":"https:\/\/topkapipalace.gen.tr\/blue-mosque-topkapi-palace-basilica-cistern-combo-ticket\/"},"modified":"2025-07-28T12:02:37","modified_gmt":"2025-07-28T12:02:37","slug":"mezquita-azul-palacio-topkapi-basilica-cisterna-entrada-combinada","status":"publish","type":"page","link":"https:\/\/topkapipalace.gen.tr\/es\/mezquita-azul-palacio-topkapi-basilica-cisterna-entrada-combinada\/","title":{"rendered":"Mezquita Azul, Palacio de Topkapi y Cisterna Bas\u00edlica"},"content":{"rendered":"<p><span><img decoding=\"async\" alt=\"\" data-id=\"2780\" width=\"2356\" height=\"1326\" src=\"https:\/\/topkapipalace.gen.tr\/wp-content\/uploads\/2024\/09\/Blue-Mosque-Topkapi-Palace-Basilica-Cistern-1-1024x576.png\" data-src=\"https:\/\/topkapipalace.gen.tr\/wp-content\/uploads\/2024\/09\/Blue-Mosque-Topkapi-Palace-Basilica-Cistern-1-300x169.png\" loading=\"lazy\" data-sizes=\"{&quot;thumbnail&quot;:{&quot;url&quot;:&quot;https:\/\/topkapipalace.gen.tr\/wp-content\/uploads\/2024\/09\/Blue-Mosque-Topkapi-Palace-Basilica-Cistern-1-150x150.png&quot;,&quot;height&quot;:150,&quot;width&quot;:150,&quot;orientation&quot;:&quot;landscape&quot;},&quot;medium&quot;:{&quot;url&quot;:&quot;https:\/\/topkapipalace.gen.tr\/wp-content\/uploads\/2024\/09\/Blue-Mosque-Topkapi-Palace-Basilica-Cistern-1-300x169.png&quot;,&quot;height&quot;:169,&quot;width&quot;:300,&quot;orientation&quot;:&quot;landscape&quot;},&quot;large&quot;:{&quot;url&quot;:&quot;https:\/\/topkapipalace.gen.tr\/wp-content\/uploads\/2024\/09\/Blue-Mosque-Topkapi-Palace-Basilica-Cistern-1-1024x576.png&quot;,&quot;height&quot;:576,&quot;width&quot;:1024,&quot;orientation&quot;:&quot;landscape&quot;},&quot;full&quot;:{&quot;url&quot;:&quot;https:\/\/topkapipalace.gen.tr\/wp-content\/uploads\/2024\/09\/Blue-Mosque-Topkapi-Palace-Basilica-Cistern-1.png&quot;,&quot;height&quot;:1326,&quot;width&quot;:2356,&quot;orientation&quot;:&quot;landscape&quot;},&quot;1536x1536&quot;:{&quot;url&quot;:&quot;https:\/\/topkapipalace.gen.tr\/wp-content\/uploads\/2024\/09\/Blue-Mosque-Topkapi-Palace-Basilica-Cistern-1-1536x864.png&quot;,&quot;height&quot;:864,&quot;width&quot;:1536,&quot;orientation&quot;:&quot;landscape&quot;},&quot;2048x2048&quot;:{&quot;url&quot;:&quot;https:\/\/topkapipalace.gen.tr\/wp-content\/uploads\/2024\/09\/Blue-Mosque-Topkapi-Palace-Basilica-Cistern-1-2048x1153.png&quot;,&quot;height&quot;:1153,&quot;width&quot;:2048,&quot;orientation&quot;:&quot;landscape&quot;}}\" style=\"\" title=\"\"><\/span><span><img decoding=\"async\" alt=\"\" data-id=\"2782\" width=\"2340\" height=\"1304\" src=\"https:\/\/topkapipalace.gen.tr\/wp-content\/uploads\/2024\/09\/Blue-Mosque-Topkapi-Palace-Basilica-Cistern-5-1024x571.png\" data-src=\"https:\/\/topkapipalace.gen.tr\/wp-content\/uploads\/2024\/09\/Blue-Mosque-Topkapi-Palace-Basilica-Cistern-5-300x167.png\" loading=\"lazy\" data-sizes=\"{&quot;thumbnail&quot;:{&quot;url&quot;:&quot;https:\/\/topkapipalace.gen.tr\/wp-content\/uploads\/2024\/09\/Blue-Mosque-Topkapi-Palace-Basilica-Cistern-5-150x150.png&quot;,&quot;height&quot;:150,&quot;width&quot;:150,&quot;orientation&quot;:&quot;landscape&quot;},&quot;medium&quot;:{&quot;url&quot;:&quot;https:\/\/topkapipalace.gen.tr\/wp-content\/uploads\/2024\/09\/Blue-Mosque-Topkapi-Palace-Basilica-Cistern-5-300x167.png&quot;,&quot;height&quot;:167,&quot;width&quot;:300,&quot;orientation&quot;:&quot;landscape&quot;},&quot;large&quot;:{&quot;url&quot;:&quot;https:\/\/topkapipalace.gen.tr\/wp-content\/uploads\/2024\/09\/Blue-Mosque-Topkapi-Palace-Basilica-Cistern-5-1024x571.png&quot;,&quot;height&quot;:571,&quot;width&quot;:1024,&quot;orientation&quot;:&quot;landscape&quot;},&quot;full&quot;:{&quot;url&quot;:&quot;https:\/\/topkapipalace.gen.tr\/wp-content\/uploads\/2024\/09\/Blue-Mosque-Topkapi-Palace-Basilica-Cistern-5.png&quot;,&quot;height&quot;:1304,&quot;width&quot;:2340,&quot;orientation&quot;:&quot;landscape&quot;},&quot;1536x1536&quot;:{&quot;url&quot;:&quot;https:\/\/topkapipalace.gen.tr\/wp-content\/uploads\/2024\/09\/Blue-Mosque-Topkapi-Palace-Basilica-Cistern-5-1536x856.png&quot;,&quot;height&quot;:856,&quot;width&quot;:1536,&quot;orientation&quot;:&quot;landscape&quot;},&quot;2048x2048&quot;:{&quot;url&quot;:&quot;https:\/\/topkapipalace.gen.tr\/wp-content\/uploads\/2024\/09\/Blue-Mosque-Topkapi-Palace-Basilica-Cistern-5-2048x1141.png&quot;,&quot;height&quot;:1141,&quot;width&quot;:2048,&quot;orientation&quot;:&quot;landscape&quot;}}\" style=\"\" title=\"\"><\/span><span><img decoding=\"async\" alt=\"\" data-id=\"2784\" width=\"2344\" height=\"1294\" src=\"https:\/\/topkapipalace.gen.tr\/wp-content\/uploads\/2024\/09\/Blue-Mosque-Topkapi-Palace-Basilica-Cistern2-1024x565.png\" data-src=\"https:\/\/topkapipalace.gen.tr\/wp-content\/uploads\/2024\/09\/Blue-Mosque-Topkapi-Palace-Basilica-Cistern2-300x166.png\" loading=\"lazy\" data-sizes=\"{&quot;thumbnail&quot;:{&quot;url&quot;:&quot;https:\/\/topkapipalace.gen.tr\/wp-content\/uploads\/2024\/09\/Blue-Mosque-Topkapi-Palace-Basilica-Cistern2-150x150.png&quot;,&quot;height&quot;:150,&quot;width&quot;:150,&quot;orientation&quot;:&quot;landscape&quot;},&quot;medium&quot;:{&quot;url&quot;:&quot;https:\/\/topkapipalace.gen.tr\/wp-content\/uploads\/2024\/09\/Blue-Mosque-Topkapi-Palace-Basilica-Cistern2-300x166.png&quot;,&quot;height&quot;:166,&quot;width&quot;:300,&quot;orientation&quot;:&quot;landscape&quot;},&quot;large&quot;:{&quot;url&quot;:&quot;https:\/\/topkapipalace.gen.tr\/wp-content\/uploads\/2024\/09\/Blue-Mosque-Topkapi-Palace-Basilica-Cistern2-1024x565.png&quot;,&quot;height&quot;:565,&quot;width&quot;:1024,&quot;orientation&quot;:&quot;landscape&quot;},&quot;full&quot;:{&quot;url&quot;:&quot;https:\/\/topkapipalace.gen.tr\/wp-content\/uploads\/2024\/09\/Blue-Mosque-Topkapi-Palace-Basilica-Cistern2.png&quot;,&quot;height&quot;:1294,&quot;width&quot;:2344,&quot;orientation&quot;:&quot;landscape&quot;},&quot;1536x1536&quot;:{&quot;url&quot;:&quot;https:\/\/topkapipalace.gen.tr\/wp-content\/uploads\/2024\/09\/Blue-Mosque-Topkapi-Palace-Basilica-Cistern2-1536x848.png&quot;,&quot;height&quot;:848,&quot;width&quot;:1536,&quot;orientation&quot;:&quot;landscape&quot;},&quot;2048x2048&quot;:{&quot;url&quot;:&quot;https:\/\/topkapipalace.gen.tr\/wp-content\/uploads\/2024\/09\/Blue-Mosque-Topkapi-Palace-Basilica-Cistern2-2048x1131.png&quot;,&quot;height&quot;:1131,&quot;width&quot;:2048,&quot;orientation&quot;:&quot;landscape&quot;}}\" style=\"\" title=\"\"><\/span><span><img decoding=\"async\" alt=\"\" data-id=\"2786\" width=\"2360\" height=\"1302\" src=\"https:\/\/topkapipalace.gen.tr\/wp-content\/uploads\/2024\/09\/Blue-Mosque-Topkapi-Palace-Basilica-Cistern3-1024x565.png\" data-src=\"https:\/\/topkapipalace.gen.tr\/wp-content\/uploads\/2024\/09\/Blue-Mosque-Topkapi-Palace-Basilica-Cistern3-300x166.png\" loading=\"lazy\" data-sizes=\"{&quot;thumbnail&quot;:{&quot;url&quot;:&quot;https:\/\/topkapipalace.gen.tr\/wp-content\/uploads\/2024\/09\/Blue-Mosque-Topkapi-Palace-Basilica-Cistern3-150x150.png&quot;,&quot;height&quot;:150,&quot;width&quot;:150,&quot;orientation&quot;:&quot;landscape&quot;},&quot;medium&quot;:{&quot;url&quot;:&quot;https:\/\/topkapipalace.gen.tr\/wp-content\/uploads\/2024\/09\/Blue-Mosque-Topkapi-Palace-Basilica-Cistern3-300x166.png&quot;,&quot;height&quot;:166,&quot;width&quot;:300,&quot;orientation&quot;:&quot;landscape&quot;},&quot;large&quot;:{&quot;url&quot;:&quot;https:\/\/topkapipalace.gen.tr\/wp-content\/uploads\/2024\/09\/Blue-Mosque-Topkapi-Palace-Basilica-Cistern3-1024x565.png&quot;,&quot;height&quot;:565,&quot;width&quot;:1024,&quot;orientation&quot;:&quot;landscape&quot;},&quot;full&quot;:{&quot;url&quot;:&quot;https:\/\/topkapipalace.gen.tr\/wp-content\/uploads\/2024\/09\/Blue-Mosque-Topkapi-Palace-Basilica-Cistern3.png&quot;,&quot;height&quot;:1302,&quot;width&quot;:2360,&quot;orientation&quot;:&quot;landscape&quot;},&quot;1536x1536&quot;:{&quot;url&quot;:&quot;https:\/\/topkapipalace.gen.tr\/wp-content\/uploads\/2024\/09\/Blue-Mosque-Topkapi-Palace-Basilica-Cistern3-1536x847.png&quot;,&quot;height&quot;:847,&quot;width&quot;:1536,&quot;orientation&quot;:&quot;landscape&quot;},&quot;2048x2048&quot;:{&quot;url&quot;:&quot;https:\/\/topkapipalace.gen.tr\/wp-content\/uploads\/2024\/09\/Blue-Mosque-Topkapi-Palace-Basilica-Cistern3-2048x1130.png&quot;,&quot;height&quot;:1130,&quot;width&quot;:2048,&quot;orientation&quot;:&quot;landscape&quot;}}\" style=\"\" title=\"\"><\/span><span><img decoding=\"async\" alt=\"\" data-id=\"2788\" width=\"2356\" height=\"1304\" src=\"https:\/\/topkapipalace.gen.tr\/wp-content\/uploads\/2024\/09\/Blue-Mosque-Topkapi-Palace-Basilica-Cistern4-1024x567.png\" data-src=\"https:\/\/topkapipalace.gen.tr\/wp-content\/uploads\/2024\/09\/Blue-Mosque-Topkapi-Palace-Basilica-Cistern4-300x166.png\" loading=\"lazy\" data-sizes=\"{&quot;thumbnail&quot;:{&quot;url&quot;:&quot;https:\/\/topkapipalace.gen.tr\/wp-content\/uploads\/2024\/09\/Blue-Mosque-Topkapi-Palace-Basilica-Cistern4-150x150.png&quot;,&quot;height&quot;:150,&quot;width&quot;:150,&quot;orientation&quot;:&quot;landscape&quot;},&quot;medium&quot;:{&quot;url&quot;:&quot;https:\/\/topkapipalace.gen.tr\/wp-content\/uploads\/2024\/09\/Blue-Mosque-Topkapi-Palace-Basilica-Cistern4-300x166.png&quot;,&quot;height&quot;:166,&quot;width&quot;:300,&quot;orientation&quot;:&quot;landscape&quot;},&quot;large&quot;:{&quot;url&quot;:&quot;https:\/\/topkapipalace.gen.tr\/wp-content\/uploads\/2024\/09\/Blue-Mosque-Topkapi-Palace-Basilica-Cistern4-1024x567.png&quot;,&quot;height&quot;:567,&quot;width&quot;:1024,&quot;orientation&quot;:&quot;landscape&quot;},&quot;full&quot;:{&quot;url&quot;:&quot;https:\/\/topkapipalace.gen.tr\/wp-content\/uploads\/2024\/09\/Blue-Mosque-Topkapi-Palace-Basilica-Cistern4.png&quot;,&quot;height&quot;:1304,&quot;width&quot;:2356,&quot;orientation&quot;:&quot;landscape&quot;},&quot;1536x1536&quot;:{&quot;url&quot;:&quot;https:\/\/topkapipalace.gen.tr\/wp-content\/uploads\/2024\/09\/Blue-Mosque-Topkapi-Palace-Basilica-Cistern4-1536x850.png&quot;,&quot;height&quot;:850,&quot;width&quot;:1536,&quot;orientation&quot;:&quot;landscape&quot;},&quot;2048x2048&quot;:{&quot;url&quot;:&quot;https:\/\/topkapipalace.gen.tr\/wp-content\/uploads\/2024\/09\/Blue-Mosque-Topkapi-Palace-Basilica-Cistern4-2048x1134.png&quot;,&quot;height&quot;:1134,&quot;width&quot;:2048,&quot;orientation&quot;:&quot;landscape&quot;}}\" style=\"\" title=\"\"><\/span><span><img decoding=\"async\" alt=\"\" data-id=\"2790\" width=\"2372\" height=\"1318\" src=\"https:\/\/topkapipalace.gen.tr\/wp-content\/uploads\/2024\/09\/Guided-Entry-Topkapi-Palace-Harem-Skip-the-line-Ticket-with-Audio-Guide-2-1024x569.png\" data-src=\"https:\/\/topkapipalace.gen.tr\/wp-content\/uploads\/2024\/09\/Guided-Entry-Topkapi-Palace-Harem-Skip-the-line-Ticket-with-Audio-Guide-2-300x167.png\" loading=\"lazy\" data-sizes=\"{&quot;thumbnail&quot;:{&quot;url&quot;:&quot;https:\/\/topkapipalace.gen.tr\/wp-content\/uploads\/2024\/09\/Guided-Entry-Topkapi-Palace-Harem-Skip-the-line-Ticket-with-Audio-Guide-2-150x150.png&quot;,&quot;height&quot;:150,&quot;width&quot;:150,&quot;orientation&quot;:&quot;landscape&quot;},&quot;medium&quot;:{&quot;url&quot;:&quot;https:\/\/topkapipalace.gen.tr\/wp-content\/uploads\/2024\/09\/Guided-Entry-Topkapi-Palace-Harem-Skip-the-line-Ticket-with-Audio-Guide-2-300x167.png&quot;,&quot;height&quot;:167,&quot;width&quot;:300,&quot;orientation&quot;:&quot;landscape&quot;},&quot;large&quot;:{&quot;url&quot;:&quot;https:\/\/topkapipalace.gen.tr\/wp-content\/uploads\/2024\/09\/Guided-Entry-Topkapi-Palace-Harem-Skip-the-line-Ticket-with-Audio-Guide-2-1024x569.png&quot;,&quot;height&quot;:569,&quot;width&quot;:1024,&quot;orientation&quot;:&quot;landscape&quot;},&quot;full&quot;:{&quot;url&quot;:&quot;https:\/\/topkapipalace.gen.tr\/wp-content\/uploads\/2024\/09\/Guided-Entry-Topkapi-Palace-Harem-Skip-the-line-Ticket-with-Audio-Guide-2.png&quot;,&quot;height&quot;:1318,&quot;width&quot;:2372,&quot;orientation&quot;:&quot;landscape&quot;},&quot;1536x1536&quot;:{&quot;url&quot;:&quot;https:\/\/topkapipalace.gen.tr\/wp-content\/uploads\/2024\/09\/Guided-Entry-Topkapi-Palace-Harem-Skip-the-line-Ticket-with-Audio-Guide-2-1536x853.png&quot;,&quot;height&quot;:853,&quot;width&quot;:1536,&quot;orientation&quot;:&quot;landscape&quot;},&quot;2048x2048&quot;:{&quot;url&quot;:&quot;https:\/\/topkapipalace.gen.tr\/wp-content\/uploads\/2024\/09\/Guided-Entry-Topkapi-Palace-Harem-Skip-the-line-Ticket-with-Audio-Guide-2-2048x1138.png&quot;,&quot;height&quot;:1138,&quot;width&quot;:2048,&quot;orientation&quot;:&quot;landscape&quot;}}\" style=\"\" title=\"\"><\/span><\/p>\n<h1 dir=\"ltr\">Mezquita Azul, Palacio de Topkapi y Cisterna Bas\u00edlica<\/h1>\n<h2><a href=\"https:\/\/megapass.com\/tours-tickets\/blue-mosque-topkapi-palace-and-basilica-cistern-combo-i2297?discountCode=ma-places\" target=\"_blank\" rel=\"nofollow noopener\" style=\"outline: none;\">Make a reservation<\/a><\/h2>\n<h1><a href=\"https:\/\/megapass.com\/tours-tickets\/blue-mosque-topkapi-palace-and-basilica-cistern-combo-i2297?discountCode=ma-places\" target=\"_blank\" rel=\"nofollow noopener\" style=\"outline: none;\"><strong>\u20ac108.00<\/strong><\/a><\/h1>\n<p dir=\"ltr\">Experimente el coraz\u00f3n de Estambul con una visita guiada de 5 horas por sus lugares m\u00e1s emblem\u00e1ticos, como la Mezquita Azul, el Palacio de Topkapi y la Cisterna Bas\u00edlica. Evite las colas, explore con tranquilidad y disfrute de un relajante almuerzo o caf\u00e9.<\/p>\n<ul>\n<li style=\"\"><span>Billete m\u00f3vil &nbsp;<\/span><\/li>\n<li style=\"\">                    <span>Confirmaci\u00f3n instant\u00e1nea<\/span><\/li>\n<li style=\"\"><span>Gu\u00eda en vivo en ingl\u00e9s<\/span><\/li>\n<li style=\"\"><span>Duraci\u00f3n: 5 h<\/span><\/li>\n<li style=\"\"><span>Saltar la fila<\/span><\/li>\n<li style=\"\"><span>Cancelaci\u00f3n gratuita<\/span><\/li>\n<\/ul>\n<h2>Qu\u00e9 incluye<\/h2>\n<ul>\n<li style=\"\">                    <span>Gu\u00eda experto de habla inglesa<\/span><\/li>\n<li><span>Entrada a la Mezquita Azul<\/span><\/li>\n<li><span>Entrada sin colas a la Cisterna Bas\u00edlica y al Palacio de Topkapi (incluido el har\u00e9n)<\/span><\/li>\n<li><span>Audiogu\u00eda disponible en ingl\u00e9s, alem\u00e1n, italiano, espa\u00f1ol y franc\u00e9s.<\/span><\/li>\n<\/ul>\n<h2>Qu\u00e9 no est\u00e1 incluido<\/h2>\n<ul>\n<li style=\"\"><span>Evite las colas de seguridad en la Mezquita Azul, Topkapi y la Cisterna Bas\u00edlica<\/span><\/li>\n<li><span>Almuerzo, comida o bebida<\/span><\/li>\n<\/ul>\n<h2>Informaci\u00f3n importante<\/h2>\n<ul>\n<li style=\"\"><span>La entrada a la Mezquita Azul es gratuita, pero es necesario pasar por seguridad (el tiempo de espera puede llegar a 60 minutos durante la temporada alta).<\/span><\/li>\n<li><span>Las mujeres deben cubrirse el cabello y los hombros (pa\u00f1uelos disponibles en la entrada por 3 \u20ac).<\/span><\/li>\n<li><span>Tanto hombres como mujeres deben cubrirse las rodillas (hay fundas corporales disponibles por 3 \u20ac).<\/span><\/li>\n<li><span>El almuerzo est\u00e1 incluido para los tours de la ma\u00f1ana y pausa para el caf\u00e9 para las sesiones de la tarde.<\/span><\/li>\n<li><span>Aseg\u00farese de encontrarse con su gu\u00eda en la Ciudad Vieja, frente a la Mezquita Azul.<\/span><\/li>\n<\/ul>\n<h2 style=\"\">Ofrecido en colaboraci\u00f3n con nuestro socio:<\/h2>\n<p><span><img decoding=\"async\" alt=\"\" data-id=\"2477\" width=\"129\" data-init-width=\"1430\" height=\"25\" data-init-height=\"279\" title=\"megapass principal\" loading=\"lazy\" src=\"https:\/\/topkapipalace.gen.tr\/wp-content\/uploads\/2024\/06\/main_megapass-1.png\" data-width=\"129\" data-height=\"25\" style=\"aspect-ratio: auto 1430 \/ 279;\" data-><\/span><\/p>\n<p>Topkapipalace.gen.tr facilita los pagos, mientras que MegaPass act\u00faa como el comercio oficial. Los t\u00e9rminos y condiciones se mantienen sin cambios.<\/p>\n<p><a data-lt-tmp-id=\"lt-493231\" href=\"https:\/\/megapass.com\/tours-tickets\/blue-mosque-topkapi-palace-and-basilica-cistern-combo-i2297?discountCode=ma-places\" rel=\"nofollow noopener\" spellcheck=\"false\" target=\"_blank\" style=\"outline: currentcolor;\">Haga clic aqu\u00ed si prefiere reservar en el sitio web de MegaPass.<\/a><\/p>\n<h2>Descripci\u00f3n:<\/h2>\n<p dir=\"ltr\">Explora la rica historia de Estambul y marav\u00edllate con sus joyas arquitect\u00f3nicas en este fascinante recorrido. Comienza en la magn\u00edfica Mezquita Azul antes de adentrarte en la m\u00edstica Cisterna Bas\u00edlica, donde antiguas columnas se alzan desde aguas serenas. Recupere fuerzas con un almuerzo o un caf\u00e9 antes de visitar el opulento Palacio de Topkapi, hogar de los sultanes otomanos, y admire sus impresionantes vistas del B\u00f3sforo.<\/p>\n<h2>Reflejos:<\/h2>\n<ul>\n<li ltr\"\"=\"\">Evite las colas de entrada al Palacio de Topkapi y la Cisterna Bas\u00edlica<\/li>\n<li ltr\"\"=\"\">Visita la Mezquita Azul, la Cisterna Bas\u00edlica y el Palacio de Topkapi<\/li>\n<li ltr\"\"=\"\">Disfrute de un delicioso almuerzo o una pausa para el caf\u00e9 seg\u00fan el tiempo de su recorrido.<\/li>\n<li ltr\"\"=\"\">Aprenda historias cautivadoras de un gu\u00eda experto.<\/li>\n<\/ul>\n<h2>Plaza de Sultanahmet (La Ciudad Vieja)<\/h2>\n<p dir=\"ltr\">Cankurtaran, 34122 Fatih\/Estambul<\/p>\n<h2>Pol\u00edtica de cancelaci\u00f3n<\/h2>\n<p dir=\"ltr\">Cancelaci\u00f3n gratuita 24 horas antes del inicio de la actividad.<\/p>\n<h2>Punto de encuentro e instrucciones<\/h2>\n<p dir=\"ltr\">Re\u00fanase con su gu\u00eda en el Casco Antiguo, frente a la Mezquita Azul, Binbirdirek, At Meydan\u0131 Cd n.\u00b0 10, 34122 Fatih\/Estambul. Pres\u00e9ntese en el punto de encuentro 20 minutos antes del inicio del tour.<\/p>\n<p><a href=\"https:\/\/maps.app.goo.gl\/Abo5Voo2MWTHWzGSA\" target=\"_blank\" rel=\"nofollow noopener\" style=\"outline: none;\" data-lt-tmp-id=\"lt-581789\" spellcheck=\"false\">Abrir en Maps<\/a><\/p>\n<h2>Algunas actividades que te podr\u00edan gustar<\/h2>\n<p><span># <\/span><strong><span>2<\/span><\/strong><span># <\/span><strong><span>2<\/span><\/strong><span><img decoding=\"async\" alt=\"\" data-id=\"2769\" width=\"159\" data-init-width=\"2048\" height=\"89\" data-init-height=\"1149\" loading=\"lazy\" src=\"https:\/\/topkapipalace.gen.tr\/wp-content\/uploads\/2024\/09\/Guided-Entry-Topkapi-Palace-Harem-Skip-the-line-Ticket-with-Audio-Guide-11.png\" data-width=\"159\" data-height=\"89\" style=\"aspect-ratio: auto 2048 \/ 1149;\" data- title=\"\"><\/span><\/p>\n<table>\n<tbody>\n<tr>\n<td><a href=\"https:\/\/www.headout.com\/r\/most-amazing-placesrecommends-eSMRr\/\" target=\"_blank\" rel=\"nofollow noopener\" style=\"outline: none;\" data-lt-tmp-id=\"lt-569507\" spellcheck=\"false\"><\/p>\n<table>\n<tbody>\n<tr>\n<td><a data-lt-tmp-id=\"lt-569507\" href=\"https:\/\/megapass.com\/tours-tickets\/topkapi-palace-and-harem-skip-the-line-ticket-with-audio-guide-i2507?discountCode=ma-places\" rel=\"nofollow noopener\" spellcheck=\"false\" target=\"_blank\" style=\"outline: currentcolor;\"><span data-sheets-root=\"1\" open=\"\">Entrada guiada al Palacio de Topkapi y al har\u00e9n: entrada sin colas con audiogu\u00eda<\/span><\/a><\/td>\n<\/tr>\n<\/tbody>\n<\/table>\n<p><\/a><\/td>\n<\/tr>\n<\/tbody>\n<\/table>\n<p dir=\"ltr\">Descubre los secretos del Palacio de Topkapi y su har\u00e9n. Aprovecha la entrada sin colas y explora a tu propio ritmo con una audiogu\u00eda en tu smartphone.&nbsp;<\/p>\n<h3 style=\"\">Precio total<\/h3>\n<h3 style=\"\">No se le cobrar\u00e1 todav\u00eda<\/h3>\n<p><span># <\/span><strong><span>2<\/span><\/strong><span><img decoding=\"async\" alt=\"\" data-id=\"2746\" width=\"159\" data-init-width=\"1784\" height=\"113\" data-init-height=\"1270\" loading=\"lazy\" src=\"https:\/\/topkapipalace.gen.tr\/wp-content\/uploads\/2024\/09\/Dolmabahce-Palace-Hagia-Sophia-Basilica-Cistern-Tickets.png\" data-width=\"159\" data-height=\"113\" style=\"aspect-ratio: auto 1784 \/ 1270;\" data- title=\"\"><\/span><\/p>\n<table>\n<tbody>\n<tr>\n<td><a href=\"https:\/\/gyg.me\/19f7W998\" target=\"_blank\" rel=\"nofollow noopener\" style=\"outline: none;\" data-lt-tmp-id=\"lt-163467\" spellcheck=\"false\"><\/p>\n<table>\n<tbody>\n<tr>\n<td><a data-lt-tmp-id=\"lt-163467\" href=\"https:\/\/megapass.com\/tours-tickets\/dolmabahce-palace-hagia-sophia-and-basilica-cistern-tickets-i2383?discountCode=ma-places\" rel=\"nofollow noopener\" spellcheck=\"false\" target=\"_blank\" style=\"outline: currentcolor;\">Entrada al Palacio de Dolmabah\u00e7e, Santa Sof\u00eda y Cisterna Bas\u00edlica<\/a><\/td>\n<\/tr>\n<\/tbody>\n<\/table>\n<p><\/a><\/td>\n<\/tr>\n<\/tbody>\n<\/table>\n<p dir=\"ltr\">\u00a1Maximiza tus ahorros con este combo 3 en 1, v\u00e1lido por 2 d\u00edas! Explora el emblem\u00e1tico Palacio de Dolmabah\u00e7e, Santa Sof\u00eda y la Cisterna Bas\u00edlica de Estambul a tu propio ritmo. Con las entradas en el bolsillo y una audiogu\u00eda a tu lado, podr\u00e1s adentrarte en su rica historia.<\/p>\n<h3 style=\"\">Precio total<\/h3>\n<h3 style=\"\">No se le cobrar\u00e1 todav\u00eda<\/h3>\n<\/p>\n<h2><a href=\"https:\/\/megapass.com\/tours-tickets\/blue-mosque-topkapi-palace-and-basilica-cistern-combo-i2297?discountCode=ma-places\" target=\"_blank\" rel=\"nofollow noopener\" style=\"outline: none;\">Hacer una reserva<\/a><\/h2>\n<h1><a href=\"https:\/\/megapass.com\/tours-tickets\/blue-mosque-topkapi-palace-and-basilica-cistern-combo-i2297?discountCode=ma-places\" target=\"_blank\" rel=\"nofollow noopener\" style=\"outline: none;\"><strong>108,00 \u20ac<\/strong><\/a><\/h1>\n<p style=\"\">No se le cobrar\u00e1 todav\u00eda<\/p>\n","protected":false},"excerpt":{"rendered":"<p>Mezquita Azul, Palacio de Topkapi y Cisterna Bas\u00edlica Make a reservation \u20ac108.00 Experimente el coraz\u00f3n de Estambul con una visita guiada de 5 horas por sus lugares m\u00e1s emblem\u00e1ticos, como la Mezquita Azul, el Palacio de Topkapi y la Cisterna Bas\u00edlica. Evite las colas, explore con tranquilidad y disfrute de un relajante almuerzo o caf\u00e9. [&hellip;]<\/p>\n","protected":false},"author":9,"featured_media":3324,"parent":0,"menu_order":0,"comment_status":"closed","ping_status":"closed","template":"","meta":{"footnotes":""},"class_list":["post-3323","page","type-page","status-publish","has-post-thumbnail","hentry","post-wrapper","thrv_wrapper"],"wp-worthy-pixel":{"ignored":false,"public":null,"server":null,"url":null},"wp-worthy-type":"normal","_links":{"self":[{"href":"https:\/\/topkapipalace.gen.tr\/es\/wp-json\/wp\/v2\/pages\/3323","targetHints":{"allow":["GET"]}}],"collection":[{"href":"https:\/\/topkapipalace.gen.tr\/es\/wp-json\/wp\/v2\/pages"}],"about":[{"href":"https:\/\/topkapipalace.gen.tr\/es\/wp-json\/wp\/v2\/types\/page"}],"author":[{"embeddable":true,"href":"https:\/\/topkapipalace.gen.tr\/es\/wp-json\/wp\/v2\/users\/9"}],"replies":[{"embeddable":true,"href":"https:\/\/topkapipalace.gen.tr\/es\/wp-json\/wp\/v2\/comments?post=3323"}],"version-history":[{"count":4,"href":"https:\/\/topkapipalace.gen.tr\/es\/wp-json\/wp\/v2\/pages\/3323\/revisions"}],"predecessor-version":[{"id":3916,"href":"https:\/\/topkapipalace.gen.tr\/es\/wp-json\/wp\/v2\/pages\/3323\/revisions\/3916"}],"wp:featuredmedia":[{"embeddable":true,"href":"https:\/\/topkapipalace.gen.tr\/es\/wp-json\/wp\/v2\/media\/3324"}],"wp:attachment":[{"href":"https:\/\/topkapipalace.gen.tr\/es\/wp-json\/wp\/v2\/media?parent=3323"}],"curies":[{"name":"wp","href":"https:\/\/api.w.org\/{rel}","templated":true}]}}