{"id":3313,"date":"2024-11-05T12:45:22","date_gmt":"2024-11-05T12:45:22","guid":{"rendered":"https:\/\/topkapipalace.gen.tr\/affiliate-disclosure\/"},"modified":"2025-07-28T08:07:35","modified_gmt":"2025-07-28T08:07:35","slug":"afiliacion","status":"publish","type":"page","link":"https:\/\/topkapipalace.gen.tr\/es\/afiliacion\/","title":{"rendered":"Declaraci\u00f3n de afiliaci\u00f3n"},"content":{"rendered":"<h1><span data-attr-id=\"the_title\" data-extra_key=\"the_title\" data-option-inline=\"1\" data-shortcode=\"thrv_dynamic_data_content\" data-shortcode-name=\"Post title\">Affiliate Disclosure ES<\/span><\/h1>\n<p><span data-tcb-events=\"\"><img width=\"1300\" height=\"800\" src=\"https:\/\/topkapipalace.gen.tr\/wp-content\/uploads\/2023\/05\/topkapi-palace-vip-ticket-2618.jpg\" alt=\"Divulgaci\u00f3n de afiliados\" title=\"indefinido\" data-id=\"3314\" data-d-f=\"featured\" loading=\"lazy\" decoding=\"async\" \/><\/span><\/p>\n<p dir=\"ltr\">En TopkapiPalace.gen.tr, nuestro objetivo es ofrecer contenido de viajes de alta calidad que te ayudar\u00e1 a planificar y disfrutar de tus viajes. Para apoyar nuestro esfuerzo por mantener y hacer crecer este sitio web, utilizamos enlaces de afiliados en todo nuestro contenido. Esto significa que si realiza una compra a trav\u00e9s de alguno de los enlaces de nuestro sitio, podr\u00edamos recibir una peque\u00f1a comisi\u00f3n. Esto no tiene ning\u00fan coste adicional para ti y nos ayuda a mantener el contenido gratuito y actualizado.<\/p>\n<h2 dir=\"ltr\">\u00bfPor qu\u00e9 utilizamos enlaces de afiliados?<\/h2>\n<p dir=\"ltr\">Gestionar un sitio web requiere tiempo y recursos, y las colaboraciones con afiliados nos permiten financiar nuestro trabajo. Es importante destacar que solo recomendamos productos, tours y servicios que realmente creemos que aportar\u00e1n valor a su experiencia de viaje. Seleccionamos y evaluamos cuidadosamente a nuestros socios afiliados para asegurarnos de que se ajusten a los est\u00e1ndares e intereses de nuestros lectores.<\/p>\n<h2 dir=\"ltr\">Socios afiliados<\/h2>\n<p dir=\"ltr\">Algunos de nuestros socios afiliados de confianza incluyen:<\/p>\n<ul>\n<li dir=\"ltr\"><\/li>\n<li dir=\"ltr\">GetYourGuide<\/li>\n<li dir=\"ltr\">Tiqets<\/li>\n<li dir=\"ltr\">Headout<\/li>\n<li dir=\"ltr\">Viator<\/li>\n<li dir=\"ltr\">Platinumlist<\/li>\n<li dir=\"ltr\">Civitatis<\/li>\n<li dir=\"ltr\">Holafly<\/li>\n<li dir=\"ltr\">Booking.com<\/li>\n<li dir=\"ltr\">Megapass<\/li>\n<li dir=\"ltr\">Musement<\/li>\n<\/ul>\n<p dir=\"ltr\">Tenga en cuenta que podemos actualizar esta lista a medida que nos asociamos con nuevas empresas en las que confiamos y recomendamos.<\/p>\n<h2 dir=\"ltr\">Compromiso con la honestidad<\/h2>\n<p dir=\"ltr\">Queremos que conf\u00ede en las recomendaciones que le ofrecemos. Si bien recibir una comisi\u00f3n contribuye a nuestro trabajo, nunca influye en el contenido, los temas ni los productos que recomendamos. Nuestro objetivo principal es brindar informaci\u00f3n \u00fatil, honesta y precisa para sus viajes. Cualquier producto o servicio que recomendamos es algo que usar\u00edamos o recomendar\u00edamos personalmente a nuestros amigos y familiares.<\/p>\n<h2 dir=\"ltr\">Tu apoyo importa<\/h2>\n<p dir=\"ltr\">Al usar nuestros enlaces de afiliados, apoyas el contenido y los recursos que ofrecemos en TopkapiPalace.gen.tr, y te agradecemos ampliamente tu confianza y apoyo. Esto nos permite seguir brind\u00e1ndote consejos, gu\u00edas y recomendaciones que esperamos que mejoren tus aventuras de viaje.<\/p>\n<p dir=\"ltr\">Si tiene alguna pregunta o inquietud sobre nuestras asociaciones de afiliados o contenido, no dude en comunicarse con nosotros.<\/p>\n<p><span><span>                    <\/span><\/span><span>Search<\/span><\/p>\n<p><strong>ENLACES \u00daTILES<\/strong><\/p>\n<p style=\"\"><a href=\"http:\/\/topkapipalace.gen.tr\/about\/\" style=\"outline: none;\">Acerca del Palacio de Topkapi<\/a><\/p>\n<p style=\"\"><a href=\"http:\/\/topkapipalace.gen.tr\/history\/\" style=\"outline: none;\">Historia<\/a><\/p>\n<p style=\"\"><a href=\"http:\/\/topkapipalace.gen.tr\/inside\/\" style=\"outline: none;\">Adentro<\/a><\/p>\n<p style=\"\"><a href=\"http:\/\/topkapipalace.gen.tr\/harem\/\" style=\"outline: none;\">Har\u00e9n<\/a><\/p>\n<p style=\"\"><a href=\"http:\/\/topkapipalace.gen.tr\/visitor-information\/\" style=\"outline: none;\">Informaci\u00f3n para visitantes<\/a><\/p>\n<p style=\"\"><a href=\"http:\/\/topkapipalace.gen.tr\/how-to-get-there\/\" style=\"outline: none;\">C\u00f3mo llegar<\/a><\/p>\n<p style=\"\"><a href=\"http:\/\/topkapipalace.gen.tr\/guided-tours\/\" style=\"outline: none;\">Visitas guiadas<\/a><\/p>\n<p style=\"\"><a href=\"http:\/\/topkapipalace.gen.tr\/frequently-asked-questions\/\" style=\"outline: none;\">Preguntas frecuentes<\/a><\/p>\n","protected":false},"excerpt":{"rendered":"<p>Affiliate Disclosure ES En TopkapiPalace.gen.tr, nuestro objetivo es ofrecer contenido de viajes de alta calidad que te ayudar\u00e1 a planificar y disfrutar de tus viajes. Para apoyar nuestro esfuerzo por mantener y hacer crecer este sitio web, utilizamos enlaces de afiliados en todo nuestro contenido. Esto significa que si realiza una compra a trav\u00e9s de [&hellip;]<\/p>\n","protected":false},"author":9,"featured_media":3314,"parent":0,"menu_order":0,"comment_status":"closed","ping_status":"closed","template":"","meta":{"footnotes":""},"class_list":["post-3313","page","type-page","status-publish","has-post-thumbnail","hentry","post-wrapper","thrv_wrapper"],"wp-worthy-pixel":{"ignored":false,"public":null,"server":null,"url":null},"wp-worthy-type":"normal","_links":{"self":[{"href":"https:\/\/topkapipalace.gen.tr\/es\/wp-json\/wp\/v2\/pages\/3313","targetHints":{"allow":["GET"]}}],"collection":[{"href":"https:\/\/topkapipalace.gen.tr\/es\/wp-json\/wp\/v2\/pages"}],"about":[{"href":"https:\/\/topkapipalace.gen.tr\/es\/wp-json\/wp\/v2\/types\/page"}],"author":[{"embeddable":true,"href":"https:\/\/topkapipalace.gen.tr\/es\/wp-json\/wp\/v2\/users\/9"}],"replies":[{"embeddable":true,"href":"https:\/\/topkapipalace.gen.tr\/es\/wp-json\/wp\/v2\/comments?post=3313"}],"version-history":[{"count":5,"href":"https:\/\/topkapipalace.gen.tr\/es\/wp-json\/wp\/v2\/pages\/3313\/revisions"}],"predecessor-version":[{"id":3911,"href":"https:\/\/topkapipalace.gen.tr\/es\/wp-json\/wp\/v2\/pages\/3313\/revisions\/3911"}],"wp:featuredmedia":[{"embeddable":true,"href":"https:\/\/topkapipalace.gen.tr\/es\/wp-json\/wp\/v2\/media\/3314"}],"wp:attachment":[{"href":"https:\/\/topkapipalace.gen.tr\/es\/wp-json\/wp\/v2\/media?parent=3313"}],"curies":[{"name":"wp","href":"https:\/\/api.w.org\/{rel}","templated":true}]}}