{"id":3303,"date":"2024-11-07T08:23:05","date_gmt":"2024-11-07T08:23:05","guid":{"rendered":"https:\/\/topkapipalace.gen.tr\/skip-the-line-tickets-to-topkapi-palace-harem\/"},"modified":"2025-07-31T10:34:58","modified_gmt":"2025-07-31T10:34:58","slug":"topkapi-palast-online-ticket","status":"publish","type":"page","link":"https:\/\/topkapipalace.gen.tr\/de\/topkapi-palast-online-ticket\/","title":{"rendered":"Topkapi Palast Online Ticket: Schnelleinlass mit Audioguide + Harem"},"content":{"rendered":"<p><span><img decoding=\"async\" alt=\"Skip-the-Line Tickets to Topkapi Palace &amp; Harem with Audio Guide\" data-id=\"2457\" width=\"1200\" height=\"750\" title=\"Topkapi Palace Museum &amp; Harem Skip-the-Line Tickets with Audio Guide\" src=\"https:\/\/topkapipalace.gen.tr\/wp-content\/uploads\/2024\/06\/Topkapi-Palace-Museum-Harem-Skip-the-Line-Tickets-with-Audio-Guide-1024x640.avif\" data-src=\"https:\/\/topkapipalace.gen.tr\/wp-content\/uploads\/2024\/06\/Topkapi-Palace-Museum-Harem-Skip-the-Line-Tickets-with-Audio-Guide-300x188.avif\" data-sizes=\"{&quot;thumbnail&quot;:{&quot;url&quot;:&quot;https:\/\/topkapipalace.gen.tr\/wp-content\/uploads\/2024\/06\/Topkapi-Palace-Museum-Harem-Skip-the-Line-Tickets-with-Audio-Guide-150x150.avif&quot;,&quot;height&quot;:150,&quot;width&quot;:150,&quot;orientation&quot;:&quot;landscape&quot;},&quot;medium&quot;:{&quot;url&quot;:&quot;https:\/\/topkapipalace.gen.tr\/wp-content\/uploads\/2024\/06\/Topkapi-Palace-Museum-Harem-Skip-the-Line-Tickets-with-Audio-Guide-300x188.avif&quot;,&quot;height&quot;:188,&quot;width&quot;:300,&quot;orientation&quot;:&quot;landscape&quot;},&quot;large&quot;:{&quot;url&quot;:&quot;https:\/\/topkapipalace.gen.tr\/wp-content\/uploads\/2024\/06\/Topkapi-Palace-Museum-Harem-Skip-the-Line-Tickets-with-Audio-Guide-1024x640.avif&quot;,&quot;height&quot;:640,&quot;width&quot;:1024,&quot;orientation&quot;:&quot;landscape&quot;},&quot;full&quot;:{&quot;url&quot;:&quot;https:\/\/topkapipalace.gen.tr\/wp-content\/uploads\/2024\/06\/Topkapi-Palace-Museum-Harem-Skip-the-Line-Tickets-with-Audio-Guide.avif&quot;,&quot;height&quot;:750,&quot;width&quot;:1200,&quot;orientation&quot;:&quot;landscape&quot;}}\" style=\"\" loading=\"lazy\"><\/span><span><img decoding=\"async\" alt=\"\" data-id=\"3000\" width=\"1434\" height=\"910\" title=\"Skip-the-Line Tickets to Topkapi Palace &amp; Harem with Audio Guide4\" src=\"https:\/\/topkapipalace.gen.tr\/wp-content\/uploads\/2024\/11\/Skip-the-Line-Tickets-to-Topkapi-Palace-Harem-with-Audio-Guide4-1024x650.png\" data-src=\"https:\/\/topkapipalace.gen.tr\/wp-content\/uploads\/2024\/11\/Skip-the-Line-Tickets-to-Topkapi-Palace-Harem-with-Audio-Guide4-300x190.png\" data-sizes=\"{&quot;thumbnail&quot;:{&quot;url&quot;:&quot;https:\/\/topkapipalace.gen.tr\/wp-content\/uploads\/2024\/11\/Skip-the-Line-Tickets-to-Topkapi-Palace-Harem-with-Audio-Guide4-150x150.png&quot;,&quot;height&quot;:150,&quot;width&quot;:150,&quot;orientation&quot;:&quot;landscape&quot;},&quot;medium&quot;:{&quot;url&quot;:&quot;https:\/\/topkapipalace.gen.tr\/wp-content\/uploads\/2024\/11\/Skip-the-Line-Tickets-to-Topkapi-Palace-Harem-with-Audio-Guide4-300x190.png&quot;,&quot;height&quot;:190,&quot;width&quot;:300,&quot;orientation&quot;:&quot;landscape&quot;},&quot;large&quot;:{&quot;url&quot;:&quot;https:\/\/topkapipalace.gen.tr\/wp-content\/uploads\/2024\/11\/Skip-the-Line-Tickets-to-Topkapi-Palace-Harem-with-Audio-Guide4-1024x650.png&quot;,&quot;height&quot;:650,&quot;width&quot;:1024,&quot;orientation&quot;:&quot;landscape&quot;},&quot;full&quot;:{&quot;url&quot;:&quot;https:\/\/topkapipalace.gen.tr\/wp-content\/uploads\/2024\/11\/Skip-the-Line-Tickets-to-Topkapi-Palace-Harem-with-Audio-Guide4.png&quot;,&quot;height&quot;:910,&quot;width&quot;:1434,&quot;orientation&quot;:&quot;landscape&quot;}}\" style=\"\" loading=\"lazy\"><\/span><span><img decoding=\"async\" alt=\"\" data-id=\"3003\" width=\"1440\" height=\"918\" title=\"Skip-the-Line Tickets to Topkapi Palace &amp; Harem with Audio Guide 2\" src=\"https:\/\/topkapipalace.gen.tr\/wp-content\/uploads\/2024\/11\/Skip-the-Line-Tickets-to-Topkapi-Palace-Harem-with-Audio-Guide-2-1024x653.png\" data-src=\"https:\/\/topkapipalace.gen.tr\/wp-content\/uploads\/2024\/11\/Skip-the-Line-Tickets-to-Topkapi-Palace-Harem-with-Audio-Guide-2-300x191.png\" data-sizes=\"{&quot;thumbnail&quot;:{&quot;url&quot;:&quot;https:\/\/topkapipalace.gen.tr\/wp-content\/uploads\/2024\/11\/Skip-the-Line-Tickets-to-Topkapi-Palace-Harem-with-Audio-Guide-2-150x150.png&quot;,&quot;height&quot;:150,&quot;width&quot;:150,&quot;orientation&quot;:&quot;landscape&quot;},&quot;medium&quot;:{&quot;url&quot;:&quot;https:\/\/topkapipalace.gen.tr\/wp-content\/uploads\/2024\/11\/Skip-the-Line-Tickets-to-Topkapi-Palace-Harem-with-Audio-Guide-2-300x191.png&quot;,&quot;height&quot;:191,&quot;width&quot;:300,&quot;orientation&quot;:&quot;landscape&quot;},&quot;large&quot;:{&quot;url&quot;:&quot;https:\/\/topkapipalace.gen.tr\/wp-content\/uploads\/2024\/11\/Skip-the-Line-Tickets-to-Topkapi-Palace-Harem-with-Audio-Guide-2-1024x653.png&quot;,&quot;height&quot;:653,&quot;width&quot;:1024,&quot;orientation&quot;:&quot;landscape&quot;},&quot;full&quot;:{&quot;url&quot;:&quot;https:\/\/topkapipalace.gen.tr\/wp-content\/uploads\/2024\/11\/Skip-the-Line-Tickets-to-Topkapi-Palace-Harem-with-Audio-Guide-2.png&quot;,&quot;height&quot;:918,&quot;width&quot;:1440,&quot;orientation&quot;:&quot;landscape&quot;}}\" style=\"\" loading=\"lazy\"><\/span><span><img decoding=\"async\" alt=\"\" data-id=\"3006\" width=\"1464\" height=\"892\" title=\"Skip-the-Line Tickets to Topkapi Palace &amp; Harem with Audio Guide 3\" src=\"https:\/\/topkapipalace.gen.tr\/wp-content\/uploads\/2024\/11\/Skip-the-Line-Tickets-to-Topkapi-Palace-Harem-with-Audio-Guide-3-1024x624.png\" data-src=\"https:\/\/topkapipalace.gen.tr\/wp-content\/uploads\/2024\/11\/Skip-the-Line-Tickets-to-Topkapi-Palace-Harem-with-Audio-Guide-3-300x183.png\" data-sizes=\"{&quot;thumbnail&quot;:{&quot;url&quot;:&quot;https:\/\/topkapipalace.gen.tr\/wp-content\/uploads\/2024\/11\/Skip-the-Line-Tickets-to-Topkapi-Palace-Harem-with-Audio-Guide-3-150x150.png&quot;,&quot;height&quot;:150,&quot;width&quot;:150,&quot;orientation&quot;:&quot;landscape&quot;},&quot;medium&quot;:{&quot;url&quot;:&quot;https:\/\/topkapipalace.gen.tr\/wp-content\/uploads\/2024\/11\/Skip-the-Line-Tickets-to-Topkapi-Palace-Harem-with-Audio-Guide-3-300x183.png&quot;,&quot;height&quot;:183,&quot;width&quot;:300,&quot;orientation&quot;:&quot;landscape&quot;},&quot;large&quot;:{&quot;url&quot;:&quot;https:\/\/topkapipalace.gen.tr\/wp-content\/uploads\/2024\/11\/Skip-the-Line-Tickets-to-Topkapi-Palace-Harem-with-Audio-Guide-3-1024x624.png&quot;,&quot;height&quot;:624,&quot;width&quot;:1024,&quot;orientation&quot;:&quot;landscape&quot;},&quot;full&quot;:{&quot;url&quot;:&quot;https:\/\/topkapipalace.gen.tr\/wp-content\/uploads\/2024\/11\/Skip-the-Line-Tickets-to-Topkapi-Palace-Harem-with-Audio-Guide-3.png&quot;,&quot;height&quot;:892,&quot;width&quot;:1464,&quot;orientation&quot;:&quot;landscape&quot;}}\" style=\"\" loading=\"lazy\"><\/span><\/p>\n<h1 data-qa-marker=\"product-name\">Topkapi Palast Online Ticket: Schnelleinlass mit Audioguide + Harem<\/h1>\n<h2><a href=\"https:\/\/www.headout.com\/r\/most-amazing-placesrecommends-WPDhq\/\" target=\"_blank\" rel=\"nofollow noopener\" style=\"outline: none;\">Zur Buchung<\/a><\/h2>\n<h1><a href=\"https:\/\/www.headout.com\/r\/most-amazing-placesrecommends-WPDhq\/\" target=\"_blank\" rel=\"nofollow noopener\" style=\"outline: none;\" spellcheck=\"false\"><span style=\"font-weight: normal;\">Ab 64,90 \u20ac<\/span><\/a><\/h1>\n<p data-pm-slice=\"1 1 []\">Erleben Sie die Pracht des Osmanischen Reichs mit einem <strong>Online-Ticket mit Schnelleinlass f\u00fcr den Topkapi Palast u<\/strong>nd Zugang zum legend\u00e4ren <strong>Harem<\/strong>. Dank des praktischen <strong>Audioguides in zehn Sprachen <\/strong>k\u00f6nnen Sie in die faszinierende Geschichte dieses historischen Ortes eintauchen.<\/p>\n<ul>\n<li style=\"\"><span>Handverlesenes Tickets<\/span><\/li>\n<li style=\"\"><span>Audioguide in Deutsch<\/span><\/li>\n<li style=\"\"><!--! Font Awesome Free 6.7.1 by @fontawesome - https:\/\/fontawesome.com License - https:\/\/fontawesome.com\/license\/free (Icons: CC BY 4.0, Fonts: SIL OFL 1.1, Code: MIT License) Copyright 2024 Fonticons, Inc. --><span>Digitales Ticket<\/span><\/li>\n<li style=\"\"><span>Schnelleinlass<\/span><\/li>\n<li style=\"\"><span>Kostenlose Stornierung<\/span><\/li>\n<\/ul>\n<h2>Inbegriffen<\/h2>\n<ul>\n<li style=\"\">                    <span>Schnelleinlass in den Topkap\u0131 Palast<\/span><\/li>\n<li><span>Zugang zum Harem<\/span><\/li>\n<li><span>Audioguide auf Deutsch, Englisch, Franz\u00f6sisch, Italienisch und Spanisch<\/span><\/li>\n<li><span>Die Dienste eines Vertreters, der Sie zum Eingang f\u00fchrt<\/span><\/li>\n<li><span>2 -st\u00fcndige gef\u00fchrte Tour durch den Topkap\u0131-Palast und Versunkenen Palast mit Tickets (optional)<\/span><\/li>\n<li><span>Englischsprachiger Reiseleiter (optional)<\/span><\/li>\n<\/ul>\n<h2>Nicht inbegriffen<\/h2>\n<ul>\n<li style=\"\"><span>Reiseleiter<\/span><\/li>\n<li style=\"\"><span>\u00dcberspringen der Sicherheitskontrolle<\/span><\/li>\n<li><span>Kopfh\u00f6rer<\/span><\/li>\n<\/ul>\n<h2>Wichtige Hinweise<\/h2>\n<ul>\n<li style=\"\"><span><strong>Wichtig<\/strong>: Ein Mitarbeiter begleitet Sie zum Palast \u2013 ein alleiniger Eintritt ist nicht m\u00f6glich.<\/span><\/li>\n<li><span>Bitte seien Sie 15 Minuten vor Ihrer gebuchten Uhrzeit am angegebenen Treffpunkt.<\/span><\/li>\n<li style=\"\"><span>Dies ist keine gef\u00fchrte Tour. Sie treffen lediglich den Vertreter, der Ihnen das Ticket \u00fcberreicht.<\/span><\/li>\n<li style=\"\"><span>Bitte laden Sie die Audioguide-App vor Ihrer Ankunft herunter, da es vor Ort nur eingeschr\u00e4nktes Internet gibt.<\/span><\/li>\n<li><span>Bringen Sie eigene Kopfh\u00f6rer f\u00fcr die Nutzung des Audioguides mit.<\/span><\/li>\n<li><span>Schnelleinlass-Tickets gelten nicht f\u00fcr die Sicherheitskontrolle.<\/span><\/li>\n<li><span>Nach dem Eintritt k\u00f6nnen Sie den Palast bis zur Schlie\u00dfzeit um 17:00 Uhr in Ihrem eigenen Tempo besichtigen.<\/span><\/li>\n<\/ul>\n<h2>Beschreibung:<\/h2>\n<p data-pm-slice=\"1 1 []\">Besuchen Sie den<strong> pr\u00e4chtigen Topkap\u0131 Palast, <\/strong>jahrhundertelang das Machtzentrum der osmanischen Sultane, und entdecken Sie<strong> seine Sch\u00e4tze in Ihrem eigenen Tempo.<\/strong> <\/p>\n<p data-pm-slice=\"1 1 []\">Bestaunen Sie die prunkvollen <strong>R\u00e4ume des Harems,<\/strong> erfahren Sie mehr \u00fcber die osmanische Geschichte mit Ihrem mehrsprachigen <strong>Audioguide<\/strong> und bewundern Sie die kunstvolle Architektur, die den luxuri\u00f6sen Geist dieser Epoche widerspiegelt.<\/p>\n<h2>Highlights:<\/h2>\n<ul>\n<li data-pm-slice=\"1 1 []\">Umgehen Sie die lange Warteschlange und betreten Sie die ber\u00fchmteste historische St\u00e4tte der T\u00fcrkei<\/li>\n<li>Entdecken Sie osmanische Sch\u00e4tze, darunter kostbare Juwelen und Artefakte<\/li>\n<li>Spazieren Sie durch \u00fcppige Palastg\u00e4rten und prachtvolle Pavillons<\/li>\n<li>Erhalten Sie spannende Einblicke mit einem Audioguide in 10 Sprachen<\/li>\n<\/ul>\n<h2>Topkapi Palast&nbsp;<\/h2>\n<p dir=\"ltr\">Binbirdirek, Sultan Ahmet Park\u0131 No:2, 34122 Fatih\/\u0130stanbul<\/p>\n<h2>Stornierungsbedingungen<\/h2>\n<p data-pm-slice=\"1 1 []\">Kostenlose Stornierung bis 24 Stunden vor Beginn der Aktivit\u00e4t.<\/p>\n<h2>Treffpunkt &amp; Anweisungen<\/h2>\n<p data-pm-slice=\"1 1 []\">Treffpunkt ist der <strong>Chimney&nbsp;<\/strong><strong>Bistro; <\/strong>Adresse<strong>:&nbsp;<\/strong>Cankurtaran, So\u011fuk \u00c7e\u015fme Sk. No:1, 34122 Fatih\/\u0130stanbul, T\u00fcrkiye. <\/p>\n<p><a href=\"https:\/\/www.google.com\/maps\/place\/Chimney+Bistro\/@41.0102425,28.9791477,700m\/data=!3m2!1e3!4b1!4m6!3m5!1s0x14cab96f05d83cfd:0xbcc4cf60c55b0486!8m2!3d41.0102425!4d28.9791477!16s%2Fg%2F11vrwtrjp2?entry=ttu&amp;g_ep=EgoyMDI1MDcyOC4wIKXMDSoASAFQAw%3D%3D\" target=\"_blank\" rel=\"nofollow noopener\" style=\"outline: none;\" spellcheck=\"false\">Open in Maps<\/a><\/p>\n<h2>Bewertungen<\/h2>\n<p><strong>4.1\/ 5&nbsp;<\/strong><strong>(6800+ Bewertungen)<\/strong><\/p>\n<p><em>&#8222;Die Besichtigung des Kaiserpalastes und des Harems war einfach fantastisch. Der Fremdenf\u00fchrer empfing uns zur vereinbarten Zeit und f\u00fchrte uns durch das gesamte Gel\u00e4nde, zeigte uns alles und lie\u00df uns dann den Palast auf eigene Faust besichtigen. Eine Erfahrung, die man nicht verpassen sollte. &#8211;&nbsp;<\/em>Giuseppe, Juli 2025 <a href=\"https:\/\/www.headout.com\/r\/most-amazing-placesrecommends-WPDhq\/\" target=\"_blank\" rel=\"nofollow noopener\" style=\"outline: none;\" data-lt-tmp-id=\"lt-596355\" spellcheck=\"false\">&gt;&gt; Weitere Bewertungen<\/a><\/p>\n<h2>Weitere Aktivit\u00e4ten, f\u00fcr die Sie sich interessieren k\u00f6nnten<\/h2>\n<p><span>#<\/span><strong><span>2<\/span><\/strong><span>#<\/span><strong><span>2<\/span><\/strong><span><img decoding=\"async\" alt=\"\" data-id=\"2455\" width=\"159\" data-init-width=\"1200\" height=\"87\" data-init-height=\"678\" src=\"https:\/\/topkapipalace.gen.tr\/wp-content\/uploads\/2024\/06\/Hagia-Sophia-Blue-Mosque-Topkapi-Palace-Basilica-Cistern-Tickets.webp\" data-width=\"159\" data-height=\"87\" style=\"aspect-ratio: auto 1200 \/ 678;\" loading=\"lazy\" title=\"Hagia Sophia, Blue Mosque, Topkapi Palace, Basilica Cistern Tickets\" data-><\/span><\/p>\n<table>\n<tbody>\n<tr>\n<td><a href=\"https:\/\/megapass.com\/tours-tickets\/istanbul-vip-combo-ticket-i705?discountCode=ma-places\" target=\"_blank\" rel=\"nofollow noopener\" style=\"outline: none;\" spellcheck=\"false\">Kombiticket: Topkapi Palast, Hagia Sophia &amp; Versunkener Palast <\/a><\/td>\n<\/tr>\n<\/tbody>\n<\/table>\n<p data-pm-slice=\"1 1 []\">Maximale Ersparnis mit diesem 3-in-1-Kombiticket! Erkunden Sie Istanbuls ber\u00fchmten Topkapi-Palast, die Hagia Sophia und die Cisterna Basilica in Ihrem eigenen Tempo.<\/p>\n<h3 style=\"\">Preis<\/h3>\n<h3>Ihnen werden noch keine Kosten berechnet<\/h3>\n<p><span>#<\/span><strong><span>2<\/span><\/strong><span><img decoding=\"async\" alt=\"Dolmabahce Palace, Hagia Sophia, Basilica Cistern Tickets\" data-id=\"2746\" width=\"159\" data-init-width=\"300\" height=\"113\" data-init-height=\"214\" src=\"https:\/\/topkapipalace.gen.tr\/wp-content\/uploads\/2024\/09\/Dolmabahce-Palace-Hagia-Sophia-Basilica-Cistern-Tickets-300x214.png\" data-width=\"159\" data-height=\"113\" style=\"aspect-ratio: auto 300 \/ 214;\" loading=\"lazy\" data- title=\"\"><\/span><\/p>\n<table>\n<tbody>\n<tr>\n<td><a href=\"https:\/\/megapass.com\/tours-tickets\/basilica-cistern-topkapi-palace-tickets-i2093?discountCode=ma-places\" target=\"_blank\" rel=\"nofollow noopener\" style=\"outline: none;\" data-lt-tmp-id=\"lt-730773\" spellcheck=\"false\">Versunkener Palast &amp; Topkapi Palast Tickets<\/a><\/td>\n<\/tr>\n<\/tbody>\n<\/table>\n<p data-pm-slice=\"1 1 []\">Sparen Sie mehr mit diesem 2-in-1-Kombiticket! Erkunden Sie den ber\u00fchmten Topkap\u0131-Palast und die beeindruckende Cisterna Basilica in Ihrem eigenen Tempo mit Tickets mit Schnelleinlass und Audioguide.<\/p>\n<h3 style=\"\">Preis<\/h3>\n<h3>Ihnen werden noch keine Kosten berechnet<\/h3>\n<\/p>\n<h2><a href=\"https:\/\/www.headout.com\/r\/most-amazing-placesrecommends-WPDhq\/\" target=\"_blank\" rel=\"nofollow noopener\" style=\"outline: none;\">Zur Buchung<\/a><\/h2>\n<h1><a href=\"https:\/\/www.headout.com\/r\/most-amazing-placesrecommends-WPDhq\/\" target=\"_blank\" rel=\"nofollow noopener\" style=\"outline: none;\"><span style=\"font-weight: normal;\">Ab<\/span> 64,90 \u20ac<\/a><\/h1>\n<h3><span style=\"font-weight: normal;\">Ihnen werden noch keine Kosten berechnet<\/span><\/h3>\n","protected":false},"excerpt":{"rendered":"<p>Topkapi Palast Online Ticket: Schnelleinlass mit Audioguide + Harem Zur Buchung Ab 64,90 \u20ac Erleben Sie die Pracht des Osmanischen Reichs mit einem Online-Ticket mit Schnelleinlass f\u00fcr den Topkapi Palast und Zugang zum legend\u00e4ren Harem. Dank des praktischen Audioguides in zehn Sprachen k\u00f6nnen Sie in die faszinierende Geschichte dieses historischen Ortes eintauchen. Handverlesenes Tickets Audioguide [&hellip;]<\/p>\n","protected":false},"author":5,"featured_media":2458,"parent":0,"menu_order":0,"comment_status":"closed","ping_status":"closed","template":"","meta":{"footnotes":""},"class_list":["post-3303","page","type-page","status-publish","has-post-thumbnail","hentry","post-wrapper","thrv_wrapper"],"wp-worthy-pixel":{"ignored":false,"public":null,"server":null,"url":null},"wp-worthy-type":"normal","_links":{"self":[{"href":"https:\/\/topkapipalace.gen.tr\/de\/wp-json\/wp\/v2\/pages\/3303","targetHints":{"allow":["GET"]}}],"collection":[{"href":"https:\/\/topkapipalace.gen.tr\/de\/wp-json\/wp\/v2\/pages"}],"about":[{"href":"https:\/\/topkapipalace.gen.tr\/de\/wp-json\/wp\/v2\/types\/page"}],"author":[{"embeddable":true,"href":"https:\/\/topkapipalace.gen.tr\/de\/wp-json\/wp\/v2\/users\/5"}],"replies":[{"embeddable":true,"href":"https:\/\/topkapipalace.gen.tr\/de\/wp-json\/wp\/v2\/comments?post=3303"}],"version-history":[{"count":15,"href":"https:\/\/topkapipalace.gen.tr\/de\/wp-json\/wp\/v2\/pages\/3303\/revisions"}],"predecessor-version":[{"id":4239,"href":"https:\/\/topkapipalace.gen.tr\/de\/wp-json\/wp\/v2\/pages\/3303\/revisions\/4239"}],"wp:featuredmedia":[{"embeddable":true,"href":"https:\/\/topkapipalace.gen.tr\/de\/wp-json\/wp\/v2\/media\/2458"}],"wp:attachment":[{"href":"https:\/\/topkapipalace.gen.tr\/de\/wp-json\/wp\/v2\/media?parent=3303"}],"curies":[{"name":"wp","href":"https:\/\/api.w.org\/{rel}","templated":true}]}}