{"id":2983,"date":"2024-11-05T12:45:22","date_gmt":"2024-11-05T12:45:22","guid":{"rendered":"https:\/\/topkapipalace.gen.tr\/affiliate-disclosure\/"},"modified":"2024-11-05T14:28:11","modified_gmt":"2024-11-05T14:28:11","slug":"offenlegung-der-affiliate-partner","status":"publish","type":"page","link":"https:\/\/topkapipalace.gen.tr\/de\/offenlegung-der-affiliate-partner\/","title":{"rendered":"Offenlegung der Affiliate-Partner"},"content":{"rendered":"<h1><span data-attr-id=\"the_title\" data-extra_key=\"the_title\" data-option-inline=\"1\" data-shortcode=\"thrv_dynamic_data_content\" data-shortcode-name=\"Post title\">Offenlegung der Affiliate-Partner<\/span><\/h1>\n<p><span data-tcb-events=\"\"><img width=\"1300\" height=\"800\" src=\"https:\/\/topkapipalace.gen.tr\/wp-content\/uploads\/2023\/05\/topkapi-palace-vip-ticket-2618.jpg\" alt=\"Affiliate Disclosure\" title=\"undefined\" data-id=\"1685\" data-d-f=\"featured\" loading=\"lazy\" decoding=\"async\" \/><\/span><\/p>\n<p>Unser Ziel bei TopkapiPalace.gen.tr ist es, qualitativ hochwertige Reiseinhalte bereitzustellen, die Ihnen bei der Planung und dem Genuss Ihrer Reisen helfen. Um unsere Bem\u00fchungen zur Pflege und Erweiterung dieser Website zu unterst\u00fctzen, verwenden wir in allen unseren Inhalten Affiliate-Links. Das bedeutet, dass wir m\u00f6glicherweise eine kleine Provision erhalten, wenn Sie sich f\u00fcr einen Kauf \u00fcber einige der Links auf unserer Website entscheiden.<\/p>\n<p>F\u00fcr Sie entstehen dadurch keine zus\u00e4tzlichen Kosten und es hilft uns, die Inhalte kostenlos und aktuell zu halten.<\/p>\n<\/p>\n<h2>Warum wir Affiliate-Links verwenden<\/h2>\n<p>Der Betrieb einer Website erfordert Zeit und Ressourcen, und Affiliate-Partnerschaften erm\u00f6glichen es uns, unsere Arbeit zu finanzieren. Bitte beachten Sie, dass wir ausschlie\u00dflich Produkte, Touren,<\/p>\n<p>und Dienstleistungen, von denen wir wirklich glauben, dass sie Ihr Reiseerlebnis bereichern werden. Wir w\u00e4hlen unsere Affiliate-Partner sorgf\u00e4ltig aus und pr\u00fcfen sie, um sicherzustellen, dass sie den Standards und Interessen unserer Leser entsprechen.<\/p>\n<\/p>\n<h2>Affiliate-Partner<\/h2>\n<p>Zu unseren vertrauensw\u00fcrdigen Affiliate-Partnern geh\u00f6ren:<\/p>\n<li dir=\"ltr\">GetYourGuide<\/li>\n<li dir=\"ltr\">Tiqets<\/li>\n<li dir=\"ltr\">Headout<\/li>\n<li dir=\"ltr\">Viator<\/li>\n<li dir=\"ltr\">Platinumlist<\/li>\n<li dir=\"ltr\">Civitatis<\/li>\n<li dir=\"ltr\">Holafly<\/li>\n<li dir=\"ltr\">Booking.com<\/li>\n<li dir=\"ltr\">Megapass<\/li>\n<li dir=\"ltr\">Musement<\/li>\n<p>Bitte beachten Sie, dass wir diese Liste m\u00f6glicherweise aktualisieren, wenn wir mit neuen Unternehmen zusammenarbeiten, denen wir vertrauen und die wir empfehlen.<\/p>\n<\/p>\n<h2>Verpflichtung zur Ehrlichkeit<\/h2>\n<p>Wir m\u00f6chten, dass Sie sich auf unsere Empfehlungen verlassen k\u00f6nnen. Das Verdienen einer Provision tr\u00e4gt zwar dazu bei, unsere Arbeit zu unterst\u00fctzen, hat jedoch keinen Einfluss auf die Inhalte, Themen oder Produkte, die wir empfehlen.<\/p>\n<p>Unser Hauptaugenmerk liegt darauf, hilfreiche, ehrliche und genaue Informationen f\u00fcr Ihre Reisen bereitzustellen. Jedes Produkt oder jede Dienstleistung, die wir empfehlen, w\u00fcrden wir pers\u00f6nlich nutzen oder Freunden und Familie empfehlen.<\/p>\n<\/p>\n<h2>Ihr Support ist wichtig<\/h2>\n<p>Durch die Nutzung unserer Affiliate-Links unterst\u00fctzen Sie die Inhalte und Ressourcen, die wir hier auf TopkapiPalace.gen.tr anbieten.<\/p>\n<p>und wir sind unglaublich dankbar f\u00fcr Ihr Vertrauen und Ihre Unterst\u00fctzung. Dadurch k\u00f6nnen wir Ihnen weiterhin Tipps, Anleitungen und Empfehlungen geben, von denen wir hoffen, dass sie Ihre Reiseerlebnisse bereichern.<\/p>\n<p>Wenn Sie Fragen oder Bedenken zu unseren Affiliate-Partnerschaften oder Inhalten haben, k\u00f6nnen Sie sich gerne an uns wenden.<\/p>\n<p><span><span>                    <\/span><\/span><span>Search<\/span><\/p>\n<p><strong>SEITEN<\/strong><\/p>\n<p style=\"\"><a href=\"https:\/\/topkapipalace.gen.tr\/de\/uber-den-topkapi-palast\/\" style=\"outline: none;\">\u00dcberblick&nbsp;<\/a><\/p>\n<p style=\"\"><a href=\"https:\/\/topkapipalace.gen.tr\/de\/topkapi-palast-geschichte\/\" style=\"outline: none;\">Geschichte<\/a><\/p>\n<p style=\"\"><a href=\"https:\/\/topkapipalace.gen.tr\/de\/topkapi-palast-innen\/\" style=\"outline: none;\">Von Innen<\/a><\/p>\n<p style=\"\"><a href=\"https:\/\/topkapipalace.gen.tr\/de\/topkapi-palast-harem\/\" style=\"outline: none;\">Harem<\/a><\/p>\n<p style=\"\"><a href=\"https:\/\/topkapipalace.gen.tr\/de\/topkapi-palast-offnungszeiten\/\" style=\"outline: none;\">\u00d6ffnungszeiten<\/a><\/p>\n<p style=\"\"><a href=\"https:\/\/topkapipalace.gen.tr\/de\/anfahrt-zum-topkapi-palast\/\" style=\"outline: none;\">Anfahrt<\/a><\/p>\n<p style=\"\"><a href=\"https:\/\/topkapipalace.gen.tr\/de\/topkapi-palast-fuhrung\/\" style=\"outline: none;\" data-lt-tmp-id=\"lt-217558\" spellcheck=\"false\">Tickets &amp; F\u00fchrungen<\/a><\/p>\n<p style=\"\"><a href=\"https:\/\/topkapipalace.gen.tr\/de\/haufig-gestellte-fragen\/\" style=\"outline: none;\">FAQ<\/a><\/p>\n","protected":false},"excerpt":{"rendered":"<p>Offenlegung der Affiliate-Partner Unser Ziel bei TopkapiPalace.gen.tr ist es, qualitativ hochwertige Reiseinhalte bereitzustellen, die Ihnen bei der Planung und dem Genuss Ihrer Reisen helfen. Um unsere Bem\u00fchungen zur Pflege und Erweiterung dieser Website zu unterst\u00fctzen, verwenden wir in allen unseren Inhalten Affiliate-Links. Das bedeutet, dass wir m\u00f6glicherweise eine kleine Provision erhalten, wenn Sie sich f\u00fcr [&hellip;]<\/p>\n","protected":false},"author":9,"featured_media":1685,"parent":0,"menu_order":0,"comment_status":"closed","ping_status":"closed","template":"","meta":{"footnotes":""},"class_list":["post-2983","page","type-page","status-publish","has-post-thumbnail","hentry","post-wrapper","thrv_wrapper"],"wp-worthy-pixel":{"ignored":false,"public":null,"server":null,"url":null},"wp-worthy-type":"normal","_links":{"self":[{"href":"https:\/\/topkapipalace.gen.tr\/de\/wp-json\/wp\/v2\/pages\/2983","targetHints":{"allow":["GET"]}}],"collection":[{"href":"https:\/\/topkapipalace.gen.tr\/de\/wp-json\/wp\/v2\/pages"}],"about":[{"href":"https:\/\/topkapipalace.gen.tr\/de\/wp-json\/wp\/v2\/types\/page"}],"author":[{"embeddable":true,"href":"https:\/\/topkapipalace.gen.tr\/de\/wp-json\/wp\/v2\/users\/9"}],"replies":[{"embeddable":true,"href":"https:\/\/topkapipalace.gen.tr\/de\/wp-json\/wp\/v2\/comments?post=2983"}],"version-history":[{"count":5,"href":"https:\/\/topkapipalace.gen.tr\/de\/wp-json\/wp\/v2\/pages\/2983\/revisions"}],"predecessor-version":[{"id":2989,"href":"https:\/\/topkapipalace.gen.tr\/de\/wp-json\/wp\/v2\/pages\/2983\/revisions\/2989"}],"wp:featuredmedia":[{"embeddable":true,"href":"https:\/\/topkapipalace.gen.tr\/de\/wp-json\/wp\/v2\/media\/1685"}],"wp:attachment":[{"href":"https:\/\/topkapipalace.gen.tr\/de\/wp-json\/wp\/v2\/media?parent=2983"}],"curies":[{"name":"wp","href":"https:\/\/api.w.org\/{rel}","templated":true}]}}