{"id":1839,"date":"2022-12-21T11:15:31","date_gmt":"2022-12-21T11:15:31","guid":{"rendered":"http:\/\/topkapipalace.gen.tr\/legal-notice\/"},"modified":"2024-04-02T11:45:54","modified_gmt":"2024-04-02T11:45:54","slug":"haftungsausschluss","status":"publish","type":"page","link":"https:\/\/topkapipalace.gen.tr\/de\/haftungsausschluss\/","title":{"rendered":"Haftungsausschluss"},"content":{"rendered":"<h1>Haftungsausschluss<\/h1>\n<p style=\"\">Plattform der EU-Kommission zur Online-Streitbeilegung: <a href=\"https:\/\/ec.europa.eu\/consumers\/odr\" style=\"outline: none;\" data-lt-tmp-id=\"lt-62150\" spellcheck=\"false\" target=\"_blank\" rel=\"nofollow noopener\">https:\/\/ec.europa.eu\/consumers\/odr<\/a>Wir sind zur Teilnahme an einem Streitbeilegungsverfahren vor einer Verbraucherschlichtungsstelle weder verpflichtet noch bereit.<\/p>\n<p style=\"\"><strong>MOST AMAZING PLACES TANITIM VE T\u0130C. A.\u015e.<\/strong><\/p>\n<p style=\"\">G\u00fcm\u00fc\u015fsuyu Mah. \u0130n\u00f6n\u00fc Cd. Melek Apt, NO: 11, K1 D2, 34437 Beyo\u011flu\/\u0130stanbul&nbsp;<\/p>\n<p style=\"\"><strong>Website: <a href=\"https:\/\/most-amazing-places.com\/\" target=\"_blank\" style=\"outline: none;\" rel=\"noopener nofollow\">https:\/\/most-amazing-places.com\/<\/a><\/strong><\/p>\n","protected":false},"excerpt":{"rendered":"<p>Haftungsausschluss Plattform der EU-Kommission zur Online-Streitbeilegung: https:\/\/ec.europa.eu\/consumers\/odrWir sind zur Teilnahme an einem Streitbeilegungsverfahren vor einer Verbraucherschlichtungsstelle weder verpflichtet noch bereit. MOST AMAZING PLACES TANITIM VE T\u0130C. A.\u015e. G\u00fcm\u00fc\u015fsuyu Mah. \u0130n\u00f6n\u00fc Cd. Melek Apt, NO: 11, K1 D2, 34437 Beyo\u011flu\/\u0130stanbul&nbsp; Website: https:\/\/most-amazing-places.com\/<\/p>\n","protected":false},"author":3,"featured_media":0,"parent":0,"menu_order":0,"comment_status":"closed","ping_status":"closed","template":"","meta":{"footnotes":""},"class_list":["post-1839","page","type-page","status-publish","hentry","post-wrapper","thrv_wrapper"],"wp-worthy-pixel":{"ignored":false,"public":null,"server":null,"url":null},"wp-worthy-type":"normal","_links":{"self":[{"href":"https:\/\/topkapipalace.gen.tr\/de\/wp-json\/wp\/v2\/pages\/1839","targetHints":{"allow":["GET"]}}],"collection":[{"href":"https:\/\/topkapipalace.gen.tr\/de\/wp-json\/wp\/v2\/pages"}],"about":[{"href":"https:\/\/topkapipalace.gen.tr\/de\/wp-json\/wp\/v2\/types\/page"}],"author":[{"embeddable":true,"href":"https:\/\/topkapipalace.gen.tr\/de\/wp-json\/wp\/v2\/users\/3"}],"replies":[{"embeddable":true,"href":"https:\/\/topkapipalace.gen.tr\/de\/wp-json\/wp\/v2\/comments?post=1839"}],"version-history":[{"count":7,"href":"https:\/\/topkapipalace.gen.tr\/de\/wp-json\/wp\/v2\/pages\/1839\/revisions"}],"predecessor-version":[{"id":2369,"href":"https:\/\/topkapipalace.gen.tr\/de\/wp-json\/wp\/v2\/pages\/1839\/revisions\/2369"}],"wp:attachment":[{"href":"https:\/\/topkapipalace.gen.tr\/de\/wp-json\/wp\/v2\/media?parent=1839"}],"curies":[{"name":"wp","href":"https:\/\/api.w.org\/{rel}","templated":true}]}}